{"id":1187,"date":"2025-09-28T06:52:59","date_gmt":"2025-09-28T06:52:59","guid":{"rendered":"https:\/\/uhmwpemanufacture.com\/?post_type=product&#038;p=1187"},"modified":"2025-09-28T06:52:59","modified_gmt":"2025-09-28T06:52:59","slug":"uhmwpe-temporary-road-construction-mud-ground-quick-mat","status":"publish","type":"product","link":"https:\/\/uhmwpemanufacture.com\/pt\/uhmwpe-temporary-road-construction-mud-ground-quick-mat\/","title":{"rendered":"Tapete r\u00e1pido de lama para constru\u00e7\u00e3o de estradas tempor\u00e1rias Uhmwpe"},"content":{"rendered":"<h2>Tapete de lama tempor\u00e1rio para constru\u00e7\u00e3o de estradas UHMWPE<\/h2>\n<p>Os tapetes de estrada de curta dura\u00e7\u00e3o em UHMWPE foram concebidos para prestar assist\u00eancia segura e est\u00e1vel ao solo em ambientes dif\u00edceis. Com uma elevada capacidade de carga e resist\u00eancia \u00e0 utiliza\u00e7\u00e3o, estes revestimentos de piso evitam que o equipamento se afunde na lama ou numa superf\u00edcie macia. Leves mas resistentes, podem ser rapidamente utilizados para criar estradas tempor\u00e1rias, plataformas de trabalho ou meios de acesso a eventos. A superf\u00edcie antiderrapante distinta garante uma ader\u00eancia fi\u00e1vel, enquanto a sua resist\u00eancia qu\u00edmica os torna adequados para a constru\u00e7\u00e3o, campos petrol\u00edferos, minas e ocasi\u00f5es exteriores. Recicl\u00e1veis e muito f\u00e1ceis de arrumar, estes revestimentos para pavimentos proporcionam servi\u00e7os econ\u00f3micos e ecol\u00f3gicos para aplica\u00e7\u00f5es procuradas de seguran\u00e7a no solo.<\/p>","protected":false},"excerpt":{"rendered":"<p>Os tapetes de estrada tempor\u00e1rios UHMWPE proporcionam um forte apoio ao solo em lama, areia e terreno macio. F\u00e1ceis de utilizar, antiderrapantes, reutiliz\u00e1veis e ideais para constru\u00e7\u00e3o, explora\u00e7\u00e3o mineira e eventos.<\/p>","protected":false},"featured_media":1191,"template":"","meta":{"_gspb_post_css":""},"product_brand":[],"product_cat":[24,25],"product_tag":[160,162,161],"class_list":{"0":"post-1187","1":"product","2":"type-product","3":"status-publish","4":"has-post-thumbnail","6":"product_cat-ground-protection-road-mats","7":"product_cat-quick-mats","8":"product_tag-construction-access-mats","9":"product_tag-temporary-ground-protection","10":"product_tag-uhmwpe-road-mats","12":"first","13":"instock","14":"shipping-taxable","15":"product-type-simple"},"_links":{"self":[{"href":"https:\/\/uhmwpemanufacture.com\/pt\/wp-json\/wp\/v2\/product\/1187","targetHints":{"allow":["GET"]}}],"collection":[{"href":"https:\/\/uhmwpemanufacture.com\/pt\/wp-json\/wp\/v2\/product"}],"about":[{"href":"https:\/\/uhmwpemanufacture.com\/pt\/wp-json\/wp\/v2\/types\/product"}],"wp:featuredmedia":[{"embeddable":true,"href":"https:\/\/uhmwpemanufacture.com\/pt\/wp-json\/wp\/v2\/media\/1191"}],"wp:attachment":[{"href":"https:\/\/uhmwpemanufacture.com\/pt\/wp-json\/wp\/v2\/media?parent=1187"}],"wp:term":[{"taxonomy":"product_brand","embeddable":true,"href":"https:\/\/uhmwpemanufacture.com\/pt\/wp-json\/wp\/v2\/product_brand?post=1187"},{"taxonomy":"product_cat","embeddable":true,"href":"https:\/\/uhmwpemanufacture.com\/pt\/wp-json\/wp\/v2\/product_cat?post=1187"},{"taxonomy":"product_tag","embeddable":true,"href":"https:\/\/uhmwpemanufacture.com\/pt\/wp-json\/wp\/v2\/product_tag?post=1187"}],"curies":[{"name":"wp","href":"https:\/\/api.w.org\/{rel}","templated":true}]}}