{"id":1195,"date":"2025-09-28T06:57:49","date_gmt":"2025-09-28T06:57:49","guid":{"rendered":"https:\/\/uhmwpemanufacture.com\/?post_type=product&#038;p=1195"},"modified":"2025-09-28T06:57:49","modified_gmt":"2025-09-28T06:57:49","slug":"custom-professional-plastic-injection-molding-pp-pe-product","status":"publish","type":"product","link":"https:\/\/uhmwpemanufacture.com\/pt\/custom-professional-plastic-injection-molding-pp-pe-product\/","title":{"rendered":"Moldagem por inje\u00e7\u00e3o de pl\u00e1stico Pp Pe produto profissional personalizado"},"content":{"rendered":"<h2>Produto profissional personalizado de moldagem por inje\u00e7\u00e3o de pl\u00e1stico PP PE<\/h2>\n<p>Os nossos artigos personalizados de moldagem por inje\u00e7\u00e3o de PP e PE s\u00e3o criados para precis\u00e3o, longevidade e conveni\u00eancia em v\u00e1rios sectores. Fabricados com tecnologia de moldagem avan\u00e7ada, garantem um desempenho regular e uma excelente qualidade de revestimento. Estes componentes de pl\u00e1stico s\u00e3o leves mas s\u00f3lidos, resistentes ao desgaste, ao impacto e aos produtos qu\u00edmicos, o que os torna adequados para aplica\u00e7\u00f5es autom\u00f3veis, electr\u00f3nicas, de embalagem de produtos e industriais. Os rem\u00e9dios personalizados podem ser criados em diferentes formas, dimens\u00f5es e tonalidades para satisfazer as necessidades especiais dos clientes. Adequadas para grandes produ\u00e7\u00f5es, estas pe\u00e7as moldadas proporcionam um elevado desempenho, uma boa rela\u00e7\u00e3o custo-benef\u00edcio e a fiabilidade procurada nas configura\u00e7\u00f5es.<\/p>","protected":false},"excerpt":{"rendered":"<p>Produtos personalizados de moldagem por inje\u00e7\u00e3o de pl\u00e1stico PP e PE com elevada precis\u00e3o, durabilidade e resist\u00eancia qu\u00edmica. Dispon\u00edveis em v\u00e1rias formas, tamanhos e cores, s\u00e3o ideais para aplica\u00e7\u00f5es autom\u00f3veis, electr\u00f3nicas, de embalagem e industriais que exigem um desempenho fi\u00e1vel.<\/p>","protected":false},"featured_media":1201,"template":"","meta":{"_gspb_post_css":""},"product_brand":[],"product_cat":[35],"product_tag":[165,163,164],"class_list":{"0":"post-1195","1":"product","2":"type-product","3":"status-publish","4":"has-post-thumbnail","6":"product_cat-pp-pe-products","7":"product_tag-custom-plastic-products","8":"product_tag-plastic-injection-molding","9":"product_tag-pp-pe-molded-parts","11":"first","12":"instock","13":"shipping-taxable","14":"product-type-simple"},"_links":{"self":[{"href":"https:\/\/uhmwpemanufacture.com\/pt\/wp-json\/wp\/v2\/product\/1195","targetHints":{"allow":["GET"]}}],"collection":[{"href":"https:\/\/uhmwpemanufacture.com\/pt\/wp-json\/wp\/v2\/product"}],"about":[{"href":"https:\/\/uhmwpemanufacture.com\/pt\/wp-json\/wp\/v2\/types\/product"}],"wp:featuredmedia":[{"embeddable":true,"href":"https:\/\/uhmwpemanufacture.com\/pt\/wp-json\/wp\/v2\/media\/1201"}],"wp:attachment":[{"href":"https:\/\/uhmwpemanufacture.com\/pt\/wp-json\/wp\/v2\/media?parent=1195"}],"wp:term":[{"taxonomy":"product_brand","embeddable":true,"href":"https:\/\/uhmwpemanufacture.com\/pt\/wp-json\/wp\/v2\/product_brand?post=1195"},{"taxonomy":"product_cat","embeddable":true,"href":"https:\/\/uhmwpemanufacture.com\/pt\/wp-json\/wp\/v2\/product_cat?post=1195"},{"taxonomy":"product_tag","embeddable":true,"href":"https:\/\/uhmwpemanufacture.com\/pt\/wp-json\/wp\/v2\/product_tag?post=1195"}],"curies":[{"name":"wp","href":"https:\/\/api.w.org\/{rel}","templated":true}]}}