{"id":1204,"date":"2025-09-28T07:03:34","date_gmt":"2025-09-28T07:03:34","guid":{"rendered":"https:\/\/uhmwpemanufacture.com\/?post_type=product&#038;p=1204"},"modified":"2025-09-28T07:03:34","modified_gmt":"2025-09-28T07:03:34","slug":"custom-environmentally-ice-rink-floor-mat-skating-panel","status":"publish","type":"product","link":"https:\/\/uhmwpemanufacture.com\/pt\/custom-environmentally-ice-rink-floor-mat-skating-panel\/","title":{"rendered":"Painel de patinagem ambiental personalizado para pista de gelo"},"content":{"rendered":"<h2>Painel de Patinagem para Pista de Gelo feito \u00e0 medida e amigo do ambiente<\/h2>\n<p>Os nossos tapetes personalizados para pistas de gelo s\u00e3o feitos de materiais dur\u00e1veis e amigos do ambiente, desenvolvidos para duplicar o deslize do gelo genu\u00edno sem a necessidade de refrigera\u00e7\u00e3o. Estes pain\u00e9is de patinagem oferecem uma excelente resist\u00eancia ao desgaste, pouca fric\u00e7\u00e3o e uma longa vida \u00fatil, o que os torna \u00f3ptimos para centros de forma\u00e7\u00e3o, pistas de entretenimento e instala\u00e7\u00f5es para ocasi\u00f5es de curta dura\u00e7\u00e3o. Com disposi\u00e7\u00f5es entrela\u00e7adas, permitem uma instala\u00e7\u00e3o r\u00e1pida e uma manuten\u00e7\u00e3o f\u00e1cil, enquanto as suas propriedades residenciais ou comerciais resistentes \u00e0s intemp\u00e9ries permitem uma utiliza\u00e7\u00e3o tanto no interior como no exterior. Prontamente dispon\u00edveis em dimens\u00f5es e densidades ajust\u00e1veis, estes pain\u00e9is proporcionam uma experi\u00eancia de patinagem duradoura, econ\u00f3mica e segura para atletas profissionais e fan\u00e1ticos.<\/p>","protected":false},"excerpt":{"rendered":"<p>Os tapetes personalizados e ecol\u00f3gicos para pistas de gelo proporcionam um deslizar suave, semelhante ao gelo, sem refrigera\u00e7\u00e3o. Dur\u00e1veis, resistentes \u00e0s intemp\u00e9ries e f\u00e1ceis de instalar, s\u00e3o ideais para treinos, pistas recreativas e eventos, oferecendo uma solu\u00e7\u00e3o de patinagem segura e sustent\u00e1vel no interior ou no exterior.<\/p>","protected":false},"featured_media":1209,"template":"","meta":{"_gspb_post_css":""},"product_brand":[],"product_cat":[29,32],"product_tag":[166,167,168],"class_list":{"0":"post-1204","1":"product","2":"type-product","3":"status-publish","4":"has-post-thumbnail","6":"product_cat-ice-rink-products","7":"product_cat-ice-synthetic-panels","8":"product_tag-ice-rink-floor-mat","9":"product_tag-skating-panels","10":"product_tag-synthetic-ice-flooring","12":"first","13":"instock","14":"shipping-taxable","15":"product-type-simple"},"_links":{"self":[{"href":"https:\/\/uhmwpemanufacture.com\/pt\/wp-json\/wp\/v2\/product\/1204","targetHints":{"allow":["GET"]}}],"collection":[{"href":"https:\/\/uhmwpemanufacture.com\/pt\/wp-json\/wp\/v2\/product"}],"about":[{"href":"https:\/\/uhmwpemanufacture.com\/pt\/wp-json\/wp\/v2\/types\/product"}],"wp:featuredmedia":[{"embeddable":true,"href":"https:\/\/uhmwpemanufacture.com\/pt\/wp-json\/wp\/v2\/media\/1209"}],"wp:attachment":[{"href":"https:\/\/uhmwpemanufacture.com\/pt\/wp-json\/wp\/v2\/media?parent=1204"}],"wp:term":[{"taxonomy":"product_brand","embeddable":true,"href":"https:\/\/uhmwpemanufacture.com\/pt\/wp-json\/wp\/v2\/product_brand?post=1204"},{"taxonomy":"product_cat","embeddable":true,"href":"https:\/\/uhmwpemanufacture.com\/pt\/wp-json\/wp\/v2\/product_cat?post=1204"},{"taxonomy":"product_tag","embeddable":true,"href":"https:\/\/uhmwpemanufacture.com\/pt\/wp-json\/wp\/v2\/product_tag?post=1204"}],"curies":[{"name":"wp","href":"https:\/\/api.w.org\/{rel}","templated":true}]}}