{"id":1220,"date":"2025-09-28T07:10:25","date_gmt":"2025-09-28T07:10:25","guid":{"rendered":"https:\/\/uhmwpemanufacture.com\/?post_type=product&#038;p=1220"},"modified":"2025-09-28T07:11:06","modified_gmt":"2025-09-28T07:11:06","slug":"manufacturer-portable-court-floor-tiles-ice-hockey-mat","status":"publish","type":"product","link":"https:\/\/uhmwpemanufacture.com\/pt\/manufacturer-portable-court-floor-tiles-ice-hockey-mat\/","title":{"rendered":"Fabricante Telhas de assoalho do tribunal port\u00e1til Tapete de h\u00f3quei no gelo"},"content":{"rendered":"<h2>Tapete de h\u00f3quei no gelo para campo port\u00e1til Maker<\/h2>\n<p>Os nossos ladrilhos de cer\u00e2mica para pavimentos de campos port\u00e1teis e revestimentos para pavimentos de h\u00f3quei no gelo foram criados para serem pr\u00e1ticos, robustos e f\u00e1ceis de instalar. Produzidos a partir de produtos de alta qualidade, estes ladrilhos cer\u00e2micos entrela\u00e7ados proporcionam uma superf\u00edcie lisa, segura e antiderrapante que se assemelha ao gelo real, tornando-os ideais para treino de h\u00f3quei, pr\u00e1tica de patinagem e utiliza\u00e7\u00e3o multidesportiva. O design modular leve permite uma configura\u00e7\u00e3o e desmontagem r\u00e1pidas, perfeitas para campos de curta dura\u00e7\u00e3o, treinos em casa ou eventos especializados. Imunes \u00e0s condi\u00e7\u00f5es climat\u00e9ricas, ao impacto e ao desgaste, garantem um desempenho fi\u00e1vel no interior e no exterior. Como fornecedor de confian\u00e7a, oferecemos dimens\u00f5es e tonalidades personaliz\u00e1veis para satisfazer as v\u00e1rias necessidades de exibi\u00e7\u00e3o e lazer.<\/p>","protected":false},"excerpt":{"rendered":"<p>Os mosaicos port\u00e1teis para pavimentos de campos e tapetes de h\u00f3quei no gelo proporcionam uma superf\u00edcie suave, duradoura e antiderrapante para treinos e jogos. F\u00e1ceis de instalar e resistentes \u00e0s intemp\u00e9ries, s\u00e3o ideais para treinos em casa, campos tempor\u00e1rios e eventos profissionais, oferecendo um desempenho fi\u00e1vel no interior e no exterior.<\/p>","protected":false},"featured_media":1224,"template":"","meta":{"_gspb_post_css":""},"product_brand":[],"product_cat":[29,31],"product_tag":[171,172,173],"class_list":{"0":"post-1220","1":"product","2":"type-product","3":"status-publish","4":"has-post-thumbnail","6":"product_cat-ice-rink-products","7":"product_cat-hockey-practice-shooting-pads","8":"product_tag-ice-hockey-mat","9":"product_tag-portable-court-tiles","10":"product_tag-sports-flooring-manufacturer","12":"first","13":"instock","14":"shipping-taxable","15":"product-type-simple"},"_links":{"self":[{"href":"https:\/\/uhmwpemanufacture.com\/pt\/wp-json\/wp\/v2\/product\/1220","targetHints":{"allow":["GET"]}}],"collection":[{"href":"https:\/\/uhmwpemanufacture.com\/pt\/wp-json\/wp\/v2\/product"}],"about":[{"href":"https:\/\/uhmwpemanufacture.com\/pt\/wp-json\/wp\/v2\/types\/product"}],"wp:featuredmedia":[{"embeddable":true,"href":"https:\/\/uhmwpemanufacture.com\/pt\/wp-json\/wp\/v2\/media\/1224"}],"wp:attachment":[{"href":"https:\/\/uhmwpemanufacture.com\/pt\/wp-json\/wp\/v2\/media?parent=1220"}],"wp:term":[{"taxonomy":"product_brand","embeddable":true,"href":"https:\/\/uhmwpemanufacture.com\/pt\/wp-json\/wp\/v2\/product_brand?post=1220"},{"taxonomy":"product_cat","embeddable":true,"href":"https:\/\/uhmwpemanufacture.com\/pt\/wp-json\/wp\/v2\/product_cat?post=1220"},{"taxonomy":"product_tag","embeddable":true,"href":"https:\/\/uhmwpemanufacture.com\/pt\/wp-json\/wp\/v2\/product_tag?post=1220"}],"curies":[{"name":"wp","href":"https:\/\/api.w.org\/{rel}","templated":true}]}}