{"id":1229,"date":"2025-09-28T07:15:02","date_gmt":"2025-09-28T07:15:02","guid":{"rendered":"https:\/\/uhmwpemanufacture.com\/?post_type=product&#038;p=1229"},"modified":"2025-09-28T07:15:02","modified_gmt":"2025-09-28T07:15:02","slug":"floorball-rink-dashboard-fence-football-uhmwpe-synthetic","status":"publish","type":"product","link":"https:\/\/uhmwpemanufacture.com\/pt\/floorball-rink-dashboard-fence-football-uhmwpe-synthetic\/","title":{"rendered":"Pista de futebol de sal\u00e3o Cercas de futebol UHMWPE Sint\u00e9tico"},"content":{"rendered":"<h2>Pavimento de futebol de sal\u00e3o Esgrima de futebol UHMWPE Sint\u00e9tico<\/h2>\n<p>As nossas veda\u00e7\u00f5es sint\u00e9ticas UHMWPE para pain\u00e9is de controlo de ringues de floorball s\u00e3o concebidas para serem resistentes, resilientes e seguras em recintos desportivos de alto desempenho. Fabricadas a partir de polietileno de peso molecular ultra-elevado, estas placas resistem a efeitos pesados, fornecendo simultaneamente uma superf\u00edcie lisa e f\u00e1cil de utilizar pelos jogadores. Concebidas para utiliza\u00e7\u00e3o no interior e no exterior, resistem a condi\u00e7\u00f5es climat\u00e9ricas extremas, \u00e0 humidade e \u00e0 utiliza\u00e7\u00e3o sem perderem efici\u00eancia. A estrutura modular permite uma instala\u00e7\u00e3o, manuten\u00e7\u00e3o e personaliza\u00e7\u00e3o simples para se adaptar a v\u00e1rios tamanhos de ringue. Ideais para floorball, locais de treino de futebol e recintos polidesportivos, estas veda\u00e7\u00f5es de painel de controlo proporcionam uma seguran\u00e7a fi\u00e1vel, uma longa vida \u00fatil e uma qualidade superior de n\u00edvel profissional para atletas e instala\u00e7\u00f5es.<\/p>","protected":false},"excerpt":{"rendered":"<p>As veda\u00e7\u00f5es sint\u00e9ticas UHMWPE para pavilh\u00f5es de floorball proporcionam uma forte resist\u00eancia ao impacto e superf\u00edcies lisas para um jogo seguro. Resistentes \u00e0s intemp\u00e9ries e duradouras, s\u00e3o f\u00e1ceis de instalar e ideais para pavilh\u00f5es de floorball, futebol e multidesportos interiores e exteriores.<\/p>","protected":false},"featured_media":1234,"template":"","meta":{"_gspb_post_css":""},"product_brand":[],"product_cat":[29,33],"product_tag":[175,176,174],"class_list":{"0":"post-1229","1":"product","2":"type-product","3":"status-publish","4":"has-post-thumbnail","6":"product_cat-ice-rink-products","7":"product_cat-floor-ball-dasher-boards","8":"product_tag-floorball-rink-boards","9":"product_tag-sports-arena-fencing","10":"product_tag-uhmwpe-dashboard-fence","12":"first","13":"instock","14":"shipping-taxable","15":"product-type-simple"},"_links":{"self":[{"href":"https:\/\/uhmwpemanufacture.com\/pt\/wp-json\/wp\/v2\/product\/1229","targetHints":{"allow":["GET"]}}],"collection":[{"href":"https:\/\/uhmwpemanufacture.com\/pt\/wp-json\/wp\/v2\/product"}],"about":[{"href":"https:\/\/uhmwpemanufacture.com\/pt\/wp-json\/wp\/v2\/types\/product"}],"wp:featuredmedia":[{"embeddable":true,"href":"https:\/\/uhmwpemanufacture.com\/pt\/wp-json\/wp\/v2\/media\/1234"}],"wp:attachment":[{"href":"https:\/\/uhmwpemanufacture.com\/pt\/wp-json\/wp\/v2\/media?parent=1229"}],"wp:term":[{"taxonomy":"product_brand","embeddable":true,"href":"https:\/\/uhmwpemanufacture.com\/pt\/wp-json\/wp\/v2\/product_brand?post=1229"},{"taxonomy":"product_cat","embeddable":true,"href":"https:\/\/uhmwpemanufacture.com\/pt\/wp-json\/wp\/v2\/product_cat?post=1229"},{"taxonomy":"product_tag","embeddable":true,"href":"https:\/\/uhmwpemanufacture.com\/pt\/wp-json\/wp\/v2\/product_tag?post=1229"}],"curies":[{"name":"wp","href":"https:\/\/api.w.org\/{rel}","templated":true}]}}