{"id":1237,"date":"2025-09-28T07:17:45","date_gmt":"2025-09-28T07:17:45","guid":{"rendered":"https:\/\/uhmwpemanufacture.com\/?post_type=product&#038;p=1237"},"modified":"2025-09-28T07:17:45","modified_gmt":"2025-09-28T07:17:45","slug":"custom-plastic-injection-parts-manufacturer-plastic-parts","status":"publish","type":"product","link":"https:\/\/uhmwpemanufacture.com\/pt\/custom-plastic-injection-parts-manufacturer-plastic-parts\/","title":{"rendered":"Pe\u00e7as de inje\u00e7\u00e3o de pl\u00e1stico personalizadas Fabricante de pe\u00e7as de pl\u00e1stico"},"content":{"rendered":"<h2>Componentes de inje\u00e7\u00e3o de pl\u00e1stico feitos \u00e0 medida Fornecedor Componentes de pl\u00e1stico<\/h2>\n<p>Os nossos componentes de inje\u00e7\u00e3o de pl\u00e1stico personalizados s\u00e3o criados com precis\u00e3o e fiabilidade, satisfazendo as necessidades variadas de mercados como o autom\u00f3vel, dispositivos electr\u00f3nicos, embalagens e bens duradouros. Fabricados com pol\u00edmeros de primeira qualidade, estes componentes apresentam uma excelente longevidade, resist\u00eancia qu\u00edmica e exatid\u00e3o dimensional. Com tecnologia moderna e inovadora de moldagem, fornecemos resultados consistentes tanto em grandes como em pequenas s\u00e9ries de fabrico. Dispon\u00edveis em formas, tamanhos e cores personalizadas, os nossos componentes moldados por inje\u00e7\u00e3o s\u00e3o personalizados para satisfazer as necessidades espec\u00edficas dos clientes. Como um fabricante de confian\u00e7a, oferecemos servi\u00e7os acess\u00edveis que garantem efici\u00eancia duradoura e assist\u00eancia a estilos de produtos inovadores.<\/p>","protected":false},"excerpt":{"rendered":"<p>Pe\u00e7as de inje\u00e7\u00e3o de pl\u00e1stico personalizadas concebidas com precis\u00e3o e durabilidade para utiliza\u00e7\u00e3o autom\u00f3vel, eletr\u00f3nica e industrial. Dispon\u00edveis em v\u00e1rias formas, tamanhos e cores, estas pe\u00e7as garantem um desempenho fi\u00e1vel e solu\u00e7\u00f5es rent\u00e1veis para grandes ou pequenas s\u00e9ries de produ\u00e7\u00e3o.<\/p>","protected":false},"featured_media":1239,"template":"","meta":{"_gspb_post_css":""},"product_brand":[],"product_cat":[34],"product_tag":[178,179,177],"class_list":{"0":"post-1237","1":"product","2":"type-product","3":"status-publish","4":"has-post-thumbnail","6":"product_cat-mg-engineering-plastic-sheets","7":"product_tag-custom-molded-plastic","8":"product_tag-injection-molding-manufacturer","9":"product_tag-plastic-injection-parts","11":"first","12":"instock","13":"shipping-taxable","14":"product-type-simple"},"_links":{"self":[{"href":"https:\/\/uhmwpemanufacture.com\/pt\/wp-json\/wp\/v2\/product\/1237","targetHints":{"allow":["GET"]}}],"collection":[{"href":"https:\/\/uhmwpemanufacture.com\/pt\/wp-json\/wp\/v2\/product"}],"about":[{"href":"https:\/\/uhmwpemanufacture.com\/pt\/wp-json\/wp\/v2\/types\/product"}],"wp:featuredmedia":[{"embeddable":true,"href":"https:\/\/uhmwpemanufacture.com\/pt\/wp-json\/wp\/v2\/media\/1239"}],"wp:attachment":[{"href":"https:\/\/uhmwpemanufacture.com\/pt\/wp-json\/wp\/v2\/media?parent=1237"}],"wp:term":[{"taxonomy":"product_brand","embeddable":true,"href":"https:\/\/uhmwpemanufacture.com\/pt\/wp-json\/wp\/v2\/product_brand?post=1237"},{"taxonomy":"product_cat","embeddable":true,"href":"https:\/\/uhmwpemanufacture.com\/pt\/wp-json\/wp\/v2\/product_cat?post=1237"},{"taxonomy":"product_tag","embeddable":true,"href":"https:\/\/uhmwpemanufacture.com\/pt\/wp-json\/wp\/v2\/product_tag?post=1237"}],"curies":[{"name":"wp","href":"https:\/\/api.w.org\/{rel}","templated":true}]}}