{"id":1242,"date":"2025-09-28T07:20:06","date_gmt":"2025-09-28T07:20:06","guid":{"rendered":"https:\/\/uhmwpemanufacture.com\/?post_type=product&#038;p=1242"},"modified":"2025-09-28T07:20:06","modified_gmt":"2025-09-28T07:20:06","slug":"ground-protection-heavy-equipment-land-protection-road-mats","status":"publish","type":"product","link":"https:\/\/uhmwpemanufacture.com\/pt\/ground-protection-heavy-equipment-land-protection-road-mats\/","title":{"rendered":"Prote\u00e7\u00e3o do solo Equipamento pesado Prote\u00e7\u00e3o do solo Tapetes rodovi\u00e1rios"},"content":{"rendered":"<h2>Prote\u00e7\u00e3o do solo Ferramentas pesadas Defesa do solo Tapetes rodovi\u00e1rios<\/h2>\n<p>Os nossos tapetes para estradas de defesa do solo s\u00e3o fabricados para proporcionar uma superf\u00edcie est\u00e1vel e duradoura para ferramentas pesadas e carros em locais de constru\u00e7\u00e3o, explora\u00e7\u00e3o mineira e ocasi\u00f5es. Produzidos a partir de materiais de elevada resist\u00eancia, estes revestimentos para pavimentos dispersam o peso de forma igual para evitar a compacta\u00e7\u00e3o da sujidade, a forma\u00e7\u00e3o de sulcos ou danos em terrenos macios. A sua superf\u00edcie texturizada e antiderrapante garante uma ader\u00eancia segura para o equipamento e os funcion\u00e1rios, mesmo em terrenos desleixados ou desiguais. Leves mas robustos, s\u00e3o simples de montar, eliminar e reutilizar, constituindo um servi\u00e7o econ\u00f3mico para estradas e sistemas de trabalho de curta dura\u00e7\u00e3o. Ideais para proteger o terreno e, ao mesmo tempo, garantir atmosferas populares de opera\u00e7\u00f5es suaves e eficazes.<\/p>","protected":false},"excerpt":{"rendered":"<p>Os tapetes de prote\u00e7\u00e3o do solo para equipamento pesado proporcionam superf\u00edcies est\u00e1veis e duradouras em terrenos macios ou irregulares. Com textura antiderrapante e f\u00e1cil manuseamento, protegem o terreno, reduzem os danos no solo e garantem um acesso seguro para opera\u00e7\u00f5es de constru\u00e7\u00e3o, explora\u00e7\u00e3o mineira e eventos.<\/p>","protected":false},"featured_media":1243,"template":"","meta":{"_gspb_post_css":""},"product_brand":[],"product_cat":[24,27],"product_tag":[72,180,181],"class_list":{"0":"post-1242","1":"product","2":"type-product","3":"status-publish","4":"has-post-thumbnail","6":"product_cat-ground-protection-road-mats","7":"product_cat-dura-mats","8":"product_tag-ground-protection-mats","9":"product_tag-heavy-equipment-road-mats","10":"product_tag-land-protection-mats","12":"first","13":"instock","14":"shipping-taxable","15":"product-type-simple"},"_links":{"self":[{"href":"https:\/\/uhmwpemanufacture.com\/pt\/wp-json\/wp\/v2\/product\/1242","targetHints":{"allow":["GET"]}}],"collection":[{"href":"https:\/\/uhmwpemanufacture.com\/pt\/wp-json\/wp\/v2\/product"}],"about":[{"href":"https:\/\/uhmwpemanufacture.com\/pt\/wp-json\/wp\/v2\/types\/product"}],"wp:featuredmedia":[{"embeddable":true,"href":"https:\/\/uhmwpemanufacture.com\/pt\/wp-json\/wp\/v2\/media\/1243"}],"wp:attachment":[{"href":"https:\/\/uhmwpemanufacture.com\/pt\/wp-json\/wp\/v2\/media?parent=1242"}],"wp:term":[{"taxonomy":"product_brand","embeddable":true,"href":"https:\/\/uhmwpemanufacture.com\/pt\/wp-json\/wp\/v2\/product_brand?post=1242"},{"taxonomy":"product_cat","embeddable":true,"href":"https:\/\/uhmwpemanufacture.com\/pt\/wp-json\/wp\/v2\/product_cat?post=1242"},{"taxonomy":"product_tag","embeddable":true,"href":"https:\/\/uhmwpemanufacture.com\/pt\/wp-json\/wp\/v2\/product_tag?post=1242"}],"curies":[{"name":"wp","href":"https:\/\/api.w.org\/{rel}","templated":true}]}}