{"id":1251,"date":"2025-09-28T07:24:46","date_gmt":"2025-09-28T07:24:46","guid":{"rendered":"https:\/\/uhmwpemanufacture.com\/?post_type=product&#038;p=1251"},"modified":"2025-09-28T07:24:46","modified_gmt":"2025-09-28T07:24:46","slug":"borated-polyethylene-sheet-uhmwpe-borium-board-exporter","status":"publish","type":"product","link":"https:\/\/uhmwpemanufacture.com\/pt\/borated-polyethylene-sheet-uhmwpe-borium-board-exporter\/","title":{"rendered":"Exportador de placas de polietileno boratado UHMWPE Borium Board"},"content":{"rendered":"<h2>Exportador de placas de polietileno boratado UHMWPE Borium Board<\/h2>\n<p>As nossas folhas de polietileno boratado e placas de boro UHMWPE s\u00e3o criadas para aplica\u00e7\u00f5es de prote\u00e7\u00e3o contra radia\u00e7\u00f5es e prote\u00e7\u00e3o comercial. Com o conte\u00fado de boro adicionado, estas folhas absorvem eficazmente os neutr\u00f5es, o que as torna perfeitas para instala\u00e7\u00f5es nucleares, laborat\u00f3rios e ambientes m\u00e9dicos. Fabricadas com polietileno de peso molecular ultra-elevado, incorporam uma elevada resist\u00eancia \u00e0 influ\u00eancia, resist\u00eancia ao desgaste e estabilidade qu\u00edmica. Leves mas robustos, s\u00e3o simples de equipar em tamanhos e formas personalizados para trabalhos espec\u00edficos. Como comerciante fi\u00e1vel, fornecemos placas de PE boratado de primeira qualidade que proporcionam um desempenho duradouro e aplica\u00e7\u00f5es populares de controlo de radia\u00e7\u00e3o e seguran\u00e7a.<\/p>","protected":false},"excerpt":{"rendered":"<p>As placas de polietileno boratado e as placas de boro UHMWPE proporcionam uma prote\u00e7\u00e3o eficaz contra neutr\u00f5es com uma excelente durabilidade. Ideais para centrais nucleares, laborat\u00f3rios e utiliza\u00e7\u00e3o m\u00e9dica, oferecem estabilidade qu\u00edmica, resist\u00eancia ao impacto e podem ser personalizadas em v\u00e1rios tamanhos para aplica\u00e7\u00f5es de seguran\u00e7a contra radia\u00e7\u00f5es.<\/p>","protected":false},"featured_media":1256,"template":"","meta":{"_gspb_post_css":""},"product_brand":[],"product_cat":[15,19],"product_tag":[182,184,183],"class_list":{"0":"post-1251","1":"product","2":"type-product","3":"status-publish","4":"has-post-thumbnail","6":"product_cat-uhmwpe-hdpe-sheets-plates","7":"product_cat-lead-boron-polyethylene-plates","8":"product_tag-borated-polyethylene-sheet","9":"product_tag-radiation-shielding-material","10":"product_tag-uhmwpe-borium-board","12":"first","13":"instock","14":"shipping-taxable","15":"product-type-simple"},"_links":{"self":[{"href":"https:\/\/uhmwpemanufacture.com\/pt\/wp-json\/wp\/v2\/product\/1251","targetHints":{"allow":["GET"]}}],"collection":[{"href":"https:\/\/uhmwpemanufacture.com\/pt\/wp-json\/wp\/v2\/product"}],"about":[{"href":"https:\/\/uhmwpemanufacture.com\/pt\/wp-json\/wp\/v2\/types\/product"}],"wp:featuredmedia":[{"embeddable":true,"href":"https:\/\/uhmwpemanufacture.com\/pt\/wp-json\/wp\/v2\/media\/1256"}],"wp:attachment":[{"href":"https:\/\/uhmwpemanufacture.com\/pt\/wp-json\/wp\/v2\/media?parent=1251"}],"wp:term":[{"taxonomy":"product_brand","embeddable":true,"href":"https:\/\/uhmwpemanufacture.com\/pt\/wp-json\/wp\/v2\/product_brand?post=1251"},{"taxonomy":"product_cat","embeddable":true,"href":"https:\/\/uhmwpemanufacture.com\/pt\/wp-json\/wp\/v2\/product_cat?post=1251"},{"taxonomy":"product_tag","embeddable":true,"href":"https:\/\/uhmwpemanufacture.com\/pt\/wp-json\/wp\/v2\/product_tag?post=1251"}],"curies":[{"name":"wp","href":"https:\/\/api.w.org\/{rel}","templated":true}]}}