{"id":1259,"date":"2025-09-28T07:32:13","date_gmt":"2025-09-28T07:32:13","guid":{"rendered":"https:\/\/uhmwpemanufacture.com\/?post_type=product&#038;p=1259"},"modified":"2025-09-28T07:32:13","modified_gmt":"2025-09-28T07:32:13","slug":"high-strength-anti-slip-outrigger-pads-customizable-hdpe","status":"publish","type":"product","link":"https:\/\/uhmwpemanufacture.com\/pt\/high-strength-anti-slip-outrigger-pads-customizable-hdpe\/","title":{"rendered":"Almofadas antiderrapantes de alta resist\u00eancia PEAD personaliz\u00e1veis"},"content":{"rendered":"<h2>Almofadas antiderrapantes para estabilizadores de alta resist\u00eancia HDPE ajust\u00e1vel<\/h2>\n<p>As nossas almofadas para estabilizadores de PEAD de alta resist\u00eancia foram concebidas para prestar assist\u00eancia segura e fi\u00e1vel a gruas, elevadores e maquinaria pesada. Constru\u00eddas com superf\u00edcies antiderrapantes de longa dura\u00e7\u00e3o, estas almofadas garantem um posicionamento seguro, mesmo em terrenos macios ou irregulares. A constru\u00e7\u00e3o leve, mas r\u00edgida, torna-as simples de manusear e transferir, mantendo uma capacidade de carga excecional. Imunes \u00e0 \u00e1gua, aos produtos qu\u00edmicos e \u00e0s condi\u00e7\u00f5es climat\u00e9ricas extremas, utilizam ambientes populares de desempenho duradouro. Dispon\u00edveis em tamanhos, densidades e formas personalizadas, estas almofadas de estabilizadores fornecem solu\u00e7\u00f5es seguras, eficazes e reutiliz\u00e1veis para aplica\u00e7\u00f5es de constru\u00e7\u00e3o civil, industriais e energ\u00e9ticas.<\/p>","protected":false},"excerpt":{"rendered":"<p>As almofadas para estabilizadores em PEAD de elevada resist\u00eancia com superf\u00edcies antiderrapantes garantem um suporte est\u00e1vel para gruas e maquinaria pesada. Leves, dur\u00e1veis e resistentes \u00e0s intemp\u00e9ries, s\u00e3o personaliz\u00e1veis em tamanho e forma, oferecendo solu\u00e7\u00f5es seguras e reutiliz\u00e1veis para projectos de constru\u00e7\u00e3o e industriais.<\/p>","protected":false},"featured_media":1264,"template":"","meta":{"_gspb_post_css":""},"product_brand":[],"product_cat":[15,20],"product_tag":[187,186,185],"class_list":{"0":"post-1259","1":"product","2":"type-product","3":"status-publish","4":"has-post-thumbnail","6":"product_cat-uhmwpe-hdpe-sheets-plates","7":"product_cat-crane-outrigger-pads","8":"product_tag-anti-slip-ground-pads","9":"product_tag-crane-stabilizer-pads","10":"product_tag-hdpe-outrigger-pads","12":"first","13":"instock","14":"shipping-taxable","15":"product-type-simple"},"_links":{"self":[{"href":"https:\/\/uhmwpemanufacture.com\/pt\/wp-json\/wp\/v2\/product\/1259","targetHints":{"allow":["GET"]}}],"collection":[{"href":"https:\/\/uhmwpemanufacture.com\/pt\/wp-json\/wp\/v2\/product"}],"about":[{"href":"https:\/\/uhmwpemanufacture.com\/pt\/wp-json\/wp\/v2\/types\/product"}],"wp:featuredmedia":[{"embeddable":true,"href":"https:\/\/uhmwpemanufacture.com\/pt\/wp-json\/wp\/v2\/media\/1264"}],"wp:attachment":[{"href":"https:\/\/uhmwpemanufacture.com\/pt\/wp-json\/wp\/v2\/media?parent=1259"}],"wp:term":[{"taxonomy":"product_brand","embeddable":true,"href":"https:\/\/uhmwpemanufacture.com\/pt\/wp-json\/wp\/v2\/product_brand?post=1259"},{"taxonomy":"product_cat","embeddable":true,"href":"https:\/\/uhmwpemanufacture.com\/pt\/wp-json\/wp\/v2\/product_cat?post=1259"},{"taxonomy":"product_tag","embeddable":true,"href":"https:\/\/uhmwpemanufacture.com\/pt\/wp-json\/wp\/v2\/product_tag?post=1259"}],"curies":[{"name":"wp","href":"https:\/\/api.w.org\/{rel}","templated":true}]}}