{"id":1268,"date":"2025-09-28T07:34:37","date_gmt":"2025-09-28T07:34:37","guid":{"rendered":"https:\/\/uhmwpemanufacture.com\/?post_type=product&#038;p=1268"},"modified":"2025-09-28T07:34:37","modified_gmt":"2025-09-28T07:34:37","slug":"high-durability-nylon-low-friction-plastic-rods-wholesaler","status":"publish","type":"product","link":"https:\/\/uhmwpemanufacture.com\/pt\/high-durability-nylon-low-friction-plastic-rods-wholesaler\/","title":{"rendered":"Nylon de Alta Durabilidade Hastes Pl\u00e1sticas de Baixa Fric\u00e7\u00e3o Atacadista"},"content":{"rendered":"<h2>Revendedor de hastes de pl\u00e1stico de baixa fric\u00e7\u00e3o de nylon de alta tenacidade<\/h2>\n<p>Os nossos postes de pl\u00e1stico de nylon s\u00e3o concebidos para uma elevada resili\u00eancia e uma excelente efici\u00eancia de baixa fric\u00e7\u00e3o, tornando-os uma sele\u00e7\u00e3o fi\u00e1vel para aplica\u00e7\u00f5es industriais exigentes. Estes postes apresentam uma excelente resist\u00eancia ao desgaste, elevada resist\u00eancia \u00e0 tra\u00e7\u00e3o e resist\u00eancia ao impacto, assegurando uma longa vida \u00fatil sob pesadas toneladas e utiliza\u00e7\u00e3o cont\u00ednua. Com uma maquinabilidade excecional, podem ser rapidamente reduzidos, perfurados ou moldados em elementos personalizados, como casquilhos, equipamentos, rolos e rolamentos. Imunes a produtos qu\u00edmicos e \u00e0 humidade, as barras de nylon mant\u00eam a estabilidade em ambientes dif\u00edceis. Como revendedor de confian\u00e7a, fornecemos varas de nylon em diferentes tamanhos, comprimentos e cores para satisfazer diversos requisitos de fabrico.<\/p>","protected":false},"excerpt":{"rendered":"<p>As barras de pl\u00e1stico de nylon oferecem elevada durabilidade, baixa fric\u00e7\u00e3o e excelente resist\u00eancia ao desgaste. Ideais para casquilhos, engrenagens, rolos e rolamentos, proporcionam for\u00e7a, maquinabilidade e estabilidade em aplica\u00e7\u00f5es industriais. Dispon\u00edvel em v\u00e1rios tamanhos num grossista de confian\u00e7a.<\/p>","protected":false},"featured_media":1274,"template":"","meta":{"_gspb_post_css":""},"product_brand":[],"product_cat":[15],"product_tag":[190,189,188],"class_list":{"0":"post-1268","1":"product","2":"type-product","3":"status-publish","4":"has-post-thumbnail","6":"product_cat-uhmwpe-hdpe-sheets-plates","7":"product_tag-industrial-nylon-rods","8":"product_tag-low-friction-rods","9":"product_tag-nylon-plastic-rods","11":"first","12":"instock","13":"shipping-taxable","14":"product-type-simple"},"_links":{"self":[{"href":"https:\/\/uhmwpemanufacture.com\/pt\/wp-json\/wp\/v2\/product\/1268","targetHints":{"allow":["GET"]}}],"collection":[{"href":"https:\/\/uhmwpemanufacture.com\/pt\/wp-json\/wp\/v2\/product"}],"about":[{"href":"https:\/\/uhmwpemanufacture.com\/pt\/wp-json\/wp\/v2\/types\/product"}],"wp:featuredmedia":[{"embeddable":true,"href":"https:\/\/uhmwpemanufacture.com\/pt\/wp-json\/wp\/v2\/media\/1274"}],"wp:attachment":[{"href":"https:\/\/uhmwpemanufacture.com\/pt\/wp-json\/wp\/v2\/media?parent=1268"}],"wp:term":[{"taxonomy":"product_brand","embeddable":true,"href":"https:\/\/uhmwpemanufacture.com\/pt\/wp-json\/wp\/v2\/product_brand?post=1268"},{"taxonomy":"product_cat","embeddable":true,"href":"https:\/\/uhmwpemanufacture.com\/pt\/wp-json\/wp\/v2\/product_cat?post=1268"},{"taxonomy":"product_tag","embeddable":true,"href":"https:\/\/uhmwpemanufacture.com\/pt\/wp-json\/wp\/v2\/product_tag?post=1268"}],"curies":[{"name":"wp","href":"https:\/\/api.w.org\/{rel}","templated":true}]}}