{"id":1277,"date":"2025-09-28T07:40:11","date_gmt":"2025-09-28T07:40:11","guid":{"rendered":"https:\/\/uhmwpemanufacture.com\/?post_type=product&#038;p=1277"},"modified":"2025-09-28T07:40:11","modified_gmt":"2025-09-28T07:40:11","slug":"wear-resistance-uhmwpe-hopper-coal-liner-plastic-sheet-dealer","status":"publish","type":"product","link":"https:\/\/uhmwpemanufacture.com\/pt\/wear-resistance-uhmwpe-hopper-coal-liner-plastic-sheet-dealer\/","title":{"rendered":"Resist\u00eancia ao Desgaste Uhmwpe Hopper Coal Liner Pl\u00e1stico Folha Dealer"},"content":{"rendered":"<h2>Revendedor de chapas pl\u00e1sticas para revestimento de tremonha de carv\u00e3o UHMWPE<\/h2>\n<p>As nossas folhas de pl\u00e1stico de revestimento de carv\u00e3o para recept\u00e1culos UHMWPE s\u00e3o fabricadas para oferecer uma extraordin\u00e1ria resist\u00eancia ao desgaste e dureza do material por atacado, cuidando das aplica\u00e7\u00f5es. Concebidos para resistir a efeitos pesados, \u00e0 abras\u00e3o e a atmosferas agressivas, estes revestimentos impedem a ader\u00eancia, reduzem as obstru\u00e7\u00f5es e garantem um fluxo de material suave em tremonhas, calhas, silos e contentores de carv\u00e3o. A superf\u00edcie auto-lubrificante e de fric\u00e7\u00e3o reduzida reduz o tempo de inatividade e os custos de manuten\u00e7\u00e3o, aumentando simultaneamente a vida \u00fatil das ferramentas. Imunes \u00e0 humidade, aos produtos qu\u00edmicos e \u00e0 corros\u00e3o, proporcionam um desempenho fi\u00e1vel nas ind\u00fastrias mineira, energ\u00e9tica e comercial. Como fornecedor de confian\u00e7a, oferecemos tamanhos e espessuras ajust\u00e1veis para satisfazer as exig\u00eancias espec\u00edficas do projeto.<\/p>","protected":false},"excerpt":{"rendered":"<p>As folhas de revestimento de carv\u00e3o para tremonhas em UHMWPE proporcionam uma excelente resist\u00eancia ao desgaste e durabilidade. Com propriedades de baixa fric\u00e7\u00e3o e auto-lubrifica\u00e7\u00e3o, evitam a ader\u00eancia, reduzem os bloqueios e prolongam a vida \u00fatil do equipamento em tremonhas, calhas, silos e contentores para utiliza\u00e7\u00e3o mineira e industrial.<\/p>","protected":false},"featured_media":1279,"template":"","meta":{"_gspb_post_css":""},"product_brand":[],"product_cat":[15,22],"product_tag":[192,191,193],"class_list":{"0":"post-1277","1":"product","2":"type-product","3":"status-publish","4":"has-post-thumbnail","6":"product_cat-uhmwpe-hdpe-sheets-plates","7":"product_cat-coal-bunker-limit-plates","8":"product_tag-hopper-liner-sheet","9":"product_tag-uhmwpe-coal-liner","10":"product_tag-wear-resistant-plastic-sheet","12":"first","13":"instock","14":"shipping-taxable","15":"product-type-simple"},"_links":{"self":[{"href":"https:\/\/uhmwpemanufacture.com\/pt\/wp-json\/wp\/v2\/product\/1277","targetHints":{"allow":["GET"]}}],"collection":[{"href":"https:\/\/uhmwpemanufacture.com\/pt\/wp-json\/wp\/v2\/product"}],"about":[{"href":"https:\/\/uhmwpemanufacture.com\/pt\/wp-json\/wp\/v2\/types\/product"}],"wp:featuredmedia":[{"embeddable":true,"href":"https:\/\/uhmwpemanufacture.com\/pt\/wp-json\/wp\/v2\/media\/1279"}],"wp:attachment":[{"href":"https:\/\/uhmwpemanufacture.com\/pt\/wp-json\/wp\/v2\/media?parent=1277"}],"wp:term":[{"taxonomy":"product_brand","embeddable":true,"href":"https:\/\/uhmwpemanufacture.com\/pt\/wp-json\/wp\/v2\/product_brand?post=1277"},{"taxonomy":"product_cat","embeddable":true,"href":"https:\/\/uhmwpemanufacture.com\/pt\/wp-json\/wp\/v2\/product_cat?post=1277"},{"taxonomy":"product_tag","embeddable":true,"href":"https:\/\/uhmwpemanufacture.com\/pt\/wp-json\/wp\/v2\/product_tag?post=1277"}],"curies":[{"name":"wp","href":"https:\/\/api.w.org\/{rel}","templated":true}]}}