{"id":1285,"date":"2025-09-28T07:44:07","date_gmt":"2025-09-28T07:44:07","guid":{"rendered":"https:\/\/uhmwpemanufacture.com\/?post_type=product&#038;p=1285"},"modified":"2025-09-28T07:44:07","modified_gmt":"2025-09-28T07:44:07","slug":"uhmwpe-tarpaulin-pe-material-for-lighting-cut-extruded","status":"publish","type":"product","link":"https:\/\/uhmwpemanufacture.com\/pt\/uhmwpe-tarpaulin-pe-material-for-lighting-cut-extruded\/","title":{"rendered":"Lona de UHMWPE Material PE para Ilumina\u00e7\u00e3o Corte e Extrus\u00e3o"},"content":{"rendered":"<h2>Lona de UHMWPE Material PE para Ilumina\u00e7\u00e3o Corte e Extrus\u00e3o<\/h2>\n<p>O nosso produto de lona PE UHMWPE foi desenvolvido para oferecer robustez, flexibilidade e resist\u00eancia a condi\u00e7\u00f5es dif\u00edceis. Concebida com polietileno de peso molecular ultra-elevado, apresenta uma excelente resist\u00eancia ao rasgamento, resist\u00eancia \u00e0 abras\u00e3o e efici\u00eancia \u00e0 prova de intemp\u00e9ries. Adequado para aplica\u00e7\u00f5es de ilumina\u00e7\u00e3o, este produto pode ser especificamente cortado e extrudido para se adaptar a requisitos personalizados. Proporciona uma defesa duradoura contra os raios UV, a humidade e os produtos qu\u00edmicos, o que o torna ideal para ambientes interiores e exteriores. Leve mas s\u00f3lido, garante um manuseamento e uma instala\u00e7\u00e3o f\u00e1ceis. Uma solu\u00e7\u00e3o funcional para tarefas comerciais, de constru\u00e7\u00e3o civil e comerciais que necessitem de um revestimento e forro fi\u00e1veis.<\/p>","protected":false},"excerpt":{"rendered":"<p>O material PE de lona UHMWPE proporciona uma durabilidade superior e resist\u00eancia \u00e0s intemp\u00e9ries. F\u00e1cil de cortar e extrudir, \u00e9 ideal para ilumina\u00e7\u00e3o, constru\u00e7\u00e3o e utiliza\u00e7\u00f5es industriais, oferecendo prote\u00e7\u00e3o contra raios UV, humidade e produtos qu\u00edmicos com um desempenho duradouro em interiores ou exteriores.<\/p>","protected":false},"featured_media":1291,"template":"","meta":{"_gspb_post_css":""},"product_brand":[],"product_cat":[15,18],"product_tag":[196,195,194],"class_list":{"0":"post-1285","1":"product","2":"type-product","3":"status-publish","4":"has-post-thumbnail","6":"product_cat-uhmwpe-hdpe-sheets-plates","7":"product_cat-hdpe-sheets","8":"product_tag-extruded-plastic-material","9":"product_tag-pe-sheet-material","10":"product_tag-uhmwpe-tarpaulin","12":"first","13":"instock","14":"shipping-taxable","15":"product-type-simple"},"_links":{"self":[{"href":"https:\/\/uhmwpemanufacture.com\/pt\/wp-json\/wp\/v2\/product\/1285","targetHints":{"allow":["GET"]}}],"collection":[{"href":"https:\/\/uhmwpemanufacture.com\/pt\/wp-json\/wp\/v2\/product"}],"about":[{"href":"https:\/\/uhmwpemanufacture.com\/pt\/wp-json\/wp\/v2\/types\/product"}],"wp:featuredmedia":[{"embeddable":true,"href":"https:\/\/uhmwpemanufacture.com\/pt\/wp-json\/wp\/v2\/media\/1291"}],"wp:attachment":[{"href":"https:\/\/uhmwpemanufacture.com\/pt\/wp-json\/wp\/v2\/media?parent=1285"}],"wp:term":[{"taxonomy":"product_brand","embeddable":true,"href":"https:\/\/uhmwpemanufacture.com\/pt\/wp-json\/wp\/v2\/product_brand?post=1285"},{"taxonomy":"product_cat","embeddable":true,"href":"https:\/\/uhmwpemanufacture.com\/pt\/wp-json\/wp\/v2\/product_cat?post=1285"},{"taxonomy":"product_tag","embeddable":true,"href":"https:\/\/uhmwpemanufacture.com\/pt\/wp-json\/wp\/v2\/product_tag?post=1285"}],"curies":[{"name":"wp","href":"https:\/\/api.w.org\/{rel}","templated":true}]}}