{"id":1294,"date":"2025-09-28T07:52:35","date_gmt":"2025-09-28T07:52:35","guid":{"rendered":"https:\/\/uhmwpemanufacture.com\/?post_type=product&#038;p=1294"},"modified":"2025-09-28T07:52:35","modified_gmt":"2025-09-28T07:52:35","slug":"heavy-duty-uhmwpe-cribbing-blocks-crane-outrigger-pads-crane","status":"publish","type":"product","link":"https:\/\/uhmwpemanufacture.com\/pt\/heavy-duty-uhmwpe-cribbing-blocks-crane-outrigger-pads-crane\/","title":{"rendered":"Blocos de suporte de UHMWPE para servi\u00e7o pesado Almofadas para guindaste"},"content":{"rendered":"<h2>Blocos de suporte de UHMWPE para servi\u00e7o pesado Almofadas para guindaste<\/h2>\n<p>Os nossos blocos de cribbing UHMWPE para servi\u00e7os pesados e almofadas para estabilizadores de gruas s\u00e3o concebidos para proporcionar uma resist\u00eancia e seguran\u00e7a superiores \u00e0 carga para gruas e maquinaria pesada. Fabricados em polietileno de peso molecular ultra-elevado, s\u00e3o leves, resilientes e resistentes \u00e0 \u00e1gua, a produtos qu\u00edmicos e a condi\u00e7\u00f5es climat\u00e9ricas extremas. A superf\u00edcie antiderrapante garante um posicionamento seguro, enquanto a elevada resist\u00eancia aos efeitos evita a fratura ou estilha\u00e7amento sob toneladas pesadas. F\u00e1ceis de manusear e recicl\u00e1veis, estas almofadas protegem as \u00e1reas de superf\u00edcie do solo e prolongam a vida \u00fatil do equipamento. Perfeitas para opera\u00e7\u00f5es de constru\u00e7\u00e3o civil, explora\u00e7\u00e3o mineira e forma\u00e7\u00e3o industrial, oferecem uma assist\u00eancia respeit\u00e1vel e duradoura em ambientes exigentes.<\/p>","protected":false},"excerpt":{"rendered":"<p>Os blocos de suporte UHMWPE para trabalhos pesados e as almofadas para estabilizadores fornecem um suporte forte e est\u00e1vel para gruas e maquinaria pesada. Leves, dur\u00e1veis e resistentes \u00e0s intemp\u00e9ries, apresentam superf\u00edcies antiderrapantes e elevada resist\u00eancia ao impacto, garantindo uma eleva\u00e7\u00e3o segura e fi\u00e1vel em ambientes exigentes.<\/p>","protected":false},"featured_media":1295,"template":"","meta":{"_gspb_post_css":""},"product_brand":[],"product_cat":[15,21],"product_tag":[197,198,113],"class_list":{"0":"post-1294","1":"product","2":"type-product","3":"status-publish","4":"has-post-thumbnail","6":"product_cat-uhmwpe-hdpe-sheets-plates","7":"product_cat-uhmwpe-fender-pads","8":"product_tag-crane-outrigger-pads","9":"product_tag-heavy-machinery-stabilizer","10":"product_tag-uhmwpe-cribbing-blocks","12":"first","13":"instock","14":"shipping-taxable","15":"product-type-simple"},"_links":{"self":[{"href":"https:\/\/uhmwpemanufacture.com\/pt\/wp-json\/wp\/v2\/product\/1294","targetHints":{"allow":["GET"]}}],"collection":[{"href":"https:\/\/uhmwpemanufacture.com\/pt\/wp-json\/wp\/v2\/product"}],"about":[{"href":"https:\/\/uhmwpemanufacture.com\/pt\/wp-json\/wp\/v2\/types\/product"}],"wp:featuredmedia":[{"embeddable":true,"href":"https:\/\/uhmwpemanufacture.com\/pt\/wp-json\/wp\/v2\/media\/1295"}],"wp:attachment":[{"href":"https:\/\/uhmwpemanufacture.com\/pt\/wp-json\/wp\/v2\/media?parent=1294"}],"wp:term":[{"taxonomy":"product_brand","embeddable":true,"href":"https:\/\/uhmwpemanufacture.com\/pt\/wp-json\/wp\/v2\/product_brand?post=1294"},{"taxonomy":"product_cat","embeddable":true,"href":"https:\/\/uhmwpemanufacture.com\/pt\/wp-json\/wp\/v2\/product_cat?post=1294"},{"taxonomy":"product_tag","embeddable":true,"href":"https:\/\/uhmwpemanufacture.com\/pt\/wp-json\/wp\/v2\/product_tag?post=1294"}],"curies":[{"name":"wp","href":"https:\/\/api.w.org\/{rel}","templated":true}]}}