{"id":1298,"date":"2025-09-28T07:56:37","date_gmt":"2025-09-28T07:56:37","guid":{"rendered":"https:\/\/uhmwpemanufacture.com\/?post_type=product&#038;p=1298"},"modified":"2025-09-28T07:56:37","modified_gmt":"2025-09-28T07:56:37","slug":"uhmwpe-sheet-ultra-high-molecular-weight-polyethylene-board","status":"publish","type":"product","link":"https:\/\/uhmwpemanufacture.com\/pt\/uhmwpe-sheet-ultra-high-molecular-weight-polyethylene-board\/","title":{"rendered":"Folha de UHMWPE Placa de polietileno de peso molecular ultra-alto"},"content":{"rendered":"<h2>Folha de UHMWPE Placa de polietileno de peso molecular ultra-alto<\/h2>\n<p>As nossas placas UHMWPE s\u00e3o concebidas para uma for\u00e7a impressionante, robustez e conveni\u00eancia, tornando-as adequadas para aplica\u00e7\u00f5es comerciais exigentes. Com polietileno de peso molecular ultra-elevado, estas placas oferecem uma resist\u00eancia excecional ao desgaste, baixa fric\u00e7\u00e3o e elevada resist\u00eancia ao impacto, garantindo uma longa vida \u00fatil, mesmo com toneladas pesadas. S\u00e3o imunes \u00e0 humidade e aos produtos qu\u00edmicos, preservando a seguran\u00e7a em ambientes agressivos. F\u00e1ceis de montar, cortar e produzir, as folhas de UHMWPE s\u00e3o normalmente utilizadas para revestimentos, rolamentos, engrenagens, calhas e obst\u00e1culos de prote\u00e7\u00e3o. Dispon\u00edveis em v\u00e1rias dimens\u00f5es e espessuras, oferecem solu\u00e7\u00f5es fi\u00e1veis e econ\u00f3micas para os mercados da constru\u00e7\u00e3o, minera\u00e7\u00e3o e produ\u00e7\u00e3o.<\/p>","protected":false},"excerpt":{"rendered":"<p>As folhas de UHMWPE proporcionam uma for\u00e7a excecional, resist\u00eancia ao desgaste e baixa fric\u00e7\u00e3o para utiliza\u00e7\u00e3o industrial. Resistentes \u00e0 humidade e aos produtos qu\u00edmicos, s\u00e3o ideais para revestimentos, rolamentos, engrenagens e componentes de prote\u00e7\u00e3o em aplica\u00e7\u00f5es de constru\u00e7\u00e3o, explora\u00e7\u00e3o mineira e fabrico.<\/p>","protected":false},"featured_media":1300,"template":"","meta":{"_gspb_post_css":""},"product_brand":[],"product_cat":[15,17],"product_tag":[117,199,56],"class_list":{"0":"post-1298","1":"product","2":"type-product","3":"status-publish","4":"has-post-thumbnail","6":"product_cat-uhmwpe-hdpe-sheets-plates","7":"product_cat-uhmwpe-sheets","8":"product_tag-industrial-plastic-sheet","9":"product_tag-polyethylene-board","10":"product_tag-uhmwpe-sheet","12":"first","13":"instock","14":"shipping-taxable","15":"product-type-simple"},"_links":{"self":[{"href":"https:\/\/uhmwpemanufacture.com\/pt\/wp-json\/wp\/v2\/product\/1298","targetHints":{"allow":["GET"]}}],"collection":[{"href":"https:\/\/uhmwpemanufacture.com\/pt\/wp-json\/wp\/v2\/product"}],"about":[{"href":"https:\/\/uhmwpemanufacture.com\/pt\/wp-json\/wp\/v2\/types\/product"}],"wp:featuredmedia":[{"embeddable":true,"href":"https:\/\/uhmwpemanufacture.com\/pt\/wp-json\/wp\/v2\/media\/1300"}],"wp:attachment":[{"href":"https:\/\/uhmwpemanufacture.com\/pt\/wp-json\/wp\/v2\/media?parent=1298"}],"wp:term":[{"taxonomy":"product_brand","embeddable":true,"href":"https:\/\/uhmwpemanufacture.com\/pt\/wp-json\/wp\/v2\/product_brand?post=1298"},{"taxonomy":"product_cat","embeddable":true,"href":"https:\/\/uhmwpemanufacture.com\/pt\/wp-json\/wp\/v2\/product_cat?post=1298"},{"taxonomy":"product_tag","embeddable":true,"href":"https:\/\/uhmwpemanufacture.com\/pt\/wp-json\/wp\/v2\/product_tag?post=1298"}],"curies":[{"name":"wp","href":"https:\/\/api.w.org\/{rel}","templated":true}]}}