{"id":1306,"date":"2025-09-28T08:00:54","date_gmt":"2025-09-28T08:00:54","guid":{"rendered":"https:\/\/uhmwpemanufacture.com\/?post_type=product&#038;p=1306"},"modified":"2025-09-28T08:01:50","modified_gmt":"2025-09-28T08:01:50","slug":"heavy-duty-track-mats-hdpe-plastic-sheet-protection-mat","status":"publish","type":"product","link":"https:\/\/uhmwpemanufacture.com\/pt\/heavy-duty-track-mats-hdpe-plastic-sheet-protection-mat\/","title":{"rendered":"Tapete de prote\u00e7\u00e3o de folha de pl\u00e1stico Hdpe para trabalhos pesados"},"content":{"rendered":"<h2>Tapete de prote\u00e7\u00e3o de folha de pl\u00e1stico HDPE para trabalhos pesados<\/h2>\n<p>Os nossos robustos tapetes de esteira em PEAD foram concebidos para proporcionar uma defesa s\u00f3lida e est\u00e1vel do solo para maquinaria pesada, ve\u00edculos e ferramentas em locais de constru\u00e7\u00e3o, explora\u00e7\u00e3o mineira e ocasi\u00f5es. Fabricadas a partir de polietileno de alta densidade, estas esteiras s\u00e3o leves, mas extremamente dur\u00e1veis, utilizando uma excelente resist\u00eancia \u00e0 carga e \u00e0 influ\u00eancia, produtos qu\u00edmicos e humidade. A superf\u00edcie antiderrapante texturizada aumenta a tra\u00e7\u00e3o, garantindo opera\u00e7\u00f5es seguras em superf\u00edcies desleixadas, arenosas ou irregulares. F\u00e1ceis de deslocar, instalar e reutilizar, proporcionam uma seguran\u00e7a do solo econ\u00f3mica e amiga do ambiente. Ideais para o desenvolvimento de acessos de curto prazo a estradas, plataformas de trabalho e prote\u00e7\u00e3o de terrenos em ambientes exigentes.<\/p>","protected":false},"excerpt":{"rendered":"<p>Os tapetes de esteira em PEAD para trabalhos pesados proporcionam uma prote\u00e7\u00e3o duradoura do solo para m\u00e1quinas e ve\u00edculos pesados. Com superf\u00edcies antiderrapantes e elevada resist\u00eancia \u00e0 carga, s\u00e3o ideais para estradas tempor\u00e1rias, plataformas de trabalho e estaleiros de constru\u00e7\u00e3o, garantindo estabilidade em terrenos macios ou irregulares.<\/p>","protected":false},"featured_media":1310,"template":"","meta":{"_gspb_post_css":""},"product_brand":[],"product_cat":[24,26],"product_tag":[72,200,79],"class_list":{"0":"post-1306","1":"product","2":"type-product","3":"status-publish","4":"has-post-thumbnail","6":"product_cat-ground-protection-road-mats","7":"product_cat-base-mats","8":"product_tag-ground-protection-mats","9":"product_tag-hdpe-track-mats","10":"product_tag-heavy-duty-road-mats","12":"first","13":"instock","14":"shipping-taxable","15":"product-type-simple"},"_links":{"self":[{"href":"https:\/\/uhmwpemanufacture.com\/pt\/wp-json\/wp\/v2\/product\/1306","targetHints":{"allow":["GET"]}}],"collection":[{"href":"https:\/\/uhmwpemanufacture.com\/pt\/wp-json\/wp\/v2\/product"}],"about":[{"href":"https:\/\/uhmwpemanufacture.com\/pt\/wp-json\/wp\/v2\/types\/product"}],"wp:featuredmedia":[{"embeddable":true,"href":"https:\/\/uhmwpemanufacture.com\/pt\/wp-json\/wp\/v2\/media\/1310"}],"wp:attachment":[{"href":"https:\/\/uhmwpemanufacture.com\/pt\/wp-json\/wp\/v2\/media?parent=1306"}],"wp:term":[{"taxonomy":"product_brand","embeddable":true,"href":"https:\/\/uhmwpemanufacture.com\/pt\/wp-json\/wp\/v2\/product_brand?post=1306"},{"taxonomy":"product_cat","embeddable":true,"href":"https:\/\/uhmwpemanufacture.com\/pt\/wp-json\/wp\/v2\/product_cat?post=1306"},{"taxonomy":"product_tag","embeddable":true,"href":"https:\/\/uhmwpemanufacture.com\/pt\/wp-json\/wp\/v2\/product_tag?post=1306"}],"curies":[{"name":"wp","href":"https:\/\/api.w.org\/{rel}","templated":true}]}}