{"id":1314,"date":"2025-09-28T08:07:09","date_gmt":"2025-09-28T08:07:09","guid":{"rendered":"https:\/\/uhmwpemanufacture.com\/?post_type=product&#038;p=1314"},"modified":"2025-09-28T08:07:09","modified_gmt":"2025-09-28T08:07:09","slug":"high-precision-plastic-injection-molding-manufacture-molding","status":"publish","type":"product","link":"https:\/\/uhmwpemanufacture.com\/pt\/high-precision-plastic-injection-molding-manufacture-molding\/","title":{"rendered":"Moldagem por inje\u00e7\u00e3o de pl\u00e1stico de alta precis\u00e3o Fabrico de moldes"},"content":{"rendered":"<h2>Moldagem por inje\u00e7\u00e3o de pl\u00e1stico de alta precis\u00e3o Fabrico de moldes<\/h2>\n<p>Os nossos servi\u00e7os de moldagem por inje\u00e7\u00e3o de pl\u00e1stico de alta precis\u00e3o fornecem componentes reputados, exactos e duradouros, concebidos para satisfazer diversas necessidades comerciais. Utilizando tecnologia de moldagem sofisticada e PP, PE, nylon e v\u00e1rios outros pl\u00e1sticos de engenharia de alta qualidade, produzimos elementos com uma precis\u00e3o dimensional e um acabamento de superf\u00edcie excepcionais. Estas pe\u00e7as constru\u00eddas s\u00e3o leves mas fortes, resistentes \u00e0 utiliza\u00e7\u00e3o, aos efeitos e aos produtos qu\u00edmicos, o que as torna adequadas para ve\u00edculos, dispositivos electr\u00f3nicos, embalagens de produtos e artigos para clientes. Com a capacidade de personalizar formas, dimens\u00f5es e tonalidades, fazemos certas solu\u00e7\u00f5es que se alinham com os pormenores exigidos pelos clientes. Como um produtor de confian\u00e7a, garantimos consist\u00eancia, desempenho e produ\u00e7\u00e3o econ\u00f3mica.<\/p>","protected":false},"excerpt":{"rendered":"<p>A moldagem por inje\u00e7\u00e3o de pl\u00e1stico de alta precis\u00e3o proporciona pe\u00e7as precisas e duradouras com um excelente acabamento. Utilizando PP, PE, nylon e pl\u00e1sticos de engenharia, fornecemos componentes personalizados para aplica\u00e7\u00f5es autom\u00f3veis, electr\u00f3nicas, de embalagem e industriais com uma qualidade consistente.<\/p>","protected":false},"featured_media":1317,"template":"","meta":{"_gspb_post_css":""},"product_brand":[],"product_cat":[35],"product_tag":[202,163,201],"class_list":{"0":"post-1314","1":"product","2":"type-product","3":"status-publish","4":"has-post-thumbnail","6":"product_cat-pp-pe-products","7":"product_tag-custom-plastic-components","8":"product_tag-plastic-injection-molding","9":"product_tag-precision-molded-parts","11":"first","12":"instock","13":"shipping-taxable","14":"product-type-simple"},"_links":{"self":[{"href":"https:\/\/uhmwpemanufacture.com\/pt\/wp-json\/wp\/v2\/product\/1314","targetHints":{"allow":["GET"]}}],"collection":[{"href":"https:\/\/uhmwpemanufacture.com\/pt\/wp-json\/wp\/v2\/product"}],"about":[{"href":"https:\/\/uhmwpemanufacture.com\/pt\/wp-json\/wp\/v2\/types\/product"}],"wp:featuredmedia":[{"embeddable":true,"href":"https:\/\/uhmwpemanufacture.com\/pt\/wp-json\/wp\/v2\/media\/1317"}],"wp:attachment":[{"href":"https:\/\/uhmwpemanufacture.com\/pt\/wp-json\/wp\/v2\/media?parent=1314"}],"wp:term":[{"taxonomy":"product_brand","embeddable":true,"href":"https:\/\/uhmwpemanufacture.com\/pt\/wp-json\/wp\/v2\/product_brand?post=1314"},{"taxonomy":"product_cat","embeddable":true,"href":"https:\/\/uhmwpemanufacture.com\/pt\/wp-json\/wp\/v2\/product_cat?post=1314"},{"taxonomy":"product_tag","embeddable":true,"href":"https:\/\/uhmwpemanufacture.com\/pt\/wp-json\/wp\/v2\/product_tag?post=1314"}],"curies":[{"name":"wp","href":"https:\/\/api.w.org\/{rel}","templated":true}]}}