{"id":1320,"date":"2025-09-28T08:11:18","date_gmt":"2025-09-28T08:11:18","guid":{"rendered":"https:\/\/uhmwpemanufacture.com\/?post_type=product&#038;p=1320"},"modified":"2025-09-28T08:11:49","modified_gmt":"2025-09-28T08:11:49","slug":"hdpe-uhmwpe-synthetic-flooring-tile-panels-hdpe-ice-sheets","status":"publish","type":"product","link":"https:\/\/uhmwpemanufacture.com\/pt\/hdpe-uhmwpe-synthetic-flooring-tile-panels-hdpe-ice-sheets\/","title":{"rendered":"Pain\u00e9is de ladrilhos de pavimento sint\u00e9tico PEAD e PEUAPM Pain\u00e9is de gelo PEAD"},"content":{"rendered":"<h2>Revestimento de piso sint\u00e9tico PEAD e PEUAPM Pain\u00e9is de azulejos de cer\u00e2mica Folhas de gelo PEAD<\/h2>\n<p>Os nossos pain\u00e9is de ladrilhos artificiais HDPE e UHMWPE s\u00e3o criados para duplicar o deslizamento suave do gelo real, tornando-os adequados para pistas de patinagem, treino de h\u00f3quei e utiliza\u00e7\u00e3o em lazer. Fabricados com polietileno de alta densidade e de peso molecular ultra-elevado, estes pain\u00e9is oferecem uma longevidade excecional, redu\u00e7\u00e3o da fric\u00e7\u00e3o e resist\u00eancia aos efeitos. O seu estilo de encaixe permite uma instala\u00e7\u00e3o r\u00e1pida e um desempenho est\u00e1vel, enquanto os edif\u00edcios resistentes \u00e0s intemp\u00e9ries os tornam adequados para utiliza\u00e7\u00e3o no interior e no exterior. F\u00e1ceis de limpar e de manter, estas placas de gelo sint\u00e9tico s\u00e3o ajust\u00e1veis em dimens\u00e3o e tonalidade, oferecendo uma op\u00e7\u00e3o de pavimento econ\u00f3mica e resiliente.<\/p>","protected":false},"excerpt":{"rendered":"<p>Os pain\u00e9is de mosaico de pavimento sint\u00e9tico HDPE e UHMWPE reproduzem o gelo real com um deslizamento suave, durabilidade e baixa fric\u00e7\u00e3o. F\u00e1ceis de instalar e resistentes \u00e0s intemp\u00e9ries, s\u00e3o ideais para treinos de h\u00f3quei, pistas de patinagem e utiliza\u00e7\u00e3o recreativa, oferecendo um desempenho duradouro no interior e no exterior.<\/p>","protected":false},"featured_media":1323,"template":"","meta":{"_gspb_post_css":""},"product_brand":[],"product_cat":[29,32],"product_tag":[203,126,204],"class_list":{"0":"post-1320","1":"product","2":"type-product","3":"status-publish","4":"has-post-thumbnail","6":"product_cat-ice-rink-products","7":"product_cat-ice-synthetic-panels","8":"product_tag-hdpe-ice-sheets","9":"product_tag-synthetic-ice-panels","10":"product_tag-uhmwpe-flooring-tiles","12":"first","13":"instock","14":"shipping-taxable","15":"product-type-simple"},"_links":{"self":[{"href":"https:\/\/uhmwpemanufacture.com\/pt\/wp-json\/wp\/v2\/product\/1320","targetHints":{"allow":["GET"]}}],"collection":[{"href":"https:\/\/uhmwpemanufacture.com\/pt\/wp-json\/wp\/v2\/product"}],"about":[{"href":"https:\/\/uhmwpemanufacture.com\/pt\/wp-json\/wp\/v2\/types\/product"}],"wp:featuredmedia":[{"embeddable":true,"href":"https:\/\/uhmwpemanufacture.com\/pt\/wp-json\/wp\/v2\/media\/1323"}],"wp:attachment":[{"href":"https:\/\/uhmwpemanufacture.com\/pt\/wp-json\/wp\/v2\/media?parent=1320"}],"wp:term":[{"taxonomy":"product_brand","embeddable":true,"href":"https:\/\/uhmwpemanufacture.com\/pt\/wp-json\/wp\/v2\/product_brand?post=1320"},{"taxonomy":"product_cat","embeddable":true,"href":"https:\/\/uhmwpemanufacture.com\/pt\/wp-json\/wp\/v2\/product_cat?post=1320"},{"taxonomy":"product_tag","embeddable":true,"href":"https:\/\/uhmwpemanufacture.com\/pt\/wp-json\/wp\/v2\/product_tag?post=1320"}],"curies":[{"name":"wp","href":"https:\/\/api.w.org\/{rel}","templated":true}]}}