{"id":1327,"date":"2025-09-28T08:14:47","date_gmt":"2025-09-28T08:14:47","guid":{"rendered":"https:\/\/uhmwpemanufacture.com\/?post_type=product&#038;p=1327"},"modified":"2025-09-28T08:14:47","modified_gmt":"2025-09-28T08:14:47","slug":"high-performance-outdoor-hockey-rink-pe-sheet-wholesaler","status":"publish","type":"product","link":"https:\/\/uhmwpemanufacture.com\/pt\/high-performance-outdoor-hockey-rink-pe-sheet-wholesaler\/","title":{"rendered":"Atacadista de folha de PE para pista de h\u00f3quei ao ar livre de alto desempenho"},"content":{"rendered":"<h2>Folha de PE para pista de h\u00f3quei ao ar livre de alta efici\u00eancia Atacadista<\/h2>\n<p>As nossas folhas de PE para pista de h\u00f3quei no exterior de alto desempenho foram concebidas para proporcionar um movimento suave, robustez e seguran\u00e7a para patinagem profissional e de lazer. Fabricadas a partir de polietileno de alto custo, estas folhas oferecem uma excelente resist\u00eancia aos efeitos, pouca fric\u00e7\u00e3o e estabilidade \u00e0s condi\u00e7\u00f5es climat\u00e9ricas, garantindo uma utiliza\u00e7\u00e3o fi\u00e1vel em ambientes exteriores. A sua estrutura robusta resiste ao desgaste pesado e \u00e0 exposi\u00e7\u00e3o direta aos raios UV, enquanto os pain\u00e9is f\u00e1ceis de instalar permitem uma configura\u00e7\u00e3o e manuten\u00e7\u00e3o r\u00e1pidas. Adequados para pistas de h\u00f3quei, centros de treino e campos de lazer, garantem uma efici\u00eancia duradoura. Como revendedor de confian\u00e7a, fornecemos dimens\u00f5es e densidades personaliz\u00e1veis para satisfazer as diversas exig\u00eancias dos ringues.<\/p>","protected":false},"excerpt":{"rendered":"<p>As placas de PE de alto desempenho para pistas de h\u00f3quei no exterior proporcionam um deslizamento suave, durabilidade e resist\u00eancia \u00e0s intemp\u00e9ries. Com baixa fric\u00e7\u00e3o e resist\u00eancia ao impacto, s\u00e3o ideais para rinques, treinos e utiliza\u00e7\u00e3o recreativa. Tamanhos personalizados dispon\u00edveis num grossista de confian\u00e7a para um desempenho fi\u00e1vel.<\/p>","protected":false},"featured_media":1333,"template":"","meta":{"_gspb_post_css":""},"product_brand":[],"product_cat":[29,30],"product_tag":[205,206,207],"class_list":{"0":"post-1327","1":"product","2":"type-product","3":"status-publish","4":"has-post-thumbnail","6":"product_cat-ice-rink-products","7":"product_cat-hockey-ice-rink-dasher-boards","8":"product_tag-hockey-rink-pe-sheet","9":"product_tag-outdoor-skating-panels","10":"product_tag-polyethylene-rink-boards","12":"first","13":"instock","14":"shipping-taxable","15":"product-type-simple"},"_links":{"self":[{"href":"https:\/\/uhmwpemanufacture.com\/pt\/wp-json\/wp\/v2\/product\/1327","targetHints":{"allow":["GET"]}}],"collection":[{"href":"https:\/\/uhmwpemanufacture.com\/pt\/wp-json\/wp\/v2\/product"}],"about":[{"href":"https:\/\/uhmwpemanufacture.com\/pt\/wp-json\/wp\/v2\/types\/product"}],"wp:featuredmedia":[{"embeddable":true,"href":"https:\/\/uhmwpemanufacture.com\/pt\/wp-json\/wp\/v2\/media\/1333"}],"wp:attachment":[{"href":"https:\/\/uhmwpemanufacture.com\/pt\/wp-json\/wp\/v2\/media?parent=1327"}],"wp:term":[{"taxonomy":"product_brand","embeddable":true,"href":"https:\/\/uhmwpemanufacture.com\/pt\/wp-json\/wp\/v2\/product_brand?post=1327"},{"taxonomy":"product_cat","embeddable":true,"href":"https:\/\/uhmwpemanufacture.com\/pt\/wp-json\/wp\/v2\/product_cat?post=1327"},{"taxonomy":"product_tag","embeddable":true,"href":"https:\/\/uhmwpemanufacture.com\/pt\/wp-json\/wp\/v2\/product_tag?post=1327"}],"curies":[{"name":"wp","href":"https:\/\/api.w.org\/{rel}","templated":true}]}}