{"id":1336,"date":"2025-09-28T08:17:23","date_gmt":"2025-09-28T08:17:23","guid":{"rendered":"https:\/\/uhmwpemanufacture.com\/?post_type=product&#038;p=1336"},"modified":"2025-09-28T08:17:23","modified_gmt":"2025-09-28T08:17:23","slug":"plastic-practice-ice-hockey-shooting-pads-manufacturers","status":"publish","type":"product","link":"https:\/\/uhmwpemanufacture.com\/pt\/plastic-practice-ice-hockey-shooting-pads-manufacturers\/","title":{"rendered":"Fabricantes de almofadas de pl\u00e1stico para treino de h\u00f3quei no gelo"},"content":{"rendered":"<h2>Fabricantes de almofadas de pl\u00e1stico para treino de h\u00f3quei no gelo<\/h2>\n<p>As nossas almofadas de h\u00f3quei no gelo com t\u00e9cnica de pl\u00e1stico foram concebidas para proporcionar uma superf\u00edcie lisa, semelhante ao gelo, para um treino eficaz fora do gelo. Fabricadas em polietileno de longa dura\u00e7\u00e3o, estas almofadas proporcionam um deslizamento extraordin\u00e1rio, fric\u00e7\u00e3o reduzida e resist\u00eancia aos efeitos, permitindo aos jogadores melhorar as suas capacidades de remate, manuseamento de stick e passe em qualquer lugar. Leves, mas resistentes, apresentam estilos port\u00e1teis com ofertas de transporte para facilitar o transporte e a instala\u00e7\u00e3o. Resistentes \u00e0s intemp\u00e9ries e de longa dura\u00e7\u00e3o, estas almofadas de tiro s\u00e3o adequadas para utiliza\u00e7\u00e3o no interior e no exterior, o que as torna ideais para atletas profissionais, treinadores e centros de treino. Como fornecedores de confian\u00e7a, oferecemos dimens\u00f5es personalizadas para se adaptarem \u00e0s exig\u00eancias de v\u00e1rios m\u00e9todos.<\/p>","protected":false},"excerpt":{"rendered":"<p>As almofadas de pl\u00e1stico para treino de h\u00f3quei no gelo proporcionam uma superf\u00edcie lisa e semelhante ao gelo para treino fora do gelo. Dur\u00e1veis, port\u00e1teis e resistentes \u00e0s condi\u00e7\u00f5es climat\u00e9ricas, s\u00e3o ideais para melhorar a pontaria, o stickhandling e os passes no interior ou no exterior. Dispon\u00edveis em tamanhos personaliz\u00e1veis para jogadores e centros de treino.<\/p>","protected":false},"featured_media":1342,"template":"","meta":{"_gspb_post_css":""},"product_brand":[],"product_cat":[29,31],"product_tag":[84,208,209],"class_list":{"0":"post-1336","1":"product","2":"type-product","3":"status-publish","4":"has-post-thumbnail","6":"product_cat-ice-rink-products","7":"product_cat-hockey-practice-shooting-pads","8":"product_tag-hockey-shooting-pads","9":"product_tag-practice-ice-boards","10":"product_tag-training-skill-pads","12":"first","13":"instock","14":"shipping-taxable","15":"product-type-simple"},"_links":{"self":[{"href":"https:\/\/uhmwpemanufacture.com\/pt\/wp-json\/wp\/v2\/product\/1336","targetHints":{"allow":["GET"]}}],"collection":[{"href":"https:\/\/uhmwpemanufacture.com\/pt\/wp-json\/wp\/v2\/product"}],"about":[{"href":"https:\/\/uhmwpemanufacture.com\/pt\/wp-json\/wp\/v2\/types\/product"}],"wp:featuredmedia":[{"embeddable":true,"href":"https:\/\/uhmwpemanufacture.com\/pt\/wp-json\/wp\/v2\/media\/1342"}],"wp:attachment":[{"href":"https:\/\/uhmwpemanufacture.com\/pt\/wp-json\/wp\/v2\/media?parent=1336"}],"wp:term":[{"taxonomy":"product_brand","embeddable":true,"href":"https:\/\/uhmwpemanufacture.com\/pt\/wp-json\/wp\/v2\/product_brand?post=1336"},{"taxonomy":"product_cat","embeddable":true,"href":"https:\/\/uhmwpemanufacture.com\/pt\/wp-json\/wp\/v2\/product_cat?post=1336"},{"taxonomy":"product_tag","embeddable":true,"href":"https:\/\/uhmwpemanufacture.com\/pt\/wp-json\/wp\/v2\/product_tag?post=1336"}],"curies":[{"name":"wp","href":"https:\/\/api.w.org\/{rel}","templated":true}]}}