{"id":1344,"date":"2025-09-28T08:22:50","date_gmt":"2025-09-28T08:22:50","guid":{"rendered":"https:\/\/uhmwpemanufacture.com\/?post_type=product&#038;p=1344"},"modified":"2025-09-28T08:22:50","modified_gmt":"2025-09-28T08:22:50","slug":"custom-portable-outdoor-floor-ball-dasher-boards-supplier","status":"publish","type":"product","link":"https:\/\/uhmwpemanufacture.com\/pt\/custom-portable-outdoor-floor-ball-dasher-boards-supplier\/","title":{"rendered":"Fornecedor de t\u00e1buas de ch\u00e3o port\u00e1teis personalizadas para exterior"},"content":{"rendered":"<h2>Distribuidor de placas esf\u00e9ricas de pavimento exterior port\u00e1til personalizado<\/h2>\n<p>Os nossos tabuleiros port\u00e1teis personalizados para bolas no ch\u00e3o s\u00e3o desenvolvidos para resist\u00eancia, resili\u00eancia e seguran\u00e7a do jogador, tornando-os ideais para campos de treino e entretenimento. Fabricadas com polietileno de primeira qualidade, estas placas apresentam resist\u00eancia ao impacto, efici\u00eancia \u00e0 prova de intemp\u00e9ries e uma superf\u00edcie lisa e n\u00e3o abrasiva para uma jogabilidade segura. O estilo modular e port\u00e1til permite uma f\u00e1cil montagem, desmontagem e arruma\u00e7\u00e3o, assegurando a adaptabilidade a disposi\u00e7\u00f5es de curta dura\u00e7\u00e3o ou irrevers\u00edveis. Ideais para utiliza\u00e7\u00e3o no interior e no exterior, suportam um grande desgaste, preservando uma estabilidade duradoura. Como fornecedor de confian\u00e7a, oferecemos dimens\u00f5es, tonalidades e configura\u00e7\u00f5es personalizadas para satisfazer diversos requisitos de exibi\u00e7\u00e3o.<\/p>","protected":false},"excerpt":{"rendered":"<p>Os tabuleiros port\u00e1teis personalizados para bolas no ch\u00e3o no exterior oferecem durabilidade, resist\u00eancia ao impacto e seguran\u00e7a no jogo. Com um design modular e f\u00e1cil de instalar, s\u00e3o ideais para utiliza\u00e7\u00e3o no interior ou no exterior, oferecendo estabilidade a longo prazo e op\u00e7\u00f5es personaliz\u00e1veis para centros de treino e arenas recreativas.<\/p>","protected":false},"featured_media":1349,"template":"","meta":{"_gspb_post_css":""},"product_brand":[],"product_cat":[29,33],"product_tag":[210,212,211],"class_list":{"0":"post-1344","1":"product","2":"type-product","3":"status-publish","4":"has-post-thumbnail","6":"product_cat-ice-rink-products","7":"product_cat-floor-ball-dasher-boards","8":"product_tag-floor-ball-dasher-boards","9":"product_tag-outdoor-rink-supplier","10":"product_tag-portable-sports-boards","12":"first","13":"instock","14":"shipping-taxable","15":"product-type-simple"},"_links":{"self":[{"href":"https:\/\/uhmwpemanufacture.com\/pt\/wp-json\/wp\/v2\/product\/1344","targetHints":{"allow":["GET"]}}],"collection":[{"href":"https:\/\/uhmwpemanufacture.com\/pt\/wp-json\/wp\/v2\/product"}],"about":[{"href":"https:\/\/uhmwpemanufacture.com\/pt\/wp-json\/wp\/v2\/types\/product"}],"wp:featuredmedia":[{"embeddable":true,"href":"https:\/\/uhmwpemanufacture.com\/pt\/wp-json\/wp\/v2\/media\/1349"}],"wp:attachment":[{"href":"https:\/\/uhmwpemanufacture.com\/pt\/wp-json\/wp\/v2\/media?parent=1344"}],"wp:term":[{"taxonomy":"product_brand","embeddable":true,"href":"https:\/\/uhmwpemanufacture.com\/pt\/wp-json\/wp\/v2\/product_brand?post=1344"},{"taxonomy":"product_cat","embeddable":true,"href":"https:\/\/uhmwpemanufacture.com\/pt\/wp-json\/wp\/v2\/product_cat?post=1344"},{"taxonomy":"product_tag","embeddable":true,"href":"https:\/\/uhmwpemanufacture.com\/pt\/wp-json\/wp\/v2\/product_tag?post=1344"}],"curies":[{"name":"wp","href":"https:\/\/api.w.org\/{rel}","templated":true}]}}