{"id":1352,"date":"2025-09-28T08:25:57","date_gmt":"2025-09-28T08:25:57","guid":{"rendered":"https:\/\/uhmwpemanufacture.com\/?post_type=product&#038;p=1352"},"modified":"2025-09-28T08:25:57","modified_gmt":"2025-09-28T08:25:57","slug":"nylon-injection-moulding-engineered-plastic-parts-vendor","status":"publish","type":"product","link":"https:\/\/uhmwpemanufacture.com\/pt\/nylon-injection-moulding-engineered-plastic-parts-vendor\/","title":{"rendered":"Fornecedor de pe\u00e7as pl\u00e1sticas de engenharia para moldagem por inje\u00e7\u00e3o de nylon"},"content":{"rendered":"<h2>Fornecedor de componentes pl\u00e1sticos de engenharia para moldagem por inje\u00e7\u00e3o de nylon<\/h2>\n<p>Os nossos componentes pl\u00e1sticos artesanais moldados por inje\u00e7\u00e3o de nylon s\u00e3o feitos para precis\u00e3o, resist\u00eancia e desempenho em aplica\u00e7\u00f5es industriais populares. Fabricados com nylon de alta qualidade, estes elementos oferecem uma excelente resist\u00eancia ao desgaste, durabilidade e seguran\u00e7a dimensional. S\u00e3o leves mas fortes, o que os torna ideais para as ind\u00fastrias de ve\u00edculos, maquinaria, eletr\u00f3nica e produtos para clientes. Com a inovadora tecnologia de moldagem por inje\u00e7\u00e3o, garantimos um fabrico preciso e regular, tanto em grandes como em pequenas s\u00e9ries. Resistentes a produtos qu\u00edmicos e \u00e0 abras\u00e3o, estas pe\u00e7as de nylon oferecem uma fiabilidade duradoura. Como fornecedor de confian\u00e7a, prestamos servi\u00e7os personalizados adaptados a determinadas necessidades dos clientes.<\/p>","protected":false},"excerpt":{"rendered":"<p>As pe\u00e7as de pl\u00e1stico de engenharia moldadas por inje\u00e7\u00e3o de nylon proporcionam for\u00e7a, resist\u00eancia ao desgaste e estabilidade. Ideais para a ind\u00fastria autom\u00f3vel, maquinaria e eletr\u00f3nica, estes componentes leves mas duradouros s\u00e3o produzidos com precis\u00e3o e adaptados para satisfazer os requisitos industriais.<\/p>","protected":false},"featured_media":1357,"template":"","meta":{"_gspb_post_css":""},"product_brand":[],"product_cat":[23,34],"product_tag":[214,215,213],"class_list":{"0":"post-1352","1":"product","2":"type-product","3":"status-publish","4":"has-post-thumbnail","6":"product_cat-nylon-sheets","7":"product_cat-mg-engineering-plastic-sheets","8":"product_tag-engineered-plastic-components","9":"product_tag-molded-nylon-parts","10":"product_tag-nylon-injection-parts","12":"first","13":"instock","14":"shipping-taxable","15":"product-type-simple"},"_links":{"self":[{"href":"https:\/\/uhmwpemanufacture.com\/pt\/wp-json\/wp\/v2\/product\/1352","targetHints":{"allow":["GET"]}}],"collection":[{"href":"https:\/\/uhmwpemanufacture.com\/pt\/wp-json\/wp\/v2\/product"}],"about":[{"href":"https:\/\/uhmwpemanufacture.com\/pt\/wp-json\/wp\/v2\/types\/product"}],"wp:featuredmedia":[{"embeddable":true,"href":"https:\/\/uhmwpemanufacture.com\/pt\/wp-json\/wp\/v2\/media\/1357"}],"wp:attachment":[{"href":"https:\/\/uhmwpemanufacture.com\/pt\/wp-json\/wp\/v2\/media?parent=1352"}],"wp:term":[{"taxonomy":"product_brand","embeddable":true,"href":"https:\/\/uhmwpemanufacture.com\/pt\/wp-json\/wp\/v2\/product_brand?post=1352"},{"taxonomy":"product_cat","embeddable":true,"href":"https:\/\/uhmwpemanufacture.com\/pt\/wp-json\/wp\/v2\/product_cat?post=1352"},{"taxonomy":"product_tag","embeddable":true,"href":"https:\/\/uhmwpemanufacture.com\/pt\/wp-json\/wp\/v2\/product_tag?post=1352"}],"curies":[{"name":"wp","href":"https:\/\/api.w.org\/{rel}","templated":true}]}}