{"id":1360,"date":"2025-09-28T08:35:44","date_gmt":"2025-09-28T08:35:44","guid":{"rendered":"https:\/\/uhmwpemanufacture.com\/?post_type=product&#038;p=1360"},"modified":"2025-09-28T08:35:44","modified_gmt":"2025-09-28T08:35:44","slug":"uhmwpe-hdpe-temporary-construction-track-road-dura-mat","status":"publish","type":"product","link":"https:\/\/uhmwpemanufacture.com\/pt\/uhmwpe-hdpe-temporary-construction-track-road-dura-mat\/","title":{"rendered":"UHMWPE HDPE Tapete Dura Mat tempor\u00e1rio para constru\u00e7\u00e3o de vias rodovi\u00e1rias"},"content":{"rendered":"<h2>UHMWPE HDPE Pista de constru\u00e7\u00e3o tempor\u00e1ria Pista de rodagem Revestimento de piso dur\u00e1vel<\/h2>\n<p>Os nossos tapetes UHMWPE e HDPE de curta dura\u00e7\u00e3o para estradas de vias de constru\u00e7\u00e3o foram concebidos para oferecer uma defesa s\u00f3lida, est\u00e1vel e reutiliz\u00e1vel do solo para equipamento pesado, cami\u00f5es e equipas de trabalho. Constru\u00eddos a partir de polietileno de alto desempenho, estes tapetes incluem uma elevada capacidade de carga, resist\u00eancia ao desgaste e estabilidade qu\u00edmica, garantindo a resili\u00eancia em ambientes de constru\u00e7\u00e3o dif\u00edceis. A superf\u00edcie antiderrapante aumenta a tra\u00e7\u00e3o e a seguran\u00e7a em terrenos desleixados, desiguais ou macios. Leves e simples de montar, podem ser rapidamente utilizados para estradas de acessibilidade moment\u00e2nea, sistemas de trabalho ou locais de alojamento. Estes revestimentos para pavimentos protegem o solo, reduzem os danos e apoiam procedimentos eficientes em locais de trabalho e projectos industriais.<\/p>","protected":false},"excerpt":{"rendered":"<p>As esteiras Dura de constru\u00e7\u00e3o tempor\u00e1ria UHMWPE e HDPE proporcionam uma prote\u00e7\u00e3o est\u00e1vel do solo para maquinaria pesada. Com superf\u00edcies anti-derrapantes, elevada capacidade de carga e f\u00e1cil instala\u00e7\u00e3o, s\u00e3o ideais para criar estradas de acesso seguras, plataformas de trabalho e \u00e1reas de prepara\u00e7\u00e3o em terrenos macios ou irregulares.<\/p>","protected":false},"featured_media":1361,"template":"","meta":{"_gspb_post_css":""},"product_brand":[],"product_cat":[24,27],"product_tag":[216,76,217],"class_list":{"0":"post-1360","1":"product","2":"type-product","3":"status-publish","4":"has-post-thumbnail","6":"product_cat-ground-protection-road-mats","7":"product_cat-dura-mats","8":"product_tag-construction-track-mats","9":"product_tag-temporary-road-mats","10":"product_tag-uhmwpe-hdpe-mats","12":"first","13":"instock","14":"shipping-taxable","15":"product-type-simple"},"_links":{"self":[{"href":"https:\/\/uhmwpemanufacture.com\/pt\/wp-json\/wp\/v2\/product\/1360","targetHints":{"allow":["GET"]}}],"collection":[{"href":"https:\/\/uhmwpemanufacture.com\/pt\/wp-json\/wp\/v2\/product"}],"about":[{"href":"https:\/\/uhmwpemanufacture.com\/pt\/wp-json\/wp\/v2\/types\/product"}],"wp:featuredmedia":[{"embeddable":true,"href":"https:\/\/uhmwpemanufacture.com\/pt\/wp-json\/wp\/v2\/media\/1361"}],"wp:attachment":[{"href":"https:\/\/uhmwpemanufacture.com\/pt\/wp-json\/wp\/v2\/media?parent=1360"}],"wp:term":[{"taxonomy":"product_brand","embeddable":true,"href":"https:\/\/uhmwpemanufacture.com\/pt\/wp-json\/wp\/v2\/product_brand?post=1360"},{"taxonomy":"product_cat","embeddable":true,"href":"https:\/\/uhmwpemanufacture.com\/pt\/wp-json\/wp\/v2\/product_cat?post=1360"},{"taxonomy":"product_tag","embeddable":true,"href":"https:\/\/uhmwpemanufacture.com\/pt\/wp-json\/wp\/v2\/product_tag?post=1360"}],"curies":[{"name":"wp","href":"https:\/\/api.w.org\/{rel}","templated":true}]}}