{"id":1365,"date":"2025-09-28T08:38:45","date_gmt":"2025-09-28T08:38:45","guid":{"rendered":"https:\/\/uhmwpemanufacture.com\/?post_type=product&#038;p=1365"},"modified":"2025-09-28T08:38:45","modified_gmt":"2025-09-28T08:38:45","slug":"excavator-base-road-mats-plastic-ground-protection-mat","status":"publish","type":"product","link":"https:\/\/uhmwpemanufacture.com\/pt\/excavator-base-road-mats-plastic-ground-protection-mat\/","title":{"rendered":"Tapete de prote\u00e7\u00e3o do solo para escavadoras Tapete de prote\u00e7\u00e3o do solo em pl\u00e1stico"},"content":{"rendered":"<h2>Tapete de prote\u00e7\u00e3o do solo de pl\u00e1stico para caminhos de escavadoras<\/h2>\n<p>Os nossos tapetes de estrada para rastos de escavadoras s\u00e3o concebidos a partir de pl\u00e1stico de alta resist\u00eancia para fornecer uma defesa de solo fi\u00e1vel a projectos populares de constru\u00e7\u00e3o, minera\u00e7\u00e3o e comerciais. Criados para sustentar maquinaria e carros pesados, estes tapetes impedem o afundamento, a forma\u00e7\u00e3o de sulcos e os danos no solo em superf\u00edcies desleixadas, arenosas ou irregulares. A sua superf\u00edcie antiderrapante distinta garante uma ader\u00eancia segura para dispositivos e trabalhadores, enquanto a estrutura leve e modular permite uma instala\u00e7\u00e3o e reutiliza\u00e7\u00e3o r\u00e1pidas. Imunes a produtos qu\u00edmicos, humidade e condi\u00e7\u00f5es climat\u00e9ricas extremas, estes revestimentos para pavimentos proporcionam um desempenho duradouro. Adequados para a produ\u00e7\u00e3o de vias de acesso de curta dura\u00e7\u00e3o, sistemas de trabalho est\u00e1veis e caminhos seguros em problemas de terreno dif\u00edceis.<\/p>","protected":false},"excerpt":{"rendered":"<p>Os tapetes para caminhos de rolamento de escavadoras, fabricados em pl\u00e1stico duradouro, protegem as superf\u00edcies do solo dos danos causados por maquinaria pesada. Com textura antiderrapante e elevada capacidade de carga, evitam a forma\u00e7\u00e3o de sulcos, garantem um acesso seguro e fornecem solu\u00e7\u00f5es reutiliz\u00e1veis para estradas e plataformas tempor\u00e1rias em terrenos macios.<\/p>","protected":false},"featured_media":1366,"template":"","meta":{"_gspb_post_css":""},"product_brand":[],"product_cat":[24,26],"product_tag":[158,218,76],"class_list":{"0":"post-1365","1":"product","2":"type-product","3":"status-publish","4":"has-post-thumbnail","6":"product_cat-ground-protection-road-mats","7":"product_cat-base-mats","8":"product_tag-excavator-track-mats","9":"product_tag-plastic-ground-protection","10":"product_tag-temporary-road-mats","12":"first","13":"instock","14":"shipping-taxable","15":"product-type-simple"},"_links":{"self":[{"href":"https:\/\/uhmwpemanufacture.com\/pt\/wp-json\/wp\/v2\/product\/1365","targetHints":{"allow":["GET"]}}],"collection":[{"href":"https:\/\/uhmwpemanufacture.com\/pt\/wp-json\/wp\/v2\/product"}],"about":[{"href":"https:\/\/uhmwpemanufacture.com\/pt\/wp-json\/wp\/v2\/types\/product"}],"wp:featuredmedia":[{"embeddable":true,"href":"https:\/\/uhmwpemanufacture.com\/pt\/wp-json\/wp\/v2\/media\/1366"}],"wp:attachment":[{"href":"https:\/\/uhmwpemanufacture.com\/pt\/wp-json\/wp\/v2\/media?parent=1365"}],"wp:term":[{"taxonomy":"product_brand","embeddable":true,"href":"https:\/\/uhmwpemanufacture.com\/pt\/wp-json\/wp\/v2\/product_brand?post=1365"},{"taxonomy":"product_cat","embeddable":true,"href":"https:\/\/uhmwpemanufacture.com\/pt\/wp-json\/wp\/v2\/product_cat?post=1365"},{"taxonomy":"product_tag","embeddable":true,"href":"https:\/\/uhmwpemanufacture.com\/pt\/wp-json\/wp\/v2\/product_tag?post=1365"}],"curies":[{"name":"wp","href":"https:\/\/api.w.org\/{rel}","templated":true}]}}