{"id":1371,"date":"2025-09-28T08:46:18","date_gmt":"2025-09-28T08:46:18","guid":{"rendered":"https:\/\/uhmwpemanufacture.com\/?post_type=product&#038;p=1371"},"modified":"2025-09-28T08:46:18","modified_gmt":"2025-09-28T08:46:18","slug":"plastic-crane-outrigger-pads-popular-track-support-pad","status":"publish","type":"product","link":"https:\/\/uhmwpemanufacture.com\/pt\/plastic-crane-outrigger-pads-popular-track-support-pad\/","title":{"rendered":"Almofadas de pl\u00e1stico para guindaste Almofada de suporte de trilho popular"},"content":{"rendered":"<h2>Almofadas de pl\u00e1stico para guindaste Almofada de assist\u00eancia de pista popular<\/h2>\n<p>As nossas almofadas de pl\u00e1stico para guindastes foram concebidas para fornecer uma assist\u00eancia forte e segura para guindastes, elevadores e maquinaria pesada. Fabricadas a partir de polietileno de primeira qualidade, estas almofadas combinam um cuidado leve com uma elevada capacidade de suporte de carga. A superf\u00edcie antiderrapante garante um posicionamento seguro, enquanto a sua resist\u00eancia \u00e0 humidade, aos produtos qu\u00edmicos e \u00e0s condi\u00e7\u00f5es meteorol\u00f3gicas extremas as torna ideais para problemas laboriosos no local. Com um tratamento ergon\u00f3mico, s\u00e3o f\u00e1ceis de transportar e montar, oferecendo uma solu\u00e7\u00e3o sem riscos, recicl\u00e1vel e econ\u00f3mica. Populares em projectos de constru\u00e7\u00e3o, energia e industriais, estas almofadas de assist\u00eancia protegem as \u00e1reas de superf\u00edcie do solo e prolongam a efici\u00eancia do equipamento em ambientes populares.<\/p>","protected":false},"excerpt":{"rendered":"<p>As almofadas de pl\u00e1stico para guindastes fornecem um suporte est\u00e1vel e duradouro para guindastes e maquinaria pesada. Leves e com superf\u00edcies antiderrapantes, resistem \u00e0s intemp\u00e9ries, \u00e0 humidade e aos produtos qu\u00edmicos, protegendo as superf\u00edcies do solo. F\u00e1ceis de transportar e reutiliz\u00e1veis para projectos de constru\u00e7\u00e3o e industriais.<\/p>","protected":false},"featured_media":1380,"template":"","meta":{"_gspb_post_css":""},"product_brand":[],"product_cat":[15,20],"product_tag":[197,222,221],"class_list":{"0":"post-1371","1":"product","2":"type-product","3":"status-publish","4":"has-post-thumbnail","6":"product_cat-uhmwpe-hdpe-sheets-plates","7":"product_cat-crane-outrigger-pads","8":"product_tag-crane-outrigger-pads","9":"product_tag-heavy-equipment-stabilizers","10":"product_tag-plastic-support-pads","12":"first","13":"instock","14":"shipping-taxable","15":"product-type-simple"},"_links":{"self":[{"href":"https:\/\/uhmwpemanufacture.com\/pt\/wp-json\/wp\/v2\/product\/1371","targetHints":{"allow":["GET"]}}],"collection":[{"href":"https:\/\/uhmwpemanufacture.com\/pt\/wp-json\/wp\/v2\/product"}],"about":[{"href":"https:\/\/uhmwpemanufacture.com\/pt\/wp-json\/wp\/v2\/types\/product"}],"wp:featuredmedia":[{"embeddable":true,"href":"https:\/\/uhmwpemanufacture.com\/pt\/wp-json\/wp\/v2\/media\/1380"}],"wp:attachment":[{"href":"https:\/\/uhmwpemanufacture.com\/pt\/wp-json\/wp\/v2\/media?parent=1371"}],"wp:term":[{"taxonomy":"product_brand","embeddable":true,"href":"https:\/\/uhmwpemanufacture.com\/pt\/wp-json\/wp\/v2\/product_brand?post=1371"},{"taxonomy":"product_cat","embeddable":true,"href":"https:\/\/uhmwpemanufacture.com\/pt\/wp-json\/wp\/v2\/product_cat?post=1371"},{"taxonomy":"product_tag","embeddable":true,"href":"https:\/\/uhmwpemanufacture.com\/pt\/wp-json\/wp\/v2\/product_tag?post=1371"}],"curies":[{"name":"wp","href":"https:\/\/api.w.org\/{rel}","templated":true}]}}