{"id":1393,"date":"2025-09-28T08:53:53","date_gmt":"2025-09-28T08:53:53","guid":{"rendered":"https:\/\/uhmwpemanufacture.com\/?post_type=product&#038;p=1393"},"modified":"2025-09-28T08:53:53","modified_gmt":"2025-09-28T08:53:53","slug":"liner-non-stick-coal-silo-silo-liner-hdpe-plate-floor-mats","status":"publish","type":"product","link":"https:\/\/uhmwpemanufacture.com\/pt\/liner-non-stick-coal-silo-silo-liner-hdpe-plate-floor-mats\/","title":{"rendered":"Revestimento antiaderente para silos de carv\u00e3o Revestimento para silos de chapa PEAD Tapetes de ch\u00e3o"},"content":{"rendered":"<h2>Revestimento antiaderente para silos de carv\u00e3o Tapetes de ch\u00e3o em PEAD<\/h2>\n<p>Os nossos revestimentos para silos de carv\u00e3o HDPE e tapetes para pavimentos s\u00e3o desenvolvidos para proporcionar uma not\u00e1vel efici\u00eancia antiaderente e resili\u00eancia em aplica\u00e7\u00f5es de manuseamento de materiais por grosso. Desenvolvidos a partir de polietileno de alta densidade, estes revestimentos evitam que o carv\u00e3o e outros materiais a granel adiram \u00e0s superf\u00edcies das paredes ou pisos dos silos, assegurando uma circula\u00e7\u00e3o suave e diminuindo os bloqueios. A sua elevada resist\u00eancia ao impacto, seguran\u00e7a qu\u00edmica e resist\u00eancia \u00e0 humidade tornam-nas ideais para ambientes exigentes, como minas, centrais el\u00e9ctricas e instala\u00e7\u00f5es de processamento. Leves mas s\u00f3lidas, estas placas s\u00e3o muito f\u00e1ceis de montar e manter. Com uma vida \u00fatil longa e um tempo de inatividade reduzido, proporcionam uma solu\u00e7\u00e3o rent\u00e1vel para opera\u00e7\u00f5es de silo fi\u00e1veis.<\/p>","protected":false},"excerpt":{"rendered":"<p>Os revestimentos e tapetes para silos de carv\u00e3o HDPE proporcionam superf\u00edcies antiaderentes que evitam a acumula\u00e7\u00e3o de material e bloqueios. Com resist\u00eancia ao impacto, aos qu\u00edmicos e \u00e0 humidade, asseguram um fluxo suave, durabilidade e f\u00e1cil instala\u00e7\u00e3o para as ind\u00fastrias mineira, de centrais el\u00e9ctricas e de manuseamento de materiais a granel.<\/p>","protected":false},"featured_media":1394,"template":"","meta":{"_gspb_post_css":""},"product_brand":[],"product_cat":[15,22],"product_tag":[226,227,228],"class_list":{"0":"post-1393","1":"product","2":"type-product","3":"status-publish","4":"has-post-thumbnail","6":"product_cat-uhmwpe-hdpe-sheets-plates","7":"product_cat-coal-bunker-limit-plates","8":"product_tag-coal-silo-liner","9":"product_tag-hdpe-plate-mats","10":"product_tag-non-stick-silo-lining","12":"first","13":"instock","14":"shipping-taxable","15":"product-type-simple"},"_links":{"self":[{"href":"https:\/\/uhmwpemanufacture.com\/pt\/wp-json\/wp\/v2\/product\/1393","targetHints":{"allow":["GET"]}}],"collection":[{"href":"https:\/\/uhmwpemanufacture.com\/pt\/wp-json\/wp\/v2\/product"}],"about":[{"href":"https:\/\/uhmwpemanufacture.com\/pt\/wp-json\/wp\/v2\/types\/product"}],"wp:featuredmedia":[{"embeddable":true,"href":"https:\/\/uhmwpemanufacture.com\/pt\/wp-json\/wp\/v2\/media\/1394"}],"wp:attachment":[{"href":"https:\/\/uhmwpemanufacture.com\/pt\/wp-json\/wp\/v2\/media?parent=1393"}],"wp:term":[{"taxonomy":"product_brand","embeddable":true,"href":"https:\/\/uhmwpemanufacture.com\/pt\/wp-json\/wp\/v2\/product_brand?post=1393"},{"taxonomy":"product_cat","embeddable":true,"href":"https:\/\/uhmwpemanufacture.com\/pt\/wp-json\/wp\/v2\/product_cat?post=1393"},{"taxonomy":"product_tag","embeddable":true,"href":"https:\/\/uhmwpemanufacture.com\/pt\/wp-json\/wp\/v2\/product_tag?post=1393"}],"curies":[{"name":"wp","href":"https:\/\/api.w.org\/{rel}","templated":true}]}}