{"id":1399,"date":"2025-09-28T08:59:06","date_gmt":"2025-09-28T08:59:06","guid":{"rendered":"https:\/\/uhmwpemanufacture.com\/?post_type=product&#038;p=1399"},"modified":"2025-09-28T08:59:06","modified_gmt":"2025-09-28T08:59:06","slug":"polyethylene-engineering-plastic-sheet-board-manufacturer","status":"publish","type":"product","link":"https:\/\/uhmwpemanufacture.com\/pt\/polyethylene-engineering-plastic-sheet-board-manufacturer\/","title":{"rendered":"Placa de pl\u00e1stico de engenharia de polietileno Fabricante"},"content":{"rendered":"<h2>Produtor de placas de pl\u00e1stico de engenharia de polietileno<\/h2>\n<p>As nossas placas de pl\u00e1stico de conce\u00e7\u00e3o em polietileno s\u00e3o concebidas para serem resistentes, robustas e adapt\u00e1veis a uma grande variedade de aplica\u00e7\u00f5es industriais. Fabricadas com PE de alta qualidade, estas placas oferecem uma resist\u00eancia excecional \u00e0 influ\u00eancia, seguran\u00e7a qu\u00edmica e baixa absor\u00e7\u00e3o de humidade. A sua superf\u00edcie lisa garante uma limpeza f\u00e1cil e uma fric\u00e7\u00e3o reduzida, o que as torna ideais para utiliza\u00e7\u00e3o em componentes de m\u00e1quinas, placas redutoras, revestimento celular, embalagem de produtos e projectos de constru\u00e7\u00e3o. F\u00e1ceis de equipar, cortar e fabricar, podem ser adaptados em diferentes tamanhos, cores e espessuras para satisfazer as necessidades de trabalho de pormenor. Como fabricante de confian\u00e7a, fornecemos solu\u00e7\u00f5es fi\u00e1veis e duradouras em folhas de pl\u00e1stico.<\/p>","protected":false},"excerpt":{"rendered":"<p>As folhas de pl\u00e1stico de engenharia de polietileno proporcionam for\u00e7a, resist\u00eancia ao impacto e estabilidade qu\u00edmica. Com superf\u00edcies lisas e baixa fric\u00e7\u00e3o, s\u00e3o ideais para maquinaria, revestimento, constru\u00e7\u00e3o e embalagem. Dispon\u00edveis em tamanhos e cores personalizados de um fabricante fi\u00e1vel.<\/p>","protected":false},"featured_media":1400,"template":"","meta":{"_gspb_post_css":""},"product_brand":[],"product_cat":[15,18],"product_tag":[230,231,229],"class_list":{"0":"post-1399","1":"product","2":"type-product","3":"status-publish","4":"has-post-thumbnail","6":"product_cat-uhmwpe-hdpe-sheets-plates","7":"product_cat-hdpe-sheets","8":"product_tag-engineering-pe-board","9":"product_tag-plastic-sheet-manufacturer","10":"product_tag-polyethylene-plastic-sheet","12":"first","13":"instock","14":"shipping-taxable","15":"product-type-simple"},"_links":{"self":[{"href":"https:\/\/uhmwpemanufacture.com\/pt\/wp-json\/wp\/v2\/product\/1399","targetHints":{"allow":["GET"]}}],"collection":[{"href":"https:\/\/uhmwpemanufacture.com\/pt\/wp-json\/wp\/v2\/product"}],"about":[{"href":"https:\/\/uhmwpemanufacture.com\/pt\/wp-json\/wp\/v2\/types\/product"}],"wp:featuredmedia":[{"embeddable":true,"href":"https:\/\/uhmwpemanufacture.com\/pt\/wp-json\/wp\/v2\/media\/1400"}],"wp:attachment":[{"href":"https:\/\/uhmwpemanufacture.com\/pt\/wp-json\/wp\/v2\/media?parent=1399"}],"wp:term":[{"taxonomy":"product_brand","embeddable":true,"href":"https:\/\/uhmwpemanufacture.com\/pt\/wp-json\/wp\/v2\/product_brand?post=1399"},{"taxonomy":"product_cat","embeddable":true,"href":"https:\/\/uhmwpemanufacture.com\/pt\/wp-json\/wp\/v2\/product_cat?post=1399"},{"taxonomy":"product_tag","embeddable":true,"href":"https:\/\/uhmwpemanufacture.com\/pt\/wp-json\/wp\/v2\/product_tag?post=1399"}],"curies":[{"name":"wp","href":"https:\/\/api.w.org\/{rel}","templated":true}]}}