{"id":1406,"date":"2025-09-28T09:08:09","date_gmt":"2025-09-28T09:08:09","guid":{"rendered":"https:\/\/uhmwpemanufacture.com\/?post_type=product&#038;p=1406"},"modified":"2025-09-28T09:08:09","modified_gmt":"2025-09-28T09:08:09","slug":"portable-uhmwpe-plastic-cribbing-blocks-crane-outrigger-pads","status":"publish","type":"product","link":"https:\/\/uhmwpemanufacture.com\/pt\/portable-uhmwpe-plastic-cribbing-blocks-crane-outrigger-pads\/","title":{"rendered":"Blocos de pl\u00e1stico UHMWPE port\u00e1teis para guindaste Almofadas para guindaste"},"content":{"rendered":"<h2>Blocos de pl\u00e1stico UHMWPE port\u00e1teis para guindaste Almofadas para guindaste<\/h2>\n<p>Os nossos blocos port\u00e1teis de pl\u00e1stico UHMWPE e almofadas para estabilizadores de gruas foram concebidos para proporcionar uma resist\u00eancia, estabilidade e durabilidade superiores para opera\u00e7\u00f5es de eleva\u00e7\u00e3o pesada. Fabricados em polietileno de peso molecular ultra-elevado, resistem \u00e0 \u00e1gua, a produtos qu\u00edmicos e a condi\u00e7\u00f5es climat\u00e9ricas extremas, garantindo um desempenho a longo prazo em locais de trabalho exigentes. A estrutura leve mas forte permite um manuseamento f\u00e1cil, enquanto a superf\u00edcie antiderrapante proporciona uma coloca\u00e7\u00e3o segura sob gruas, estabilizadores e maquinaria pesada. Concebidos para uma utiliza\u00e7\u00e3o repetida, estes blocos protegem as superf\u00edcies do solo, reduzem o desgaste do equipamento e aumentam a seguran\u00e7a geral do local. Ideal para a constru\u00e7\u00e3o, explora\u00e7\u00e3o mineira e aplica\u00e7\u00f5es industriais que requerem um suporte de carga fi\u00e1vel.<\/p>","protected":false},"excerpt":{"rendered":"<p>Os blocos de suporte port\u00e1teis em UHMWPE e as almofadas para estabilizadores fornecem um suporte duradouro e leve para gruas e maquinaria pesada. Com superf\u00edcies antiderrapantes e resist\u00eancia \u00e0s intemp\u00e9ries, garantem estabilidade, protegem as superf\u00edcies do solo e proporcionam um desempenho de eleva\u00e7\u00e3o seguro na constru\u00e7\u00e3o e na utiliza\u00e7\u00e3o industrial.<\/p>","protected":false},"featured_media":1411,"template":"","meta":{"_gspb_post_css":""},"product_brand":[],"product_cat":[15,21],"product_tag":[197,232,113],"class_list":{"0":"post-1406","1":"product","2":"type-product","3":"status-publish","4":"has-post-thumbnail","6":"product_cat-uhmwpe-hdpe-sheets-plates","7":"product_cat-uhmwpe-fender-pads","8":"product_tag-crane-outrigger-pads","9":"product_tag-portable-support-pads","10":"product_tag-uhmwpe-cribbing-blocks","12":"first","13":"instock","14":"shipping-taxable","15":"product-type-simple"},"_links":{"self":[{"href":"https:\/\/uhmwpemanufacture.com\/pt\/wp-json\/wp\/v2\/product\/1406","targetHints":{"allow":["GET"]}}],"collection":[{"href":"https:\/\/uhmwpemanufacture.com\/pt\/wp-json\/wp\/v2\/product"}],"about":[{"href":"https:\/\/uhmwpemanufacture.com\/pt\/wp-json\/wp\/v2\/types\/product"}],"wp:featuredmedia":[{"embeddable":true,"href":"https:\/\/uhmwpemanufacture.com\/pt\/wp-json\/wp\/v2\/media\/1411"}],"wp:attachment":[{"href":"https:\/\/uhmwpemanufacture.com\/pt\/wp-json\/wp\/v2\/media?parent=1406"}],"wp:term":[{"taxonomy":"product_brand","embeddable":true,"href":"https:\/\/uhmwpemanufacture.com\/pt\/wp-json\/wp\/v2\/product_brand?post=1406"},{"taxonomy":"product_cat","embeddable":true,"href":"https:\/\/uhmwpemanufacture.com\/pt\/wp-json\/wp\/v2\/product_cat?post=1406"},{"taxonomy":"product_tag","embeddable":true,"href":"https:\/\/uhmwpemanufacture.com\/pt\/wp-json\/wp\/v2\/product_tag?post=1406"}],"curies":[{"name":"wp","href":"https:\/\/api.w.org\/{rel}","templated":true}]}}