{"id":1415,"date":"2025-09-28T09:15:34","date_gmt":"2025-09-28T09:15:34","guid":{"rendered":"https:\/\/uhmwpemanufacture.com\/?post_type=product&#038;p=1415"},"modified":"2025-09-28T09:15:34","modified_gmt":"2025-09-28T09:15:34","slug":"uhmwpe-hdpe-sheets-liner-plate-stock-bin-liner-suppliers","status":"publish","type":"product","link":"https:\/\/uhmwpemanufacture.com\/pt\/uhmwpe-hdpe-sheets-liner-plate-stock-bin-liner-suppliers\/","title":{"rendered":"Uhmwpe HDPE Sheets Liner Plate Stock Bin Liner Fornecedores"},"content":{"rendered":"<h2>UHMWPE HDPE Folhas Forro Placa Estoque Fornecedores de forro de contentor<\/h2>\n<p>As nossas folhas de UHMWPE e HDPE s\u00e3o concebidas em placas de revestimento robustas feitas para caixas de abastecimento, silos e ferramentas de manuseamento de materiais. Estes revestimentos fornecem uma excelente resist\u00eancia ao desgaste, influenciam a dureza e as propriedades auto-lubrificantes para garantir um fluxo suave do produto e diminuir as obstru\u00e7\u00f5es. Com uma estabilidade qu\u00edmica e uma resist\u00eancia \u00e0 humidade excepcionais, s\u00e3o executados com precis\u00e3o mesmo em ambientes comerciais extremos. F\u00e1ceis de reduzir, de utilizar e de instalar, estas folhas reduzem o tempo de inatividade, prolongam a vida \u00fatil das ferramentas e reduzem os custos de manuten\u00e7\u00e3o. Dispon\u00edveis em v\u00e1rios tamanhos, espessuras e cores, s\u00e3o \u00f3ptimos servi\u00e7os para os sectores mineiro, agr\u00edcola, de centrais nucleares e de manuseamento de gran\u00e9is.<\/p>","protected":false},"excerpt":{"rendered":"<p>As folhas de revestimento em UHMWPE e HDPE proporcionam uma prote\u00e7\u00e3o duradoura para silos e caixas de armazenamento. Com resist\u00eancia ao desgaste, resist\u00eancia ao impacto e auto-lubrifica\u00e7\u00e3o, asseguram um fluxo de material suave, reduzem os bloqueios e prolongam a vida \u00fatil do equipamento em aplica\u00e7\u00f5es mineiras, agr\u00edcolas e industriais.<\/p>","protected":false},"featured_media":1417,"template":"","meta":{"_gspb_post_css":""},"product_brand":[],"product_cat":[15,22],"product_tag":[234,235,233],"class_list":{"0":"post-1415","1":"product","2":"type-product","3":"status-publish","4":"has-post-thumbnail","6":"product_cat-uhmwpe-hdpe-sheets-plates","7":"product_cat-coal-bunker-limit-plates","8":"product_tag-hdpe-bin-liner","9":"product_tag-stock-bin-lining-plates","10":"product_tag-uhmwpe-liner-sheet","12":"first","13":"instock","14":"shipping-taxable","15":"product-type-simple"},"_links":{"self":[{"href":"https:\/\/uhmwpemanufacture.com\/pt\/wp-json\/wp\/v2\/product\/1415","targetHints":{"allow":["GET"]}}],"collection":[{"href":"https:\/\/uhmwpemanufacture.com\/pt\/wp-json\/wp\/v2\/product"}],"about":[{"href":"https:\/\/uhmwpemanufacture.com\/pt\/wp-json\/wp\/v2\/types\/product"}],"wp:featuredmedia":[{"embeddable":true,"href":"https:\/\/uhmwpemanufacture.com\/pt\/wp-json\/wp\/v2\/media\/1417"}],"wp:attachment":[{"href":"https:\/\/uhmwpemanufacture.com\/pt\/wp-json\/wp\/v2\/media?parent=1415"}],"wp:term":[{"taxonomy":"product_brand","embeddable":true,"href":"https:\/\/uhmwpemanufacture.com\/pt\/wp-json\/wp\/v2\/product_brand?post=1415"},{"taxonomy":"product_cat","embeddable":true,"href":"https:\/\/uhmwpemanufacture.com\/pt\/wp-json\/wp\/v2\/product_cat?post=1415"},{"taxonomy":"product_tag","embeddable":true,"href":"https:\/\/uhmwpemanufacture.com\/pt\/wp-json\/wp\/v2\/product_tag?post=1415"}],"curies":[{"name":"wp","href":"https:\/\/api.w.org\/{rel}","templated":true}]}}