{"id":1421,"date":"2025-09-28T09:19:23","date_gmt":"2025-09-28T09:19:23","guid":{"rendered":"https:\/\/uhmwpemanufacture.com\/?post_type=product&#038;p=1421"},"modified":"2025-09-28T09:19:23","modified_gmt":"2025-09-28T09:19:23","slug":"high-quality-hdpe-sheet-green-hdpe-board-manufacturers","status":"publish","type":"product","link":"https:\/\/uhmwpemanufacture.com\/pt\/high-quality-hdpe-sheet-green-hdpe-board-manufacturers\/","title":{"rendered":"Folha de PEAD de alta qualidade Fabricantes de placa de PEAD verde"},"content":{"rendered":"<h2>Folha de PEAD de alta qualidade Fabricantes de placas de PEAD ecol\u00f3gicas<\/h2>\n<p>A nossa folha de PEAD verde de alta qualidade utiliza uma excelente resili\u00eancia, resist\u00eancia qu\u00edmica e resist\u00eancia \u00e0 influ\u00eancia. Criadas para uma grande variedade de utiliza\u00e7\u00f5es industriais, estas placas de PEAD oferecem uma efici\u00eancia fi\u00e1vel em aplica\u00e7\u00f5es de corte, revestimento, constru\u00e7\u00e3o e seguran\u00e7a. Leves mas fortes, s\u00e3o imunes \u00e0 humidade, \u00e0 corros\u00e3o e \u00e0 utiliza\u00e7\u00e3o, o que as torna ideais para tarefas interiores e exteriores. Com excelente maquinabilidade, as folhas podem ser convenientemente reduzidas, coladas ou moldadas para satisfazer requisitos personalizados. Tipicamente utilizado na agricultura, na constru\u00e7\u00e3o civil e no manuseamento de materiais, este artigo garante uma funcionalidade resistente com muito pouca manuten\u00e7\u00e3o, proporcionando desempenho e rentabilidade.<\/p>","protected":false},"excerpt":{"rendered":"<p>As placas de PEAD verde de alta qualidade apresentam uma forte resist\u00eancia ao impacto, durabilidade e excelente estabilidade qu\u00edmica. Ideais para revestimento, corte e fabrico em aplica\u00e7\u00f5es industriais, agr\u00edcolas e de constru\u00e7\u00e3o, estas placas garantem uma utiliza\u00e7\u00e3o duradoura com uma maquina\u00e7\u00e3o f\u00e1cil.<\/p>","protected":false},"featured_media":1422,"template":"","meta":{"_gspb_post_css":""},"product_brand":[],"product_cat":[15,18],"product_tag":[236,237,59],"class_list":{"0":"post-1421","1":"product","2":"type-product","3":"status-publish","4":"has-post-thumbnail","6":"product_cat-uhmwpe-hdpe-sheets-plates","7":"product_cat-hdpe-sheets","8":"product_tag-green-plastic-board","9":"product_tag-hdpe-manufacturers","10":"product_tag-hdpe-sheet","12":"first","13":"instock","14":"shipping-taxable","15":"product-type-simple"},"_links":{"self":[{"href":"https:\/\/uhmwpemanufacture.com\/pt\/wp-json\/wp\/v2\/product\/1421","targetHints":{"allow":["GET"]}}],"collection":[{"href":"https:\/\/uhmwpemanufacture.com\/pt\/wp-json\/wp\/v2\/product"}],"about":[{"href":"https:\/\/uhmwpemanufacture.com\/pt\/wp-json\/wp\/v2\/types\/product"}],"wp:featuredmedia":[{"embeddable":true,"href":"https:\/\/uhmwpemanufacture.com\/pt\/wp-json\/wp\/v2\/media\/1422"}],"wp:attachment":[{"href":"https:\/\/uhmwpemanufacture.com\/pt\/wp-json\/wp\/v2\/media?parent=1421"}],"wp:term":[{"taxonomy":"product_brand","embeddable":true,"href":"https:\/\/uhmwpemanufacture.com\/pt\/wp-json\/wp\/v2\/product_brand?post=1421"},{"taxonomy":"product_cat","embeddable":true,"href":"https:\/\/uhmwpemanufacture.com\/pt\/wp-json\/wp\/v2\/product_cat?post=1421"},{"taxonomy":"product_tag","embeddable":true,"href":"https:\/\/uhmwpemanufacture.com\/pt\/wp-json\/wp\/v2\/product_tag?post=1421"}],"curies":[{"name":"wp","href":"https:\/\/api.w.org\/{rel}","templated":true}]}}