{"id":1429,"date":"2025-09-28T09:24:10","date_gmt":"2025-09-28T09:24:10","guid":{"rendered":"https:\/\/uhmwpemanufacture.com\/?post_type=product&#038;p=1429"},"modified":"2025-09-28T09:24:10","modified_gmt":"2025-09-28T09:24:10","slug":"custom-eco-friendly-high-quality-uhmwpe-sheet-manufacturer","status":"publish","type":"product","link":"https:\/\/uhmwpemanufacture.com\/pt\/custom-eco-friendly-high-quality-uhmwpe-sheet-manufacturer\/","title":{"rendered":"Fabricante de chapa de Uhmwpe de alta qualidade e ecol\u00f3gica personalizada"},"content":{"rendered":"<h2>Produtor de chapas de UHMWPE de qualidade superior ecol\u00f3gica personalizada<\/h2>\n<p>As nossas folhas UHMWPE ecol\u00f3gicas feitas \u00e0 medida s\u00e3o criadas para uma efici\u00eancia e sustentabilidade not\u00e1veis. Produzidas com polietileno de elevado peso molecular, estas folhas oferecem uma excelente resist\u00eancia ao desgaste, baixa fric\u00e7\u00e3o e resist\u00eancia ao efeito. As suas propriedades n\u00e3o t\u00f3xicas e recicl\u00e1veis tornam-nas \u00f3ptimas para as ind\u00fastrias que procuram solu\u00e7\u00f5es ecol\u00f3gicas sem renunciar a uma elevada qualidade. Perfeitas para projectos de revestimento, maquinagem e design duradouro, estas folhas garantem uma longa vida \u00fatil tamb\u00e9m em ambientes severos. Como fabricante de confian\u00e7a, oferecemos tamanhos, espessuras e tonalidades ajust\u00e1veis para satisfazer as suas necessidades precisas, apoiando aplica\u00e7\u00f5es industriais e ambientais.<\/p>","protected":false},"excerpt":{"rendered":"<p>As chapas UHMWPE personalizadas e ecol\u00f3gicas oferecem uma excelente resist\u00eancia ao desgaste, resist\u00eancia ao impacto e baixa fric\u00e7\u00e3o. N\u00e3o t\u00f3xicas e recicl\u00e1veis, s\u00e3o ideais para revestimento, maquinagem e utiliza\u00e7\u00e3o industrial. Dispon\u00edveis em tamanhos e cores personaliz\u00e1veis para satisfazer diversas necessidades de aplica\u00e7\u00e3o.<\/p>","protected":false},"featured_media":1432,"template":"","meta":{"_gspb_post_css":""},"product_brand":[],"product_cat":[15,17],"product_tag":[238,239,56],"class_list":{"0":"post-1429","1":"product","2":"type-product","3":"status-publish","4":"has-post-thumbnail","6":"product_cat-uhmwpe-hdpe-sheets-plates","7":"product_cat-uhmwpe-sheets","8":"product_tag-eco-friendly-plastic","9":"product_tag-industrial-lining","10":"product_tag-uhmwpe-sheet","12":"first","13":"instock","14":"shipping-taxable","15":"product-type-simple"},"_links":{"self":[{"href":"https:\/\/uhmwpemanufacture.com\/pt\/wp-json\/wp\/v2\/product\/1429","targetHints":{"allow":["GET"]}}],"collection":[{"href":"https:\/\/uhmwpemanufacture.com\/pt\/wp-json\/wp\/v2\/product"}],"about":[{"href":"https:\/\/uhmwpemanufacture.com\/pt\/wp-json\/wp\/v2\/types\/product"}],"wp:featuredmedia":[{"embeddable":true,"href":"https:\/\/uhmwpemanufacture.com\/pt\/wp-json\/wp\/v2\/media\/1432"}],"wp:attachment":[{"href":"https:\/\/uhmwpemanufacture.com\/pt\/wp-json\/wp\/v2\/media?parent=1429"}],"wp:term":[{"taxonomy":"product_brand","embeddable":true,"href":"https:\/\/uhmwpemanufacture.com\/pt\/wp-json\/wp\/v2\/product_brand?post=1429"},{"taxonomy":"product_cat","embeddable":true,"href":"https:\/\/uhmwpemanufacture.com\/pt\/wp-json\/wp\/v2\/product_cat?post=1429"},{"taxonomy":"product_tag","embeddable":true,"href":"https:\/\/uhmwpemanufacture.com\/pt\/wp-json\/wp\/v2\/product_tag?post=1429"}],"curies":[{"name":"wp","href":"https:\/\/api.w.org\/{rel}","templated":true}]}}