{"id":1435,"date":"2025-09-28T09:28:22","date_gmt":"2025-09-28T09:28:22","guid":{"rendered":"https:\/\/uhmwpemanufacture.com\/?post_type=product&#038;p=1435"},"modified":"2025-09-28T09:28:22","modified_gmt":"2025-09-28T09:28:22","slug":"custom-hdpe-heavy-duty-road-mats-temporary-access-road-mats","status":"publish","type":"product","link":"https:\/\/uhmwpemanufacture.com\/pt\/custom-hdpe-heavy-duty-road-mats-temporary-access-road-mats\/","title":{"rendered":"Tapetes de estrada personalizados de PEAD para servi\u00e7o pesado Tapetes de estrada de acesso tempor\u00e1rio"},"content":{"rendered":"<h2>Tapetes de estrada robustos em HDPE personalizados Tapetes de estrada de acessibilidade tempor\u00e1ria<\/h2>\n<p>Os tapetes de estrada resistentes em PEAD personalizados proporcionam uma prote\u00e7\u00e3o fi\u00e1vel do solo e acessibilidade tempor\u00e1ria para projectos de constru\u00e7\u00e3o, campos petrol\u00edferos e dispositivos pesados. Desenvolvidos a partir de polietileno de alta densidade, estes tapetes resistem \u00e0 deteriora\u00e7\u00e3o, aos produtos qu\u00edmicos e ao clima extremo, suportando toneladas pesadas sem rachar. A superf\u00edcie antiderrapante distinta garante a seguran\u00e7a e prote\u00e7\u00e3o em terrenos desleixados, irregulares ou sens\u00edveis. Leves mas duros, s\u00e3o simples de transportar, montar e reutilizar, o que os torna uma solu\u00e7\u00e3o amiga do ambiente para proteger a terra, a relva e os ambientes de trabalho. Perfeitos para o desenvolvimento de estradas est\u00e1veis de curta dura\u00e7\u00e3o, plataformas de trabalho e rotas de acessibilidade ocasionais, estes tapetes proporcionam resist\u00eancia e durabilidade para aplica\u00e7\u00f5es comerciais exigentes.<\/p>","protected":false},"excerpt":{"rendered":"<p>Os tapetes para estradas HDPE personalizados para trabalhos pesados proporcionam uma prote\u00e7\u00e3o est\u00e1vel do solo para m\u00e1quinas e ve\u00edculos pesados. Com superf\u00edcies antiderrapantes e elevada capacidade de carga, s\u00e3o reutiliz\u00e1veis, resistentes \u00e0s intemp\u00e9ries e ideais para a constru\u00e7\u00e3o, campos petrol\u00edferos e vias de acesso tempor\u00e1rio em terrenos macios ou irregulares.<\/p>","protected":false},"featured_media":1437,"template":"","meta":{"_gspb_post_css":""},"product_brand":[],"product_cat":[24,27],"product_tag":[73,240,241],"class_list":{"0":"post-1435","1":"product","2":"type-product","3":"status-publish","4":"has-post-thumbnail","6":"product_cat-ground-protection-road-mats","7":"product_cat-dura-mats","8":"product_tag-hdpe-road-mats","9":"product_tag-heavy-duty-ground-mats","10":"product_tag-temporary-access-mats","12":"first","13":"instock","14":"shipping-taxable","15":"product-type-simple"},"_links":{"self":[{"href":"https:\/\/uhmwpemanufacture.com\/pt\/wp-json\/wp\/v2\/product\/1435","targetHints":{"allow":["GET"]}}],"collection":[{"href":"https:\/\/uhmwpemanufacture.com\/pt\/wp-json\/wp\/v2\/product"}],"about":[{"href":"https:\/\/uhmwpemanufacture.com\/pt\/wp-json\/wp\/v2\/types\/product"}],"wp:featuredmedia":[{"embeddable":true,"href":"https:\/\/uhmwpemanufacture.com\/pt\/wp-json\/wp\/v2\/media\/1437"}],"wp:attachment":[{"href":"https:\/\/uhmwpemanufacture.com\/pt\/wp-json\/wp\/v2\/media?parent=1435"}],"wp:term":[{"taxonomy":"product_brand","embeddable":true,"href":"https:\/\/uhmwpemanufacture.com\/pt\/wp-json\/wp\/v2\/product_brand?post=1435"},{"taxonomy":"product_cat","embeddable":true,"href":"https:\/\/uhmwpemanufacture.com\/pt\/wp-json\/wp\/v2\/product_cat?post=1435"},{"taxonomy":"product_tag","embeddable":true,"href":"https:\/\/uhmwpemanufacture.com\/pt\/wp-json\/wp\/v2\/product_tag?post=1435"}],"curies":[{"name":"wp","href":"https:\/\/api.w.org\/{rel}","templated":true}]}}