{"id":1444,"date":"2025-09-28T09:31:32","date_gmt":"2025-09-28T09:31:32","guid":{"rendered":"https:\/\/uhmwpemanufacture.com\/?post_type=product&#038;p=1444"},"modified":"2025-09-28T09:31:32","modified_gmt":"2025-09-28T09:31:32","slug":"custom-injection-molding-abs-nylon-pom-pp-pe-plastic-parts","status":"publish","type":"product","link":"https:\/\/uhmwpemanufacture.com\/pt\/custom-injection-molding-abs-nylon-pom-pp-pe-plastic-parts\/","title":{"rendered":"Moldagem por inje\u00e7\u00e3o personalizada Pe\u00e7as em pl\u00e1stico ABS Nylon POM PP PE"},"content":{"rendered":"<h2>Componentes de pl\u00e1stico ABS Nylon POM PP PE para moldagem por inje\u00e7\u00e3o feitos \u00e0 medida<\/h2>\n<p>As nossas solu\u00e7\u00f5es personalizadas de moldagem por inje\u00e7\u00e3o fornecem pe\u00e7as de pl\u00e1stico de primeira qualidade feitas de abdominal, nylon, POM, PP e PE. Desenvolvidos para precis\u00e3o e longevidade, estes componentes s\u00e3o normalmente utilizados em autom\u00f3veis, dispositivos electr\u00f3nicos, embalagens de produtos e aplica\u00e7\u00f5es comerciais. Fabricados com tecnologia moderna de moldagem sofisticada, incluem excelente estabilidade dimensional, resist\u00eancia a efeitos e resili\u00eancia qu\u00edmica. Prontamente dispon\u00edveis numa gama de formas, tamanhos e tonalidades, estas pe\u00e7as podem ser personalizadas para satisfazer as necessidades exclusivas dos clientes. Leves mas fortes, proporcionam um desempenho respeit\u00e1vel procurado em ambientes. Como fornecedor de confian\u00e7a, garantimos servi\u00e7os econ\u00f3micos para pequenas e grandes s\u00e9ries de produ\u00e7\u00e3o.<\/p>","protected":false},"excerpt":{"rendered":"<p>As pe\u00e7as moldadas por inje\u00e7\u00e3o personalizadas feitas de ABS, nylon, POM, PP e PE oferecem resist\u00eancia, precis\u00e3o e durabilidade. Ideais para utiliza\u00e7\u00e3o autom\u00f3vel, eletr\u00f3nica e industrial, estes componentes s\u00e3o personaliz\u00e1veis em termos de forma, tamanho e cor para satisfazerem diversos requisitos de aplica\u00e7\u00e3o.<\/p>","protected":false},"featured_media":1450,"template":"","meta":{"_gspb_post_css":""},"product_brand":[],"product_cat":[23,35],"product_tag":[243,125,242],"class_list":{"0":"post-1444","1":"product","2":"type-product","3":"status-publish","4":"has-post-thumbnail","6":"product_cat-nylon-sheets","7":"product_cat-pp-pe-products","8":"product_tag-abs-nylon-components","9":"product_tag-custom-plastic-parts","10":"product_tag-injection-molding-parts","12":"first","13":"instock","14":"shipping-taxable","15":"product-type-simple"},"_links":{"self":[{"href":"https:\/\/uhmwpemanufacture.com\/pt\/wp-json\/wp\/v2\/product\/1444","targetHints":{"allow":["GET"]}}],"collection":[{"href":"https:\/\/uhmwpemanufacture.com\/pt\/wp-json\/wp\/v2\/product"}],"about":[{"href":"https:\/\/uhmwpemanufacture.com\/pt\/wp-json\/wp\/v2\/types\/product"}],"wp:featuredmedia":[{"embeddable":true,"href":"https:\/\/uhmwpemanufacture.com\/pt\/wp-json\/wp\/v2\/media\/1450"}],"wp:attachment":[{"href":"https:\/\/uhmwpemanufacture.com\/pt\/wp-json\/wp\/v2\/media?parent=1444"}],"wp:term":[{"taxonomy":"product_brand","embeddable":true,"href":"https:\/\/uhmwpemanufacture.com\/pt\/wp-json\/wp\/v2\/product_brand?post=1444"},{"taxonomy":"product_cat","embeddable":true,"href":"https:\/\/uhmwpemanufacture.com\/pt\/wp-json\/wp\/v2\/product_cat?post=1444"},{"taxonomy":"product_tag","embeddable":true,"href":"https:\/\/uhmwpemanufacture.com\/pt\/wp-json\/wp\/v2\/product_tag?post=1444"}],"curies":[{"name":"wp","href":"https:\/\/api.w.org\/{rel}","templated":true}]}}