{"id":1453,"date":"2025-09-28T09:34:54","date_gmt":"2025-09-28T09:34:54","guid":{"rendered":"https:\/\/uhmwpemanufacture.com\/?post_type=product&#038;p=1453"},"modified":"2025-09-28T09:34:54","modified_gmt":"2025-09-28T09:34:54","slug":"uhmwpe-synthetic-ice-synthetic-panel-curling-practice-floor","status":"publish","type":"product","link":"https:\/\/uhmwpemanufacture.com\/pt\/uhmwpe-synthetic-ice-synthetic-panel-curling-practice-floor\/","title":{"rendered":"Uhmwpe Gelo sint\u00e9tico Painel sint\u00e9tico Pavimento para treino de carac\u00f3is"},"content":{"rendered":"<h2>Painel de gelo sint\u00e9tico UHMWPE Piso para t\u00e9cnica de curling<\/h2>\n<p>Os nossos pain\u00e9is de gelo sint\u00e9tico UHMWPE foram criados para criar uma superf\u00edcie lisa, semelhante ao gelo, para a pr\u00e1tica e treino do curling, sem necessidade de refrigera\u00e7\u00e3o. Fabricados a partir de polietileno de peso molecular ultra-elevado, estes pain\u00e9is proporcionam um desempenho de movimento excecional, redu\u00e7\u00e3o da fric\u00e7\u00e3o e elevada durabilidade para uma utiliza\u00e7\u00e3o duradoura. Resistentes \u00e0s intemp\u00e9ries e aos impactos, funcionam perfeitamente tanto no interior como no exterior da sua casa, o que os torna adequados para centros desportivos, col\u00e9gios e centros recreativos. Com um estilo de encaixe f\u00e1cil de instalar, os pain\u00e9is oferecem uma configura\u00e7\u00e3o r\u00e1pida e uma efici\u00eancia constante. Ecol\u00f3gicos e econ\u00f3micos, proporcionam uma experi\u00eancia de curling realista, reduzindo as despesas de manuten\u00e7\u00e3o e funcionamento.<\/p>","protected":false},"excerpt":{"rendered":"<p>Os pain\u00e9is de gelo sint\u00e9tico UHMWPE proporcionam uma superf\u00edcie lisa e semelhante ao gelo para a pr\u00e1tica de curling sem refrigera\u00e7\u00e3o. Dur\u00e1veis, de baixa fric\u00e7\u00e3o e resistentes \u00e0s intemp\u00e9ries, s\u00e3o f\u00e1ceis de instalar e ideais para treinos no interior ou no exterior, instala\u00e7\u00f5es desportivas e centros recreativos.<\/p>","protected":false},"featured_media":1456,"template":"","meta":{"_gspb_post_css":""},"product_brand":[],"product_cat":[29,32],"product_tag":[244,126,245],"class_list":{"0":"post-1453","1":"product","2":"type-product","3":"status-publish","4":"has-post-thumbnail","6":"product_cat-ice-rink-products","7":"product_cat-ice-synthetic-panels","8":"product_tag-curling-practice-floor","9":"product_tag-synthetic-ice-panels","10":"product_tag-uhmwpe-sports-flooring","12":"first","13":"instock","14":"shipping-taxable","15":"product-type-simple"},"_links":{"self":[{"href":"https:\/\/uhmwpemanufacture.com\/pt\/wp-json\/wp\/v2\/product\/1453","targetHints":{"allow":["GET"]}}],"collection":[{"href":"https:\/\/uhmwpemanufacture.com\/pt\/wp-json\/wp\/v2\/product"}],"about":[{"href":"https:\/\/uhmwpemanufacture.com\/pt\/wp-json\/wp\/v2\/types\/product"}],"wp:featuredmedia":[{"embeddable":true,"href":"https:\/\/uhmwpemanufacture.com\/pt\/wp-json\/wp\/v2\/media\/1456"}],"wp:attachment":[{"href":"https:\/\/uhmwpemanufacture.com\/pt\/wp-json\/wp\/v2\/media?parent=1453"}],"wp:term":[{"taxonomy":"product_brand","embeddable":true,"href":"https:\/\/uhmwpemanufacture.com\/pt\/wp-json\/wp\/v2\/product_brand?post=1453"},{"taxonomy":"product_cat","embeddable":true,"href":"https:\/\/uhmwpemanufacture.com\/pt\/wp-json\/wp\/v2\/product_cat?post=1453"},{"taxonomy":"product_tag","embeddable":true,"href":"https:\/\/uhmwpemanufacture.com\/pt\/wp-json\/wp\/v2\/product_tag?post=1453"}],"curies":[{"name":"wp","href":"https:\/\/api.w.org\/{rel}","templated":true}]}}