{"id":1461,"date":"2025-09-28T09:39:24","date_gmt":"2025-09-28T09:39:24","guid":{"rendered":"https:\/\/uhmwpemanufacture.com\/?post_type=product&#038;p=1461"},"modified":"2025-09-28T09:39:24","modified_gmt":"2025-09-28T09:39:24","slug":"custom-hockey-board-synthetic-ice-rink-skating-dasher-boards","status":"publish","type":"product","link":"https:\/\/uhmwpemanufacture.com\/pt\/custom-hockey-board-synthetic-ice-rink-skating-dasher-boards\/","title":{"rendered":"T\u00e1bua de h\u00f3quei personalizada T\u00e1bua de patinagem em pista de gelo sint\u00e9tico"},"content":{"rendered":"<h2>Prancha de h\u00f3quei personalizada Pranchas de patinagem em pista de gelo sint\u00e9tico<\/h2>\n<p>As nossas pranchas de h\u00f3quei personalizadas e as pranchas sint\u00e9ticas para pistas de gelo s\u00e3o concebidas para durabilidade, seguran\u00e7a e desempenho profissional. Fabricadas a partir de polietileno de alta qualidade, suportam influ\u00eancias fortes, proporcionando uma superf\u00edcie lisa e agrad\u00e1vel para os jogadores patinarem e jogarem. Feitas para arenas interiores e exteriores, estas placas resistem \u00e0 exposi\u00e7\u00e3o direta aos raios UV, \u00e0 humidade e a condi\u00e7\u00f5es clim\u00e1ticas adversas, garantindo uma utiliza\u00e7\u00e3o duradoura. A constru\u00e7\u00e3o modular permite uma r\u00e1pida instala\u00e7\u00e3o, manuten\u00e7\u00e3o e personaliza\u00e7\u00e3o para se adaptar a diferentes tamanhos de ringue. Adequadas para instala\u00e7\u00f5es de treino, instala\u00e7\u00f5es de entretenimento e campos de h\u00f3quei especializados, estas pranchas proporcionam uma estabilidade fi\u00e1vel e um ambiente de patinagem sem riscos.<\/p>","protected":false},"excerpt":{"rendered":"<p>As placas de h\u00f3quei personalizadas e as placas sint\u00e9ticas para pistas de gelo proporcionam durabilidade, resist\u00eancia ao impacto e superf\u00edcies lisas para uma patinagem segura. Adequadas para pistas interiores ou exteriores, apresentam um design modular para uma instala\u00e7\u00e3o f\u00e1cil, personaliza\u00e7\u00e3o e desempenho duradouro em utiliza\u00e7\u00e3o recreativa ou profissional.<\/p>","protected":false},"featured_media":1464,"template":"","meta":{"_gspb_post_css":""},"product_brand":[],"product_cat":[29,30],"product_tag":[81,247,246],"class_list":{"0":"post-1461","1":"product","2":"type-product","3":"status-publish","4":"has-post-thumbnail","6":"product_cat-ice-rink-products","7":"product_cat-hockey-ice-rink-dasher-boards","8":"product_tag-hockey-dasher-boards","9":"product_tag-skating-rink-panels","10":"product_tag-synthetic-ice-rink-boards","12":"first","13":"instock","14":"shipping-taxable","15":"product-type-simple"},"_links":{"self":[{"href":"https:\/\/uhmwpemanufacture.com\/pt\/wp-json\/wp\/v2\/product\/1461","targetHints":{"allow":["GET"]}}],"collection":[{"href":"https:\/\/uhmwpemanufacture.com\/pt\/wp-json\/wp\/v2\/product"}],"about":[{"href":"https:\/\/uhmwpemanufacture.com\/pt\/wp-json\/wp\/v2\/types\/product"}],"wp:featuredmedia":[{"embeddable":true,"href":"https:\/\/uhmwpemanufacture.com\/pt\/wp-json\/wp\/v2\/media\/1464"}],"wp:attachment":[{"href":"https:\/\/uhmwpemanufacture.com\/pt\/wp-json\/wp\/v2\/media?parent=1461"}],"wp:term":[{"taxonomy":"product_brand","embeddable":true,"href":"https:\/\/uhmwpemanufacture.com\/pt\/wp-json\/wp\/v2\/product_brand?post=1461"},{"taxonomy":"product_cat","embeddable":true,"href":"https:\/\/uhmwpemanufacture.com\/pt\/wp-json\/wp\/v2\/product_cat?post=1461"},{"taxonomy":"product_tag","embeddable":true,"href":"https:\/\/uhmwpemanufacture.com\/pt\/wp-json\/wp\/v2\/product_tag?post=1461"}],"curies":[{"name":"wp","href":"https:\/\/api.w.org\/{rel}","templated":true}]}}