{"id":1468,"date":"2025-09-28T09:42:39","date_gmt":"2025-09-28T09:42:39","guid":{"rendered":"https:\/\/uhmwpemanufacture.com\/?post_type=product&#038;p=1468"},"modified":"2025-09-28T09:42:39","modified_gmt":"2025-09-28T09:42:39","slug":"custom-plastic-outdoor-floorball-ice-hockey-dasher-board","status":"publish","type":"product","link":"https:\/\/uhmwpemanufacture.com\/pt\/custom-plastic-outdoor-floorball-ice-hockey-dasher-board\/","title":{"rendered":"Pl\u00e1stico personalizado para exterior Floorball H\u00f3quei no gelo Dasher Board"},"content":{"rendered":"<h2>Pl\u00e1stico Personalizado para Exterior Floorball H\u00f3quei no Gelo Dasher Board<\/h2>\n<p>As nossas placas exteriores de pl\u00e1stico personalizadas para floorball e h\u00f3quei no gelo s\u00e3o constru\u00eddas para durabilidade, seguran\u00e7a e efici\u00eancia fi\u00e1vel em arenas especializadas e de lazer. Fabricadas em polietileno de alta qualidade, estas placas incluem uma resist\u00eancia excecional aos efeitos, \u00e1reas de superf\u00edcie lisas e n\u00e3o abrasivas e uma efici\u00eancia duradoura \u00e0 prova de intemp\u00e9ries. Criadas tanto para o floorball como para o h\u00f3quei no gelo, garantem a seguran\u00e7a dos jogadores, preservando a seguran\u00e7a estrutural em caso de utiliza\u00e7\u00e3o intensa. A constru\u00e7\u00e3o modular permite uma r\u00e1pida instala\u00e7\u00e3o, desmontagem e personaliza\u00e7\u00e3o para se adequar a v\u00e1rias dimens\u00f5es de rinque. Perfeitas para instala\u00e7\u00f5es exteriores, complexos desportivos e instala\u00e7\u00f5es de treino, estas placas de tra\u00e7o oferecem um desempenho fi\u00e1vel e uma manuten\u00e7\u00e3o f\u00e1cil.<\/p>","protected":false},"excerpt":{"rendered":"<p>Os pain\u00e9is de pl\u00e1stico personalizados para exterior de floorball e h\u00f3quei no gelo proporcionam durabilidade, resist\u00eancia ao impacto e superf\u00edcies lisas. Com um design modular e resistente \u00e0s intemp\u00e9ries, s\u00e3o f\u00e1ceis de instalar e ideais para centros de treino, arenas recreativas e instala\u00e7\u00f5es desportivas profissionais.<\/p>","protected":false},"featured_media":1469,"template":"","meta":{"_gspb_post_css":""},"product_brand":[],"product_cat":[29,33],"product_tag":[248,249,250],"class_list":{"0":"post-1468","1":"product","2":"type-product","3":"status-publish","4":"has-post-thumbnail","6":"product_cat-ice-rink-products","7":"product_cat-floor-ball-dasher-boards","8":"product_tag-floorball-dasher-boards","9":"product_tag-ice-hockey-rink-boards","10":"product_tag-outdoor-sports-panels","12":"first","13":"instock","14":"shipping-taxable","15":"product-type-simple"},"_links":{"self":[{"href":"https:\/\/uhmwpemanufacture.com\/pt\/wp-json\/wp\/v2\/product\/1468","targetHints":{"allow":["GET"]}}],"collection":[{"href":"https:\/\/uhmwpemanufacture.com\/pt\/wp-json\/wp\/v2\/product"}],"about":[{"href":"https:\/\/uhmwpemanufacture.com\/pt\/wp-json\/wp\/v2\/types\/product"}],"wp:featuredmedia":[{"embeddable":true,"href":"https:\/\/uhmwpemanufacture.com\/pt\/wp-json\/wp\/v2\/media\/1469"}],"wp:attachment":[{"href":"https:\/\/uhmwpemanufacture.com\/pt\/wp-json\/wp\/v2\/media?parent=1468"}],"wp:term":[{"taxonomy":"product_brand","embeddable":true,"href":"https:\/\/uhmwpemanufacture.com\/pt\/wp-json\/wp\/v2\/product_brand?post=1468"},{"taxonomy":"product_cat","embeddable":true,"href":"https:\/\/uhmwpemanufacture.com\/pt\/wp-json\/wp\/v2\/product_cat?post=1468"},{"taxonomy":"product_tag","embeddable":true,"href":"https:\/\/uhmwpemanufacture.com\/pt\/wp-json\/wp\/v2\/product_tag?post=1468"}],"curies":[{"name":"wp","href":"https:\/\/api.w.org\/{rel}","templated":true}]}}