{"id":1476,"date":"2025-09-28T09:46:27","date_gmt":"2025-09-28T09:46:27","guid":{"rendered":"https:\/\/uhmwpemanufacture.com\/?post_type=product&#038;p=1476"},"modified":"2025-09-28T09:46:27","modified_gmt":"2025-09-28T09:46:27","slug":"duty-uhmwpe-excavator-ground-protection-equipment-sheets","status":"publish","type":"product","link":"https:\/\/uhmwpemanufacture.com\/pt\/duty-uhmwpe-excavator-ground-protection-equipment-sheets\/","title":{"rendered":"Folhas de equipamento de prote\u00e7\u00e3o do solo para escavadoras em UHMWPE"},"content":{"rendered":"<h2>Obriga\u00e7\u00e3o Folhas de ferramentas de prote\u00e7\u00e3o do solo para escavadoras UHMWPE<\/h2>\n<p>As chapas de prote\u00e7\u00e3o do solo para escavadoras UHMWPE da Obligation foram desenvolvidas para proporcionar uma superf\u00edcie respeit\u00e1vel e antiderrapante para m\u00e1quinas pesadas em terrenos dif\u00edceis. Fabricadas em polietileno de peso molecular ultra-elevado, estas placas s\u00e3o resistentes ao impacto, ao desgaste e \u00e0s condi\u00e7\u00f5es climat\u00e9ricas adversas. A sua constru\u00e7\u00e3o leve mas robusta torna-as simples de transferir, instalar e reciclar em v\u00e1rios locais de trabalho. Perfeitas para projectos de constru\u00e7\u00e3o, explora\u00e7\u00e3o mineira e paisagismo, protegem locais delicados do solo, diminuem os sulcos e aumentam a seguran\u00e7a dos trabalhadores e do equipamento. Com uma capacidade de carga excecional, estas placas garantem um suporte est\u00e1vel para escavadoras, gruas e outras m\u00e1quinas pesadas.<\/p>","protected":false},"excerpt":{"rendered":"<p>As chapas de prote\u00e7\u00e3o do solo para escavadoras em UHMWPE proporcionam um suporte forte e antiderrapante para maquinaria pesada. Leves, resistentes \u00e0s intemp\u00e9ries e reutiliz\u00e1veis, protegem o solo e garantem opera\u00e7\u00f5es seguras.<\/p>","protected":false},"featured_media":1479,"template":"","meta":{"_gspb_post_css":""},"product_brand":[],"product_cat":[24,27],"product_tag":[251,253,252],"class_list":{"0":"post-1476","1":"product","2":"type-product","3":"status-publish","4":"has-post-thumbnail","6":"product_cat-ground-protection-road-mats","7":"product_cat-dura-mats","8":"product_tag-ground-protection-sheets","9":"product_tag-heavy-equipment-mats","10":"product_tag-uhmwpe-excavator-mats","12":"first","13":"instock","14":"shipping-taxable","15":"product-type-simple"},"_links":{"self":[{"href":"https:\/\/uhmwpemanufacture.com\/pt\/wp-json\/wp\/v2\/product\/1476","targetHints":{"allow":["GET"]}}],"collection":[{"href":"https:\/\/uhmwpemanufacture.com\/pt\/wp-json\/wp\/v2\/product"}],"about":[{"href":"https:\/\/uhmwpemanufacture.com\/pt\/wp-json\/wp\/v2\/types\/product"}],"wp:featuredmedia":[{"embeddable":true,"href":"https:\/\/uhmwpemanufacture.com\/pt\/wp-json\/wp\/v2\/media\/1479"}],"wp:attachment":[{"href":"https:\/\/uhmwpemanufacture.com\/pt\/wp-json\/wp\/v2\/media?parent=1476"}],"wp:term":[{"taxonomy":"product_brand","embeddable":true,"href":"https:\/\/uhmwpemanufacture.com\/pt\/wp-json\/wp\/v2\/product_brand?post=1476"},{"taxonomy":"product_cat","embeddable":true,"href":"https:\/\/uhmwpemanufacture.com\/pt\/wp-json\/wp\/v2\/product_cat?post=1476"},{"taxonomy":"product_tag","embeddable":true,"href":"https:\/\/uhmwpemanufacture.com\/pt\/wp-json\/wp\/v2\/product_tag?post=1476"}],"curies":[{"name":"wp","href":"https:\/\/api.w.org\/{rel}","templated":true}]}}