{"id":1485,"date":"2025-09-28T09:52:16","date_gmt":"2025-09-28T09:52:16","guid":{"rendered":"https:\/\/uhmwpemanufacture.com\/?post_type=product&#038;p=1485"},"modified":"2025-09-28T09:52:16","modified_gmt":"2025-09-28T09:52:16","slug":"hdpe-road-mat-field-temporary-ground-protection-mat-dealer","status":"publish","type":"product","link":"https:\/\/uhmwpemanufacture.com\/pt\/hdpe-road-mat-field-temporary-ground-protection-mat-dealer\/","title":{"rendered":"Revendedor de tapete de prote\u00e7\u00e3o de solo tempor\u00e1rio de campo de PEAD para estradas"},"content":{"rendered":"<h2>Tapete de estrada HDPE \u00c1rea de defesa do solo tempor\u00e1rio Revendedor de revestimento de piso<\/h2>\n<p>Os nossos revestimentos para pavimentos rodovi\u00e1rios em PEAD oferecem uma defesa fi\u00e1vel do solo para tarefas robustas, garantindo superf\u00edcies est\u00e1veis e seguras em \u00e1reas, zonas de constru\u00e7\u00e3o e eventos exteriores. Concebidos com material HDPE de alta resist\u00eancia, estes tapetes resistem a influ\u00eancias, produtos qu\u00edmicos e condi\u00e7\u00f5es climat\u00e9ricas adversas, ao mesmo tempo que suportam dispositivos robustos. A superf\u00edcie texturizada antiderrapante aumenta a seguran\u00e7a e a prote\u00e7\u00e3o, enquanto os factores de liga\u00e7\u00e3o entrela\u00e7ados garantem uma instala\u00e7\u00e3o r\u00e1pida e a seguran\u00e7a em terrenos irregulares. Ideais para estradas tempor\u00e1rias, acesso ao terreno e apoio terrestre, s\u00e3o de utiliza\u00e7\u00e3o m\u00faltipla, ecol\u00f3gicos e econ\u00f3micos. Uma solu\u00e7\u00e3o fi\u00e1vel para fornecedores e especialistas que procuram durabilidade e manuseamento simples em ambientes exigentes.<\/p>","protected":false},"excerpt":{"rendered":"<p>Os tapetes de estrada em PEAD proporcionam uma forte prote\u00e7\u00e3o do solo para campos, constru\u00e7\u00e3o e projectos exteriores. Com textura anti-derrapante, durabilidade e f\u00e1cil instala\u00e7\u00e3o, garantem superf\u00edcies seguras e est\u00e1veis para equipamento e ve\u00edculos pesados.<\/p>","protected":false},"featured_media":1487,"template":"","meta":{"_gspb_post_css":""},"product_brand":[],"product_cat":[24,26],"product_tag":[159,73,254],"class_list":{"0":"post-1485","1":"product","2":"type-product","3":"status-publish","4":"has-post-thumbnail","6":"product_cat-ground-protection-road-mats","7":"product_cat-base-mats","8":"product_tag-ground-protection-mat","9":"product_tag-hdpe-road-mats","10":"product_tag-temporary-roadway","12":"first","13":"instock","14":"shipping-taxable","15":"product-type-simple"},"_links":{"self":[{"href":"https:\/\/uhmwpemanufacture.com\/pt\/wp-json\/wp\/v2\/product\/1485","targetHints":{"allow":["GET"]}}],"collection":[{"href":"https:\/\/uhmwpemanufacture.com\/pt\/wp-json\/wp\/v2\/product"}],"about":[{"href":"https:\/\/uhmwpemanufacture.com\/pt\/wp-json\/wp\/v2\/types\/product"}],"wp:featuredmedia":[{"embeddable":true,"href":"https:\/\/uhmwpemanufacture.com\/pt\/wp-json\/wp\/v2\/media\/1487"}],"wp:attachment":[{"href":"https:\/\/uhmwpemanufacture.com\/pt\/wp-json\/wp\/v2\/media?parent=1485"}],"wp:term":[{"taxonomy":"product_brand","embeddable":true,"href":"https:\/\/uhmwpemanufacture.com\/pt\/wp-json\/wp\/v2\/product_brand?post=1485"},{"taxonomy":"product_cat","embeddable":true,"href":"https:\/\/uhmwpemanufacture.com\/pt\/wp-json\/wp\/v2\/product_cat?post=1485"},{"taxonomy":"product_tag","embeddable":true,"href":"https:\/\/uhmwpemanufacture.com\/pt\/wp-json\/wp\/v2\/product_tag?post=1485"}],"curies":[{"name":"wp","href":"https:\/\/api.w.org\/{rel}","templated":true}]}}