{"id":1492,"date":"2025-09-28T09:57:57","date_gmt":"2025-09-28T09:57:57","guid":{"rendered":"https:\/\/uhmwpemanufacture.com\/?post_type=product&#038;p=1492"},"modified":"2025-09-28T09:57:57","modified_gmt":"2025-09-28T09:57:57","slug":"high-density-polyethylene-borated-pe-sheet-uhmwpe-sheet","status":"publish","type":"product","link":"https:\/\/uhmwpemanufacture.com\/pt\/high-density-polyethylene-borated-pe-sheet-uhmwpe-sheet\/","title":{"rendered":"Folha de PE boratado de polietileno de alta densidade Folha de UHMWPE"},"content":{"rendered":"<h2>Folha de PE boratado de polietileno de alta espessura Folha de UHMWPE<\/h2>\n<p>As nossas folhas de polietileno de alta densidade com boratos de PE s\u00e3o concebidas para aplica\u00e7\u00f5es exigentes em que a robustez e a seguran\u00e7a s\u00e3o fundamentais. Com o teor de boro inclu\u00eddo, estas folhas de UHMWPE proporcionam uma prote\u00e7\u00e3o excecional contra neutr\u00f5es, tornando-as ideais para instala\u00e7\u00f5es nucleares, laborat\u00f3rios e prote\u00e7\u00e3o industrial. As chapas oferecem uma elevada resist\u00eancia aos efeitos, um desempenho not\u00e1vel em termos de desgaste e uma excelente seguran\u00e7a qu\u00edmica, garantindo uma longa vida \u00fatil em problemas dif\u00edceis. A sua maquinabilidade permite um fabrico personalizado para satisfazer necessidades espec\u00edficas em termos de blindagem, revestimento e utiliza\u00e7\u00f5es estruturais. Uma op\u00e7\u00e3o fi\u00e1vel para sectores que exigem simultaneamente resist\u00eancia e seguran\u00e7a contra radia\u00e7\u00f5es.<\/p>","protected":false},"excerpt":{"rendered":"<p>A chapa de PE boratado de polietileno de alta densidade UHMWPE oferece uma excelente resist\u00eancia ao impacto, durabilidade ao desgaste e prote\u00e7\u00e3o contra neutr\u00f5es. Ideal para aplica\u00e7\u00f5es industriais, nucleares e de prote\u00e7\u00e3o com estabilidade qu\u00edmica e maquinabilidade superiores.<\/p>","protected":false},"featured_media":1493,"template":"","meta":{"_gspb_post_css":""},"product_brand":[],"product_cat":[15,19],"product_tag":[255,199,56],"class_list":{"0":"post-1492","1":"product","2":"type-product","3":"status-publish","4":"has-post-thumbnail","6":"product_cat-uhmwpe-hdpe-sheets-plates","7":"product_cat-lead-boron-polyethylene-plates","8":"product_tag-borated-pe-sheet","9":"product_tag-polyethylene-board","10":"product_tag-uhmwpe-sheet","12":"first","13":"instock","14":"shipping-taxable","15":"product-type-simple"},"_links":{"self":[{"href":"https:\/\/uhmwpemanufacture.com\/pt\/wp-json\/wp\/v2\/product\/1492","targetHints":{"allow":["GET"]}}],"collection":[{"href":"https:\/\/uhmwpemanufacture.com\/pt\/wp-json\/wp\/v2\/product"}],"about":[{"href":"https:\/\/uhmwpemanufacture.com\/pt\/wp-json\/wp\/v2\/types\/product"}],"wp:featuredmedia":[{"embeddable":true,"href":"https:\/\/uhmwpemanufacture.com\/pt\/wp-json\/wp\/v2\/media\/1493"}],"wp:attachment":[{"href":"https:\/\/uhmwpemanufacture.com\/pt\/wp-json\/wp\/v2\/media?parent=1492"}],"wp:term":[{"taxonomy":"product_brand","embeddable":true,"href":"https:\/\/uhmwpemanufacture.com\/pt\/wp-json\/wp\/v2\/product_brand?post=1492"},{"taxonomy":"product_cat","embeddable":true,"href":"https:\/\/uhmwpemanufacture.com\/pt\/wp-json\/wp\/v2\/product_cat?post=1492"},{"taxonomy":"product_tag","embeddable":true,"href":"https:\/\/uhmwpemanufacture.com\/pt\/wp-json\/wp\/v2\/product_tag?post=1492"}],"curies":[{"name":"wp","href":"https:\/\/api.w.org\/{rel}","templated":true}]}}