{"id":1500,"date":"2025-09-28T10:05:19","date_gmt":"2025-09-28T10:05:19","guid":{"rendered":"https:\/\/uhmwpemanufacture.com\/?post_type=product&#038;p=1500"},"modified":"2025-09-28T10:05:19","modified_gmt":"2025-09-28T10:05:19","slug":"durable-wear-resistant-heavy-duty-black-outrigger-pads-maker","status":"publish","type":"product","link":"https:\/\/uhmwpemanufacture.com\/pt\/durable-wear-resistant-heavy-duty-black-outrigger-pads-maker\/","title":{"rendered":"Almofadas pretas para estabilizadores dur\u00e1veis e resistentes ao desgaste"},"content":{"rendered":"<h2>Almofadas pretas fortes para seguran\u00e7a e prote\u00e7\u00e3o e seguran\u00e7a<\/h2>\n<p>As nossas almofadas para estabilizadores pretas resistentes ao desgaste s\u00e3o fabricadas em UHMWPE e HDPE, garantindo um suporte de carga m\u00e1ximo e uma integridade duradoura. Estas almofadas incluem uma resist\u00eancia excecional \u00e0 influ\u00eancia, fric\u00e7\u00e3o reduzida e superf\u00edcies antiderrapantes, tornando-as perfeitas para gruas, escavadoras e equipamento de constru\u00e7\u00e3o. Fabricados com uma estrutura refor\u00e7ada para um transporte simples, s\u00e3o leves mas oferecem uma seguran\u00e7a fenomenal em terrenos macios ou irregulares. Personaliz\u00e1veis em termos de dimens\u00e3o, densidade e cor, proporcionam um apoio fi\u00e1vel no solo para procedimentos de forma\u00e7\u00e3o pesados, ao mesmo tempo que reduzem os custos de manuten\u00e7\u00e3o. Perfeitos para aplica\u00e7\u00f5es comerciais, de constru\u00e7\u00e3o civil e de servi\u00e7os p\u00fablicos.<\/p>","protected":false},"excerpt":{"rendered":"<p>Os estabilizadores pretos resistentes ao desgaste e dur\u00e1veis proporcionam uma estabilidade fi\u00e1vel no solo para gruas e equipamento pesado. Fabricados em UHMWPE de alta resist\u00eancia, resistem a fissuras, absorvem a press\u00e3o e possuem pegas de corda para facilitar o transporte e a montagem, garantindo seguran\u00e7a e utiliza\u00e7\u00e3o a longo prazo.<\/p>","protected":false},"featured_media":1503,"template":"","meta":{"_gspb_post_css":""},"product_brand":[],"product_cat":[15,20],"product_tag":[257,256,258],"class_list":{"0":"post-1500","1":"product","2":"type-product","3":"status-publish","4":"has-post-thumbnail","6":"product_cat-uhmwpe-hdpe-sheets-plates","7":"product_cat-crane-outrigger-pads","8":"product_tag-heavy-equipment-safety","9":"product_tag-outrigger-pads","10":"product_tag-uhmwpe-pads","12":"first","13":"instock","14":"shipping-taxable","15":"product-type-simple"},"_links":{"self":[{"href":"https:\/\/uhmwpemanufacture.com\/pt\/wp-json\/wp\/v2\/product\/1500","targetHints":{"allow":["GET"]}}],"collection":[{"href":"https:\/\/uhmwpemanufacture.com\/pt\/wp-json\/wp\/v2\/product"}],"about":[{"href":"https:\/\/uhmwpemanufacture.com\/pt\/wp-json\/wp\/v2\/types\/product"}],"wp:featuredmedia":[{"embeddable":true,"href":"https:\/\/uhmwpemanufacture.com\/pt\/wp-json\/wp\/v2\/media\/1503"}],"wp:attachment":[{"href":"https:\/\/uhmwpemanufacture.com\/pt\/wp-json\/wp\/v2\/media?parent=1500"}],"wp:term":[{"taxonomy":"product_brand","embeddable":true,"href":"https:\/\/uhmwpemanufacture.com\/pt\/wp-json\/wp\/v2\/product_brand?post=1500"},{"taxonomy":"product_cat","embeddable":true,"href":"https:\/\/uhmwpemanufacture.com\/pt\/wp-json\/wp\/v2\/product_cat?post=1500"},{"taxonomy":"product_tag","embeddable":true,"href":"https:\/\/uhmwpemanufacture.com\/pt\/wp-json\/wp\/v2\/product_tag?post=1500"}],"curies":[{"name":"wp","href":"https:\/\/api.w.org\/{rel}","templated":true}]}}