{"id":1573,"date":"2025-10-09T01:24:19","date_gmt":"2025-10-09T01:24:19","guid":{"rendered":"https:\/\/uhmwpemanufacture.com\/?post_type=product&#038;p=1573"},"modified":"2025-10-09T01:24:19","modified_gmt":"2025-10-09T01:24:19","slug":"uhmwpe-stabilizer-crane-mat-polyethylene-outrigger-pads","status":"publish","type":"product","link":"https:\/\/uhmwpemanufacture.com\/pt\/uhmwpe-stabilizer-crane-mat-polyethylene-outrigger-pads\/","title":{"rendered":"Tapete estabilizador de UHMWPE para gruas Almofadas de polietileno para estabilizadores"},"content":{"rendered":"<h2>Tapete estabilizador de UHMWPE para gruas Almofadas de polietileno para estabilizadores<\/h2>\n<p>Estes revestimentos de piso para gruas estabilizadoras UHMWPE e almofadas para estabilizadores proporcionam uma resist\u00eancia, seguran\u00e7a e durabilidade excepcionais para opera\u00e7\u00f5es de eleva\u00e7\u00e3o pesadas. Fabricados em polietileno de peso molecular ultra-elevado, oferecem uma circula\u00e7\u00e3o de carga excecional, resist\u00eancia ao desgaste e efici\u00eancia \u00e0 prova de intemp\u00e9ries. Leves mas incrivelmente dif\u00edceis, estas almofadas evitam danos no solo e aumentam a seguran\u00e7a do equipamento em estaleiros de constru\u00e7\u00e3o, campos petrol\u00edferos e sistemas de gruas. Com superf\u00edcies antiderrapantes, facilidade de transporte e excelente absor\u00e7\u00e3o de influ\u00eancias, garantem uma assist\u00eancia fi\u00e1vel sob toneladas extremas, mantendo uma vida \u00fatil longa e um manuseamento muito f\u00e1cil.<\/p>","protected":false},"excerpt":{"rendered":"<p>As almofadas estabilizadoras de polietileno para gruas UHMWPE proporcionam um excelente suporte de carga, resist\u00eancia ao desgaste e estabilidade. Leves, duradouras e f\u00e1ceis de manusear para trabalhos pesados e utiliza\u00e7\u00e3o na constru\u00e7\u00e3o.<\/p>","protected":false},"featured_media":1581,"template":"","meta":{"_gspb_post_css":""},"product_brand":[],"product_cat":[15,20],"product_tag":[261,262,63],"class_list":{"0":"post-1573","1":"product","2":"type-product","3":"status-publish","4":"has-post-thumbnail","6":"product_cat-uhmwpe-hdpe-sheets-plates","7":"product_cat-crane-outrigger-pads","8":"product_tag-crane-mats","9":"product_tag-stabilizer-pad","10":"product_tag-uhmwpe-outrigger-pads","12":"first","13":"instock","14":"shipping-taxable","15":"product-type-simple"},"_links":{"self":[{"href":"https:\/\/uhmwpemanufacture.com\/pt\/wp-json\/wp\/v2\/product\/1573","targetHints":{"allow":["GET"]}}],"collection":[{"href":"https:\/\/uhmwpemanufacture.com\/pt\/wp-json\/wp\/v2\/product"}],"about":[{"href":"https:\/\/uhmwpemanufacture.com\/pt\/wp-json\/wp\/v2\/types\/product"}],"wp:featuredmedia":[{"embeddable":true,"href":"https:\/\/uhmwpemanufacture.com\/pt\/wp-json\/wp\/v2\/media\/1581"}],"wp:attachment":[{"href":"https:\/\/uhmwpemanufacture.com\/pt\/wp-json\/wp\/v2\/media?parent=1573"}],"wp:term":[{"taxonomy":"product_brand","embeddable":true,"href":"https:\/\/uhmwpemanufacture.com\/pt\/wp-json\/wp\/v2\/product_brand?post=1573"},{"taxonomy":"product_cat","embeddable":true,"href":"https:\/\/uhmwpemanufacture.com\/pt\/wp-json\/wp\/v2\/product_cat?post=1573"},{"taxonomy":"product_tag","embeddable":true,"href":"https:\/\/uhmwpemanufacture.com\/pt\/wp-json\/wp\/v2\/product_tag?post=1573"}],"curies":[{"name":"wp","href":"https:\/\/api.w.org\/{rel}","templated":true}]}}