{"id":1583,"date":"2025-10-09T01:29:33","date_gmt":"2025-10-09T01:29:33","guid":{"rendered":"https:\/\/uhmwpemanufacture.com\/?post_type=product&#038;p=1583"},"modified":"2025-10-09T01:29:33","modified_gmt":"2025-10-09T01:29:33","slug":"nylon-plastic-sheets-thick-natural-color-mc-nylon-sheet","status":"publish","type":"product","link":"https:\/\/uhmwpemanufacture.com\/pt\/nylon-plastic-sheets-thick-natural-color-mc-nylon-sheet\/","title":{"rendered":"Folhas de Nylon para Pl\u00e1stico Folha de Nylon MC de Cor Natural Espessa"},"content":{"rendered":"<h2>Folhas de Nylon Pl\u00e1stico Espessura Natural Sombra MC Folha de Nylon<\/h2>\n<p>As folhas de pl\u00e1stico de nylon MC oferecem uma impressionante dureza mec\u00e2nica, durabilidade e resist\u00eancia \u00e0 utiliza\u00e7\u00e3o para aplica\u00e7\u00f5es industriais. Estas folhas de nylon espessas oferecem uma capacidade de carga excecional, fric\u00e7\u00e3o reduzida e elevada efici\u00eancia de impacto. Dispon\u00edveis nas cores natural, preto e azul, s\u00e3o perfeitas para maquinar engrenagens, casquilhos, rolos e pe\u00e7as arquitect\u00f3nicas. Com uma not\u00e1vel resist\u00eancia qu\u00edmica, seguran\u00e7a dimensional e durabilidade duradoura, as chapas de nylon MC garantem uma efici\u00eancia fi\u00e1vel em ambientes de alta tens\u00e3o e alta temperatura, tornando-as ideais para utiliza\u00e7\u00f5es mec\u00e2nicas, autom\u00f3veis e de engenharia.<\/p>","protected":false},"excerpt":{"rendered":"<p>As folhas de pl\u00e1stico de nylon MC oferecem uma for\u00e7a superior, resist\u00eancia ao desgaste e dureza para utiliza\u00e7\u00e3o industrial. Dispon\u00edveis em natural, preto e azul, s\u00e3o ideais para engrenagens, casquilhos e rolos que exigem elevada capacidade de carga e estabilidade dimensional.<\/p>","protected":false},"featured_media":1588,"template":"","meta":{"_gspb_post_css":""},"product_brand":[],"product_cat":[23],"product_tag":[71,263,264],"class_list":{"0":"post-1583","1":"product","2":"type-product","3":"status-publish","4":"has-post-thumbnail","6":"product_cat-nylon-sheets","7":"product_tag-engineering-plastic","8":"product_tag-mc-nylon-sheet","9":"product_tag-nylon-plastic","11":"first","12":"instock","13":"shipping-taxable","14":"product-type-simple"},"_links":{"self":[{"href":"https:\/\/uhmwpemanufacture.com\/pt\/wp-json\/wp\/v2\/product\/1583","targetHints":{"allow":["GET"]}}],"collection":[{"href":"https:\/\/uhmwpemanufacture.com\/pt\/wp-json\/wp\/v2\/product"}],"about":[{"href":"https:\/\/uhmwpemanufacture.com\/pt\/wp-json\/wp\/v2\/types\/product"}],"wp:featuredmedia":[{"embeddable":true,"href":"https:\/\/uhmwpemanufacture.com\/pt\/wp-json\/wp\/v2\/media\/1588"}],"wp:attachment":[{"href":"https:\/\/uhmwpemanufacture.com\/pt\/wp-json\/wp\/v2\/media?parent=1583"}],"wp:term":[{"taxonomy":"product_brand","embeddable":true,"href":"https:\/\/uhmwpemanufacture.com\/pt\/wp-json\/wp\/v2\/product_brand?post=1583"},{"taxonomy":"product_cat","embeddable":true,"href":"https:\/\/uhmwpemanufacture.com\/pt\/wp-json\/wp\/v2\/product_cat?post=1583"},{"taxonomy":"product_tag","embeddable":true,"href":"https:\/\/uhmwpemanufacture.com\/pt\/wp-json\/wp\/v2\/product_tag?post=1583"}],"curies":[{"name":"wp","href":"https:\/\/api.w.org\/{rel}","templated":true}]}}