{"id":1589,"date":"2025-10-09T01:35:52","date_gmt":"2025-10-09T01:35:52","guid":{"rendered":"https:\/\/uhmwpemanufacture.com\/?post_type=product&#038;p=1589"},"modified":"2025-10-09T01:35:53","modified_gmt":"2025-10-09T01:35:53","slug":"high-density-polyethylene-hdpe-pp-ps-abs-plastic-sheets","status":"publish","type":"product","link":"https:\/\/uhmwpemanufacture.com\/pt\/high-density-polyethylene-hdpe-pp-ps-abs-plastic-sheets\/","title":{"rendered":"Folhas de pl\u00e1stico de polietileno de alta densidade HDPE PP PS ABS"},"content":{"rendered":"<h2>Folhas de pl\u00e1stico de polietileno de alta espessura HDPE PP PS ABS<\/h2>\n<p>Estas folhas de pl\u00e1stico HDPE, PP, PS e ABS polivalentes s\u00e3o fabricadas para garantir longevidade, resist\u00eancia e adaptabilidade. Incluindo excelente resist\u00eancia qu\u00edmica, resist\u00eancia ao impacto e estabilidade t\u00e9rmica, s\u00e3o adequadas para aplica\u00e7\u00f5es industriais, de constru\u00e7\u00e3o civil e industriais. Dispon\u00edveis em tonalidades vivas, como amarelo, vermelho, azul, verde e muito mais, estas folhas s\u00e3o simples de produzir, cortar e termoformar. Ideais para sinal\u00e9tica, embalagens, pain\u00e9is de seguran\u00e7a e componentes mec\u00e2nicos, integram um elevado desempenho com charme visual, oferecendo uma utiliza\u00e7\u00e3o fi\u00e1vel e duradoura em numerosos problemas ecol\u00f3gicos.<\/p>","protected":false},"excerpt":{"rendered":"<p>As folhas de pl\u00e1stico HDPE, PP, PS e ABS combinam durabilidade, resist\u00eancia e flexibilidade para aplica\u00e7\u00f5es industriais e comerciais. Dispon\u00edveis em v\u00e1rias cores vibrantes, resistem ao impacto, \u00e0 humidade e aos produtos qu\u00edmicos, o que as torna ideais para sinal\u00e9tica, embalagens, pain\u00e9is e projectos de fabrico.<\/p>","protected":false},"featured_media":1590,"template":"","meta":{"_gspb_post_css":""},"product_brand":[],"product_cat":[15,18],"product_tag":[265,266,59],"class_list":{"0":"post-1589","1":"product","2":"type-product","3":"status-publish","4":"has-post-thumbnail","6":"product_cat-uhmwpe-hdpe-sheets-plates","7":"product_cat-hdpe-sheets","8":"product_tag-abs-plastic","9":"product_tag-colored-plastic-sheets","10":"product_tag-hdpe-sheet","12":"first","13":"instock","14":"shipping-taxable","15":"product-type-simple"},"_links":{"self":[{"href":"https:\/\/uhmwpemanufacture.com\/pt\/wp-json\/wp\/v2\/product\/1589","targetHints":{"allow":["GET"]}}],"collection":[{"href":"https:\/\/uhmwpemanufacture.com\/pt\/wp-json\/wp\/v2\/product"}],"about":[{"href":"https:\/\/uhmwpemanufacture.com\/pt\/wp-json\/wp\/v2\/types\/product"}],"wp:featuredmedia":[{"embeddable":true,"href":"https:\/\/uhmwpemanufacture.com\/pt\/wp-json\/wp\/v2\/media\/1590"}],"wp:attachment":[{"href":"https:\/\/uhmwpemanufacture.com\/pt\/wp-json\/wp\/v2\/media?parent=1589"}],"wp:term":[{"taxonomy":"product_brand","embeddable":true,"href":"https:\/\/uhmwpemanufacture.com\/pt\/wp-json\/wp\/v2\/product_brand?post=1589"},{"taxonomy":"product_cat","embeddable":true,"href":"https:\/\/uhmwpemanufacture.com\/pt\/wp-json\/wp\/v2\/product_cat?post=1589"},{"taxonomy":"product_tag","embeddable":true,"href":"https:\/\/uhmwpemanufacture.com\/pt\/wp-json\/wp\/v2\/product_tag?post=1589"}],"curies":[{"name":"wp","href":"https:\/\/api.w.org\/{rel}","templated":true}]}}