{"id":1594,"date":"2025-10-09T01:40:19","date_gmt":"2025-10-09T01:40:19","guid":{"rendered":"https:\/\/uhmwpemanufacture.com\/?post_type=product&#038;p=1594"},"modified":"2025-10-09T01:40:19","modified_gmt":"2025-10-09T01:40:19","slug":"uhmw-pe-sheet-plate-wear-resistant-liner-support-wholesaler","status":"publish","type":"product","link":"https:\/\/uhmwpemanufacture.com\/pt\/uhmw-pe-sheet-plate-wear-resistant-liner-support-wholesaler\/","title":{"rendered":"Placa de chapa UHMW-PE Suporte de revestimento resistente ao desgaste Atacadista"},"content":{"rendered":"<h2>Placa de chapa UHMW-PE Assist\u00eancia de revestimento resistente ao desgaste Grossista<\/h2>\n<p>As placas de chapa UHMW-PE s\u00e3o concebidas para uma excecional resist\u00eancia ao desgaste, resist\u00eancia ao impacto e desempenho de fric\u00e7\u00e3o reduzida. Concebidos para ambientes industriais exigentes, estes revestimentos e placas de suporte oferecem uma excelente resist\u00eancia qu\u00edmica, prote\u00e7\u00e3o contra a ferrugem e uma longa vida \u00fatil. Perfeitos para calhas, recept\u00e1culos, transportadores e camas de cami\u00f5es, reduzem a acumula\u00e7\u00e3o de produtos e o desgaste do equipamento. A sua superf\u00edcie auto-lubrificante garante um funcionamento suave sob toneladas pesadas e temperaturas extremas. Dispon\u00edveis em tamanhos e tonalidades personalizados, as chapas UHMW-PE s\u00e3o a escolha ideal para servi\u00e7os de revestimento celular comercial e de assist\u00eancia de prote\u00e7\u00e3o de alto desempenho.<\/p>","protected":false},"excerpt":{"rendered":"<p>As chapas de UHMW-PE oferecem uma resist\u00eancia superior ao desgaste, baixa fric\u00e7\u00e3o e elevada resist\u00eancia ao impacto. Ideais para revestimentos, suportes e prote\u00e7\u00e3o industrial, asseguram um desempenho duradouro e um funcionamento suave sob cargas pesadas em ambientes agressivos.<\/p>","protected":false},"featured_media":1595,"template":"","meta":{"_gspb_post_css":""},"product_brand":[],"product_cat":[15,17],"product_tag":[268,56,267],"class_list":{"0":"post-1594","1":"product","2":"type-product","3":"status-publish","4":"has-post-thumbnail","6":"product_cat-uhmwpe-hdpe-sheets-plates","7":"product_cat-uhmwpe-sheets","8":"product_tag-industrial-plastic","9":"product_tag-uhmwpe-sheet","10":"product_tag-wear-liner","12":"first","13":"instock","14":"shipping-taxable","15":"product-type-simple"},"_links":{"self":[{"href":"https:\/\/uhmwpemanufacture.com\/pt\/wp-json\/wp\/v2\/product\/1594","targetHints":{"allow":["GET"]}}],"collection":[{"href":"https:\/\/uhmwpemanufacture.com\/pt\/wp-json\/wp\/v2\/product"}],"about":[{"href":"https:\/\/uhmwpemanufacture.com\/pt\/wp-json\/wp\/v2\/types\/product"}],"wp:featuredmedia":[{"embeddable":true,"href":"https:\/\/uhmwpemanufacture.com\/pt\/wp-json\/wp\/v2\/media\/1595"}],"wp:attachment":[{"href":"https:\/\/uhmwpemanufacture.com\/pt\/wp-json\/wp\/v2\/media?parent=1594"}],"wp:term":[{"taxonomy":"product_brand","embeddable":true,"href":"https:\/\/uhmwpemanufacture.com\/pt\/wp-json\/wp\/v2\/product_brand?post=1594"},{"taxonomy":"product_cat","embeddable":true,"href":"https:\/\/uhmwpemanufacture.com\/pt\/wp-json\/wp\/v2\/product_cat?post=1594"},{"taxonomy":"product_tag","embeddable":true,"href":"https:\/\/uhmwpemanufacture.com\/pt\/wp-json\/wp\/v2\/product_tag?post=1594"}],"curies":[{"name":"wp","href":"https:\/\/api.w.org\/{rel}","templated":true}]}}