{"id":1599,"date":"2025-10-09T01:45:48","date_gmt":"2025-10-09T01:45:48","guid":{"rendered":"https:\/\/uhmwpemanufacture.com\/?post_type=product&#038;p=1599"},"modified":"2025-10-09T01:45:48","modified_gmt":"2025-10-09T01:45:48","slug":"custom-injection-pp-pe-plastic-nylon-tooling-distributor","status":"publish","type":"product","link":"https:\/\/uhmwpemanufacture.com\/pt\/custom-injection-pp-pe-plastic-nylon-tooling-distributor\/","title":{"rendered":"Distribuidor de ferramentas de inje\u00e7\u00e3o personalizadas PP PE Pl\u00e1stico Nylon"},"content":{"rendered":"<h2>Representante de ferramentas de nylon para pl\u00e1stico PP PE feito \u00e0 medida<\/h2>\n<p>As pe\u00e7as de ferramentas de inje\u00e7\u00e3o personalizadas em PP, PE e nylon s\u00e3o concebidas com precis\u00e3o para satisfazer diversas necessidades industriais. Fabricados com recurso a uma sofisticada tecnologia de moldagem por inje\u00e7\u00e3o, estes componentes proporcionam uma excelente dureza, seguran\u00e7a dimensional e resist\u00eancia qu\u00edmica. Ideais para autom\u00f3veis, equipamento, eletr\u00f3nica e artigos de consumo, oferecem um desempenho respeit\u00e1vel procurado em aplica\u00e7\u00f5es. As ferramentas garantem uma modela\u00e7\u00e3o exacta, toler\u00e2ncias apertadas e qualidade regular em todos os lotes de fabrico. Oferecidas em diferentes cores e superf\u00edcies, estas pe\u00e7as de pl\u00e1stico e nylon s\u00e3o excelentes para projectos personalizados, prot\u00f3tipos e exig\u00eancias de produ\u00e7\u00e3o de grande volume.<\/p>","protected":false},"excerpt":{"rendered":"<p>As pe\u00e7as de ferramentas de inje\u00e7\u00e3o personalizadas em PP, PE e nylon proporcionam uma elevada resist\u00eancia, precis\u00e3o e resist\u00eancia qu\u00edmica. Ideais para aplica\u00e7\u00f5es autom\u00f3veis, m\u00e1quinas e electr\u00f3nicas, garantem uma qualidade e durabilidade consistentes para projectos personalizados e necessidades de produ\u00e7\u00e3o em massa.<\/p>","protected":false},"featured_media":1600,"template":"","meta":{"_gspb_post_css":""},"product_brand":[],"product_cat":[35],"product_tag":[269,270,271],"class_list":{"0":"post-1599","1":"product","2":"type-product","3":"status-publish","4":"has-post-thumbnail","6":"product_cat-pp-pe-products","7":"product_tag-injection-molding","8":"product_tag-nylon-parts","9":"product_tag-plastic-tooling","11":"first","12":"instock","13":"shipping-taxable","14":"product-type-simple"},"_links":{"self":[{"href":"https:\/\/uhmwpemanufacture.com\/pt\/wp-json\/wp\/v2\/product\/1599","targetHints":{"allow":["GET"]}}],"collection":[{"href":"https:\/\/uhmwpemanufacture.com\/pt\/wp-json\/wp\/v2\/product"}],"about":[{"href":"https:\/\/uhmwpemanufacture.com\/pt\/wp-json\/wp\/v2\/types\/product"}],"wp:featuredmedia":[{"embeddable":true,"href":"https:\/\/uhmwpemanufacture.com\/pt\/wp-json\/wp\/v2\/media\/1600"}],"wp:attachment":[{"href":"https:\/\/uhmwpemanufacture.com\/pt\/wp-json\/wp\/v2\/media?parent=1599"}],"wp:term":[{"taxonomy":"product_brand","embeddable":true,"href":"https:\/\/uhmwpemanufacture.com\/pt\/wp-json\/wp\/v2\/product_brand?post=1599"},{"taxonomy":"product_cat","embeddable":true,"href":"https:\/\/uhmwpemanufacture.com\/pt\/wp-json\/wp\/v2\/product_cat?post=1599"},{"taxonomy":"product_tag","embeddable":true,"href":"https:\/\/uhmwpemanufacture.com\/pt\/wp-json\/wp\/v2\/product_tag?post=1599"}],"curies":[{"name":"wp","href":"https:\/\/api.w.org\/{rel}","templated":true}]}}