{"id":1604,"date":"2025-10-09T01:51:52","date_gmt":"2025-10-09T01:51:52","guid":{"rendered":"https:\/\/uhmwpemanufacture.com\/?post_type=product&#038;p=1604"},"modified":"2025-10-09T01:51:52","modified_gmt":"2025-10-09T01:51:52","slug":"premium-hdpe-synthetic-ice-panels-high-glide-manufacturer","status":"publish","type":"product","link":"https:\/\/uhmwpemanufacture.com\/pt\/premium-hdpe-synthetic-ice-panels-high-glide-manufacturer\/","title":{"rendered":"Pain\u00e9is de gelo sint\u00e9tico PEAD Premium High Glide Fabricante"},"content":{"rendered":"<h2>Pain\u00e9is de gelo sint\u00e9tico PEAD Premium High Glide Fabricante<\/h2>\n<p>Os pain\u00e9is de gelo sint\u00e9tico Costs HDPE s\u00e3o criados para proporcionar uma experi\u00eancia de patinagem suave e de elevado deslize equivalente ao gelo genu\u00edno. Fabricados a partir de polietileno avan\u00e7ado de alta densidade, estes pain\u00e9is oferecem uma dureza excecional, fric\u00e7\u00e3o reduzida e resist\u00eancia \u00e0 coloca\u00e7\u00e3o, ao clima e ao impacto. Perfeitos para pistas de patinagem interiores e exteriores, instala\u00e7\u00f5es de treino e centros de lazer, permitem patinar durante todo o ano sem refrigera\u00e7\u00e3o. F\u00e1cil de montar e preservar, o layout entrela\u00e7ado garante uma \u00e1rea de superf\u00edcie perfeita com efici\u00eancia constante. Perfeitos para h\u00f3quei, patinagem e lazer, estes pain\u00e9is de gelo artificial oferecem uma op\u00e7\u00e3o de patinagem econ\u00f3mica e ecol\u00f3gica.<\/p>","protected":false},"excerpt":{"rendered":"<p class=\"sr-only\"><span style=\"font-size: 16px;\">Os pain\u00e9is de gelo sint\u00e9tico HDPE Premium oferecem uma superf\u00edcie lisa e de elevado deslizamento para patinagem durante todo o ano. Dur\u00e1veis, resistentes \u00e0s intemp\u00e9ries e f\u00e1ceis de instalar, proporcionam um desempenho realista no gelo para h\u00f3quei, patinagem art\u00edstica e treino no interior ou no exterior.<\/span><\/p>","protected":false},"featured_media":1610,"template":"","meta":{"_gspb_post_css":""},"product_brand":[],"product_cat":[29,32],"product_tag":[273,274,272],"class_list":{"0":"post-1604","1":"product","2":"type-product","3":"status-publish","4":"has-post-thumbnail","6":"product_cat-ice-rink-products","7":"product_cat-ice-synthetic-panels","8":"product_tag-hdpe-panels","9":"product_tag-skating-rink","10":"product_tag-synthetic-ice","12":"first","13":"instock","14":"shipping-taxable","15":"product-type-simple"},"_links":{"self":[{"href":"https:\/\/uhmwpemanufacture.com\/pt\/wp-json\/wp\/v2\/product\/1604","targetHints":{"allow":["GET"]}}],"collection":[{"href":"https:\/\/uhmwpemanufacture.com\/pt\/wp-json\/wp\/v2\/product"}],"about":[{"href":"https:\/\/uhmwpemanufacture.com\/pt\/wp-json\/wp\/v2\/types\/product"}],"wp:featuredmedia":[{"embeddable":true,"href":"https:\/\/uhmwpemanufacture.com\/pt\/wp-json\/wp\/v2\/media\/1610"}],"wp:attachment":[{"href":"https:\/\/uhmwpemanufacture.com\/pt\/wp-json\/wp\/v2\/media?parent=1604"}],"wp:term":[{"taxonomy":"product_brand","embeddable":true,"href":"https:\/\/uhmwpemanufacture.com\/pt\/wp-json\/wp\/v2\/product_brand?post=1604"},{"taxonomy":"product_cat","embeddable":true,"href":"https:\/\/uhmwpemanufacture.com\/pt\/wp-json\/wp\/v2\/product_cat?post=1604"},{"taxonomy":"product_tag","embeddable":true,"href":"https:\/\/uhmwpemanufacture.com\/pt\/wp-json\/wp\/v2\/product_tag?post=1604"}],"curies":[{"name":"wp","href":"https:\/\/api.w.org\/{rel}","templated":true}]}}