{"id":1617,"date":"2025-10-09T02:00:30","date_gmt":"2025-10-09T02:00:30","guid":{"rendered":"https:\/\/uhmwpemanufacture.com\/?post_type=product&#038;p=1617"},"modified":"2025-10-09T02:00:30","modified_gmt":"2025-10-09T02:00:30","slug":"gravel-road-road-heavy-duty-track-mats-roadway-access-mats","status":"publish","type":"product","link":"https:\/\/uhmwpemanufacture.com\/pt\/gravel-road-road-heavy-duty-track-mats-roadway-access-mats\/","title":{"rendered":"Tapetes para estradas de cascalho Tapetes para vias de servi\u00e7o pesado Tapetes de acesso a estradas"},"content":{"rendered":"<h2>Estrada de pedra britada Tapetes robustos para vias r\u00e1pidas Acesso a auto-estradas Revestimentos para pavimentos<\/h2>\n<p>Os revestimentos de piso para estradas de pedra britada e vias de servi\u00e7o pesado proporcionam uma seguran\u00e7a de solo s\u00f3lida, est\u00e1vel e recicl\u00e1vel para equipamento pesado e cami\u00f5es. Fabricados em polietileno de alta densidade (HDPE), estes revestimentos de piso para acesso a auto-estradas foram concebidos para suportar cargas extremas, impedir danos no solo e garantir uma passagem sem riscos sobre superf\u00edcies macias ou irregulares. Ideais para s\u00edtios de constru\u00e7\u00e3o, campos petrol\u00edferos, ocasi\u00f5es e auto-estradas tempor\u00e1rias, incluem superf\u00edcies antiderrapantes e liga\u00e7\u00f5es de encaixe f\u00e1cil para uma instala\u00e7\u00e3o r\u00e1pida. Duradouros, resistentes \u00e0s intemp\u00e9ries e f\u00e1ceis de arrumar, estes revestimentos para pavimentos s\u00e3o uma op\u00e7\u00e3o fi\u00e1vel para criar superf\u00edcies de trabalho est\u00e1veis em ambientes dif\u00edceis.<\/p>","protected":false},"excerpt":{"rendered":"<p>Os tapetes para vias de cascalho para trabalhos pesados proporcionam uma prote\u00e7\u00e3o do solo forte e est\u00e1vel para ve\u00edculos e equipamentos pesados. Fabricados em HDPE duradouro, resistem ao impacto, \u00e0s condi\u00e7\u00f5es climat\u00e9ricas e ao desgaste, sendo ideais para a constru\u00e7\u00e3o, campos petrol\u00edferos e estradas de acesso tempor\u00e1rio.<\/p>","protected":false},"featured_media":1619,"template":"","meta":{"_gspb_post_css":""},"product_brand":[],"product_cat":[24,27],"product_tag":[139,200,278],"class_list":{"0":"post-1617","1":"product","2":"type-product","3":"status-publish","4":"has-post-thumbnail","6":"product_cat-ground-protection-road-mats","7":"product_cat-dura-mats","8":"product_tag-ground-protection","9":"product_tag-hdpe-track-mats","10":"product_tag-road-mats","12":"first","13":"instock","14":"shipping-taxable","15":"product-type-simple"},"_links":{"self":[{"href":"https:\/\/uhmwpemanufacture.com\/pt\/wp-json\/wp\/v2\/product\/1617","targetHints":{"allow":["GET"]}}],"collection":[{"href":"https:\/\/uhmwpemanufacture.com\/pt\/wp-json\/wp\/v2\/product"}],"about":[{"href":"https:\/\/uhmwpemanufacture.com\/pt\/wp-json\/wp\/v2\/types\/product"}],"wp:featuredmedia":[{"embeddable":true,"href":"https:\/\/uhmwpemanufacture.com\/pt\/wp-json\/wp\/v2\/media\/1619"}],"wp:attachment":[{"href":"https:\/\/uhmwpemanufacture.com\/pt\/wp-json\/wp\/v2\/media?parent=1617"}],"wp:term":[{"taxonomy":"product_brand","embeddable":true,"href":"https:\/\/uhmwpemanufacture.com\/pt\/wp-json\/wp\/v2\/product_brand?post=1617"},{"taxonomy":"product_cat","embeddable":true,"href":"https:\/\/uhmwpemanufacture.com\/pt\/wp-json\/wp\/v2\/product_cat?post=1617"},{"taxonomy":"product_tag","embeddable":true,"href":"https:\/\/uhmwpemanufacture.com\/pt\/wp-json\/wp\/v2\/product_tag?post=1617"}],"curies":[{"name":"wp","href":"https:\/\/api.w.org\/{rel}","templated":true}]}}