{"id":1620,"date":"2025-10-09T02:39:18","date_gmt":"2025-10-09T02:39:18","guid":{"rendered":"https:\/\/uhmwpemanufacture.com\/?post_type=product&#038;p=1620"},"modified":"2025-10-09T02:39:18","modified_gmt":"2025-10-09T02:39:18","slug":"hdpe-lightweight-ground-traction-ground-protection-base-mats","status":"publish","type":"product","link":"https:\/\/uhmwpemanufacture.com\/pt\/hdpe-lightweight-ground-traction-ground-protection-base-mats\/","title":{"rendered":"Tapetes de base de prote\u00e7\u00e3o do solo de tra\u00e7\u00e3o leve em PEAD"},"content":{"rendered":"<h2>Tapetes de base de seguran\u00e7a do solo leves em PEAD<\/h2>\n<p>Os tapetes de base de prote\u00e7\u00e3o do solo leves HDPE foram concebidos para fornecer um suporte s\u00f3lido e seguro para autom\u00f3veis e equipamento em superf\u00edcies macias ou desiguais. Fabricados em polietileno de alta densidade, estes revestimentos para pavimentos apresentam uma superf\u00edcie de tra\u00e7\u00e3o antiderrapante que garante a seguran\u00e7a e evita danos no solo. S\u00e3o resilientes, resistentes \u00e0s intemp\u00e9ries e simples de montar, o que os torna adequados para a constru\u00e7\u00e3o civil, eventos e estradas de acessibilidade de curta dura\u00e7\u00e3o. A estrutura leve permite uma configura\u00e7\u00e3o e um transporte r\u00e1pidos, enquanto o sistema de encravamento oferece uma liga\u00e7\u00e3o segura e protegida para \u00e1reas de superf\u00edcie de trabalho est\u00e1veis. Perfeitas para proteger a relva, a pedra britada ou o solo em ambientes exigentes.<\/p>","protected":false},"excerpt":{"rendered":"<p>Os tapetes de base de prote\u00e7\u00e3o do solo leves em PEAD proporcionam um suporte est\u00e1vel e antiderrapante para ve\u00edculos e equipamento. Dur\u00e1veis, reutiliz\u00e1veis e f\u00e1ceis de instalar, evitam danos no solo em estaleiros de constru\u00e7\u00e3o, eventos e terrenos macios. Ideal para estradas e \u00e1reas de trabalho tempor\u00e1rias.<\/p>","protected":false},"featured_media":1622,"template":"","meta":{"_gspb_post_css":""},"product_brand":[],"product_cat":[24,26],"product_tag":[72,279,280],"class_list":{"0":"post-1620","1":"product","2":"type-product","3":"status-publish","4":"has-post-thumbnail","6":"product_cat-ground-protection-road-mats","7":"product_cat-base-mats","8":"product_tag-ground-protection-mats","9":"product_tag-hdpe-base-mats","10":"product_tag-traction-mats","12":"first","13":"instock","14":"shipping-taxable","15":"product-type-simple"},"_links":{"self":[{"href":"https:\/\/uhmwpemanufacture.com\/pt\/wp-json\/wp\/v2\/product\/1620","targetHints":{"allow":["GET"]}}],"collection":[{"href":"https:\/\/uhmwpemanufacture.com\/pt\/wp-json\/wp\/v2\/product"}],"about":[{"href":"https:\/\/uhmwpemanufacture.com\/pt\/wp-json\/wp\/v2\/types\/product"}],"wp:featuredmedia":[{"embeddable":true,"href":"https:\/\/uhmwpemanufacture.com\/pt\/wp-json\/wp\/v2\/media\/1622"}],"wp:attachment":[{"href":"https:\/\/uhmwpemanufacture.com\/pt\/wp-json\/wp\/v2\/media?parent=1620"}],"wp:term":[{"taxonomy":"product_brand","embeddable":true,"href":"https:\/\/uhmwpemanufacture.com\/pt\/wp-json\/wp\/v2\/product_brand?post=1620"},{"taxonomy":"product_cat","embeddable":true,"href":"https:\/\/uhmwpemanufacture.com\/pt\/wp-json\/wp\/v2\/product_cat?post=1620"},{"taxonomy":"product_tag","embeddable":true,"href":"https:\/\/uhmwpemanufacture.com\/pt\/wp-json\/wp\/v2\/product_tag?post=1620"}],"curies":[{"name":"wp","href":"https:\/\/api.w.org\/{rel}","templated":true}]}}