{"id":1625,"date":"2025-10-09T02:46:57","date_gmt":"2025-10-09T02:46:57","guid":{"rendered":"https:\/\/uhmwpemanufacture.com\/?post_type=product&#038;p=1625"},"modified":"2025-10-09T02:46:57","modified_gmt":"2025-10-09T02:46:57","slug":"hdpe-polyethylene-borated-board-uhmwpe-sheet-plastic-sheets","status":"publish","type":"product","link":"https:\/\/uhmwpemanufacture.com\/pt\/hdpe-polyethylene-borated-board-uhmwpe-sheet-plastic-sheets\/","title":{"rendered":"Placa boratada de polietileno HDPE Folha de pl\u00e1stico UHMWPE"},"content":{"rendered":"<h2>Placa boratada de polietileno HDPE Folha de pl\u00e1stico UHMWPE<\/h2>\n<p>As placas boratadas de polietileno HDPE e as folhas UHMWPE s\u00e3o concebidas para uma dureza not\u00e1vel, resist\u00eancia ao desgaste e desempenho de prote\u00e7\u00e3o contra radia\u00e7\u00f5es. Infundidas com boro, estas placas oferecem uma excelente absor\u00e7\u00e3o de neutr\u00f5es, o que as torna excelentes para aplica\u00e7\u00f5es nucleares, cl\u00ednicas e de prote\u00e7\u00e3o. A sua reduzida fric\u00e7\u00e3o, elevada resist\u00eancia aos efeitos e seguran\u00e7a qu\u00edmica garantem uma resili\u00eancia duradoura em ambientes severos. F\u00e1ceis de maquinar e fabricar, s\u00e3o adequados para revestimento, blindagem e prote\u00e7\u00e3o estrutural. Oferecidas em densidades e dimens\u00f5es personalizadas, estas folhas de pl\u00e1stico proporcionam um desempenho respeit\u00e1vel com seguran\u00e7a e propriedades mec\u00e2nicas residenciais excepcionais.<\/p>","protected":false},"excerpt":{"rendered":"<p>As placas boratadas de polietileno HDPE e as folhas UHMWPE proporcionam uma excelente resist\u00eancia ao desgaste, for\u00e7a e prote\u00e7\u00e3o contra radia\u00e7\u00f5es. Ideais para utiliza\u00e7\u00e3o m\u00e9dica, nuclear e industrial, oferecem baixa fric\u00e7\u00e3o, desempenho de elevado impacto e estabilidade qu\u00edmica para prote\u00e7\u00e3o a longo prazo.<\/p>","protected":false},"featured_media":1629,"template":"","meta":{"_gspb_post_css":""},"product_brand":[],"product_cat":[15,19],"product_tag":[281,260,56],"class_list":{"0":"post-1625","1":"product","2":"type-product","3":"status-publish","4":"has-post-thumbnail","6":"product_cat-uhmwpe-hdpe-sheets-plates","7":"product_cat-lead-boron-polyethylene-plates","8":"product_tag-borated-polyethylene","9":"product_tag-radiation-shielding","10":"product_tag-uhmwpe-sheet","12":"first","13":"instock","14":"shipping-taxable","15":"product-type-simple"},"_links":{"self":[{"href":"https:\/\/uhmwpemanufacture.com\/pt\/wp-json\/wp\/v2\/product\/1625","targetHints":{"allow":["GET"]}}],"collection":[{"href":"https:\/\/uhmwpemanufacture.com\/pt\/wp-json\/wp\/v2\/product"}],"about":[{"href":"https:\/\/uhmwpemanufacture.com\/pt\/wp-json\/wp\/v2\/types\/product"}],"wp:featuredmedia":[{"embeddable":true,"href":"https:\/\/uhmwpemanufacture.com\/pt\/wp-json\/wp\/v2\/media\/1629"}],"wp:attachment":[{"href":"https:\/\/uhmwpemanufacture.com\/pt\/wp-json\/wp\/v2\/media?parent=1625"}],"wp:term":[{"taxonomy":"product_brand","embeddable":true,"href":"https:\/\/uhmwpemanufacture.com\/pt\/wp-json\/wp\/v2\/product_brand?post=1625"},{"taxonomy":"product_cat","embeddable":true,"href":"https:\/\/uhmwpemanufacture.com\/pt\/wp-json\/wp\/v2\/product_cat?post=1625"},{"taxonomy":"product_tag","embeddable":true,"href":"https:\/\/uhmwpemanufacture.com\/pt\/wp-json\/wp\/v2\/product_tag?post=1625"}],"curies":[{"name":"wp","href":"https:\/\/api.w.org\/{rel}","templated":true}]}}