{"id":1630,"date":"2025-10-09T02:51:32","date_gmt":"2025-10-09T02:51:32","guid":{"rendered":"https:\/\/uhmwpemanufacture.com\/?post_type=product&#038;p=1630"},"modified":"2025-10-09T02:51:32","modified_gmt":"2025-10-09T02:51:32","slug":"high-density-ultra-high-molecular-weight-nylon-plates-dealer","status":"publish","type":"product","link":"https:\/\/uhmwpemanufacture.com\/pt\/high-density-ultra-high-molecular-weight-nylon-plates-dealer\/","title":{"rendered":"Revendedor de placas de nylon de peso molecular ultra-alto de alta densidade"},"content":{"rendered":"<h2>Placas de nylon de peso molecular ultra-alto de alta densidade<\/h2>\n<p>As placas de nylon de peso molecular ultra-elevado de alta densidade s\u00e3o criadas para uma resist\u00eancia mec\u00e2nica superior, resist\u00eancia ao desgaste e longevidade do impacto. Estas placas incorporam a robustez do nylon com o desempenho dos pl\u00e1sticos de design, tornando-as ideais para equipamentos, rolos, casquilhos e pe\u00e7as arquitect\u00f3nicas. Com uma excelente resist\u00eancia qu\u00edmica, propriedades auto-lubrificantes e seguran\u00e7a dimensional, t\u00eam um desempenho fi\u00e1vel sob cargas pesadas e temperaturas elevadas. F\u00e1ceis de montar e dispon\u00edveis em diferentes densidades e cores, estas placas de nylon s\u00e3o amplamente utilizadas em aplica\u00e7\u00f5es industriais, autom\u00f3veis e mec\u00e2nicas para solu\u00e7\u00f5es resistentes e de elevado desempenho.<\/p>","protected":false},"excerpt":{"rendered":"<p>As placas de nylon de elevada densidade e peso molecular ultra-elevado oferecem uma for\u00e7a excecional, resist\u00eancia ao desgaste e durabilidade ao impacto. Ideais para engrenagens, rolos e casquilhos, garantem um desempenho est\u00e1vel e duradouro em aplica\u00e7\u00f5es mec\u00e2nicas e industriais sob cargas pesadas.<\/p>","protected":false},"featured_media":1631,"template":"","meta":{"_gspb_post_css":""},"product_brand":[],"product_cat":[23],"product_tag":[71,105,282],"class_list":{"0":"post-1630","1":"product","2":"type-product","3":"status-publish","4":"has-post-thumbnail","6":"product_cat-nylon-sheets","7":"product_tag-engineering-plastic","8":"product_tag-nylon-plate","9":"product_tag-uhmw-nylon","11":"first","12":"instock","13":"shipping-taxable","14":"product-type-simple"},"_links":{"self":[{"href":"https:\/\/uhmwpemanufacture.com\/pt\/wp-json\/wp\/v2\/product\/1630","targetHints":{"allow":["GET"]}}],"collection":[{"href":"https:\/\/uhmwpemanufacture.com\/pt\/wp-json\/wp\/v2\/product"}],"about":[{"href":"https:\/\/uhmwpemanufacture.com\/pt\/wp-json\/wp\/v2\/types\/product"}],"wp:featuredmedia":[{"embeddable":true,"href":"https:\/\/uhmwpemanufacture.com\/pt\/wp-json\/wp\/v2\/media\/1631"}],"wp:attachment":[{"href":"https:\/\/uhmwpemanufacture.com\/pt\/wp-json\/wp\/v2\/media?parent=1630"}],"wp:term":[{"taxonomy":"product_brand","embeddable":true,"href":"https:\/\/uhmwpemanufacture.com\/pt\/wp-json\/wp\/v2\/product_brand?post=1630"},{"taxonomy":"product_cat","embeddable":true,"href":"https:\/\/uhmwpemanufacture.com\/pt\/wp-json\/wp\/v2\/product_cat?post=1630"},{"taxonomy":"product_tag","embeddable":true,"href":"https:\/\/uhmwpemanufacture.com\/pt\/wp-json\/wp\/v2\/product_tag?post=1630"}],"curies":[{"name":"wp","href":"https:\/\/api.w.org\/{rel}","templated":true}]}}