{"id":1644,"date":"2025-10-09T02:59:16","date_gmt":"2025-10-09T02:59:16","guid":{"rendered":"https:\/\/uhmwpemanufacture.com\/?post_type=product&#038;p=1644"},"modified":"2025-10-09T02:59:16","modified_gmt":"2025-10-09T02:59:16","slug":"wholesale-polyethylene-shock-resistance-uhmwpe-sheet-dealer","status":"publish","type":"product","link":"https:\/\/uhmwpemanufacture.com\/pt\/wholesale-polyethylene-shock-resistance-uhmwpe-sheet-dealer\/","title":{"rendered":"Revendedor grossista de chapas de polietileno resistentes a choques Uhmwpe"},"content":{"rendered":"<h2>Fornecedor grossista de folha de UHMWPE de polietileno resistente a choques<\/h2>\n<p>As folhas de polietileno UHMWPE s\u00e3o fabricadas para uma resist\u00eancia superior ao choque, resili\u00eancia e baixa efici\u00eancia de fric\u00e7\u00e3o. Fabricadas a partir de polietileno de peso molecular ultra-elevado, estas folhas oferecem uma excelente resist\u00eancia ao desgaste, resist\u00eancia \u00e0 influ\u00eancia e estabilidade qu\u00edmica, tornando-as ideais para aplica\u00e7\u00f5es industriais pesadas. Perfeitas para revestimentos, para-choques, componentes de m\u00e1quinas e pain\u00e9is de prote\u00e7\u00e3o, minimizam a fric\u00e7\u00e3o, o ru\u00eddo e o desgaste do equipamento. Imunes \u00e0 humidade, ferrugem e temperaturas severas, as folhas de UHMWPE garantem uma vida \u00fatil longa e uma efici\u00eancia consistente. Dispon\u00edveis em v\u00e1rias dimens\u00f5es e cores para pedidos de produ\u00e7\u00e3o por grosso e personalizados.<\/p>","protected":false},"excerpt":{"rendered":"<p>As folhas de polietileno UHMWPE proporcionam uma excelente resist\u00eancia ao choque, durabilidade ao desgaste e baixa fric\u00e7\u00e3o para utiliza\u00e7\u00e3o industrial. Ideais para revestimentos, para-choques e pe\u00e7as de m\u00e1quinas, resistem ao impacto, \u00e0 humidade e \u00e0 corros\u00e3o, garantindo um desempenho fi\u00e1vel a longo prazo em ambientes exigentes.<\/p>","protected":false},"featured_media":1645,"template":"","meta":{"_gspb_post_css":""},"product_brand":[],"product_cat":[15,17],"product_tag":[283,284,56],"class_list":{"0":"post-1644","1":"product","2":"type-product","3":"status-publish","4":"has-post-thumbnail","6":"product_cat-uhmwpe-hdpe-sheets-plates","7":"product_cat-uhmwpe-sheets","8":"product_tag-polyethylene-plate","9":"product_tag-shock-resistant-plastic","10":"product_tag-uhmwpe-sheet","12":"first","13":"instock","14":"shipping-taxable","15":"product-type-simple"},"_links":{"self":[{"href":"https:\/\/uhmwpemanufacture.com\/pt\/wp-json\/wp\/v2\/product\/1644","targetHints":{"allow":["GET"]}}],"collection":[{"href":"https:\/\/uhmwpemanufacture.com\/pt\/wp-json\/wp\/v2\/product"}],"about":[{"href":"https:\/\/uhmwpemanufacture.com\/pt\/wp-json\/wp\/v2\/types\/product"}],"wp:featuredmedia":[{"embeddable":true,"href":"https:\/\/uhmwpemanufacture.com\/pt\/wp-json\/wp\/v2\/media\/1645"}],"wp:attachment":[{"href":"https:\/\/uhmwpemanufacture.com\/pt\/wp-json\/wp\/v2\/media?parent=1644"}],"wp:term":[{"taxonomy":"product_brand","embeddable":true,"href":"https:\/\/uhmwpemanufacture.com\/pt\/wp-json\/wp\/v2\/product_brand?post=1644"},{"taxonomy":"product_cat","embeddable":true,"href":"https:\/\/uhmwpemanufacture.com\/pt\/wp-json\/wp\/v2\/product_cat?post=1644"},{"taxonomy":"product_tag","embeddable":true,"href":"https:\/\/uhmwpemanufacture.com\/pt\/wp-json\/wp\/v2\/product_tag?post=1644"}],"curies":[{"name":"wp","href":"https:\/\/api.w.org\/{rel}","templated":true}]}}